{"id":7226,"date":"2018-05-22T09:40:53","date_gmt":"2018-05-22T12:40:53","guid":{"rendered":"http:\/\/totallubri.com.br\/?post_type=product&#038;p=7226"},"modified":"2024-12-14T18:43:00","modified_gmt":"2024-12-14T21:43:00","slug":"valvula-de-abastecimento-com-4-vias-2115","status":"publish","type":"product","link":"https:\/\/totallubri.com.br\/?product=valvula-de-abastecimento-com-4-vias-2115","title":{"rendered":"V\u00c1LVULA DE ABASTECIMENTO COM 4 VIAS \u2013 2115-LUPUS"},"content":{"rendered":"<p>V\u00e1lvula de abastecimento 4 vias, 2 posi\u00e7\u00f5es, selos em NBR, corpo em alum\u00ednio anodizado e eixo em a\u00e7o cromado. Indicada para \u00f3leo lubrificante, diesel e fluido anti-congelante. Como possui 2 entradas e 2 sa\u00eddas, com apenas 1 bomba \u00e9 poss\u00edvel realizar a transfer\u00eancia e abastecimento do fluido bombeado.<\/p>\n<p>Press\u00e3o m\u00e1xima: <strong>200 psi<\/strong><br \/>\nConex\u00e3o de entrada: <strong>1&#8243; NPT<\/strong><br \/>\nConex\u00e3o de sa\u00edda: <strong>1&#8243; NPT<\/strong><\/p>\n","protected":false},"excerpt":{"rendered":"<p>V\u00e1lvula de abastecimento 4 vias, 2 posi\u00e7\u00f5es, selos em NBR, corpo em alum\u00ednio anodizado e eixo em a\u00e7o cromado. Indicada para \u00f3leo lubrificante, diesel e fluido anti-congelante. Como possui 2 entradas e 2 sa\u00eddas, com apenas 1 bomba \u00e9 poss\u00edvel realizar a transfer\u00eancia e abastecimento do fluido bombeado. Press\u00e3o m\u00e1xima: 200 psi Conex\u00e3o de entrada: [&hellip;]<\/p>\n","protected":false},"featured_media":7230,"comment_status":"open","ping_status":"closed","template":"","meta":{"_exactmetrics_skip_tracking":false,"_exactmetrics_sitenote_active":false,"_exactmetrics_sitenote_note":"","_exactmetrics_sitenote_category":0},"product_brand":[],"product_cat":[114],"product_tag":[],"class_list":{"0":"post-7226","1":"product","2":"type-product","3":"status-publish","4":"has-post-thumbnail","6":"product_cat-solucoes-para-abastecimento","8":"first","9":"instock","10":"shipping-taxable","11":"product-type-simple"},"_links":{"self":[{"href":"https:\/\/totallubri.com.br\/index.php?rest_route=\/wp\/v2\/product\/7226","targetHints":{"allow":["GET"]}}],"collection":[{"href":"https:\/\/totallubri.com.br\/index.php?rest_route=\/wp\/v2\/product"}],"about":[{"href":"https:\/\/totallubri.com.br\/index.php?rest_route=\/wp\/v2\/types\/product"}],"replies":[{"embeddable":true,"href":"https:\/\/totallubri.com.br\/index.php?rest_route=%2Fwp%2Fv2%2Fcomments&post=7226"}],"wp:featuredmedia":[{"embeddable":true,"href":"https:\/\/totallubri.com.br\/index.php?rest_route=\/wp\/v2\/media\/7230"}],"wp:attachment":[{"href":"https:\/\/totallubri.com.br\/index.php?rest_route=%2Fwp%2Fv2%2Fmedia&parent=7226"}],"wp:term":[{"taxonomy":"product_brand","embeddable":true,"href":"https:\/\/totallubri.com.br\/index.php?rest_route=%2Fwp%2Fv2%2Fproduct_brand&post=7226"},{"taxonomy":"product_cat","embeddable":true,"href":"https:\/\/totallubri.com.br\/index.php?rest_route=%2Fwp%2Fv2%2Fproduct_cat&post=7226"},{"taxonomy":"product_tag","embeddable":true,"href":"https:\/\/totallubri.com.br\/index.php?rest_route=%2Fwp%2Fv2%2Fproduct_tag&post=7226"}],"curies":[{"name":"wp","href":"https:\/\/api.w.org\/{rel}","templated":true}]}}