{"id":7228,"date":"2018-05-22T09:40:51","date_gmt":"2018-05-22T12:40:51","guid":{"rendered":"http:\/\/totallubri.com.br\/?post_type=product&#038;p=7228"},"modified":"2025-04-02T12:55:36","modified_gmt":"2025-04-02T15:55:36","slug":"conector-de-breakaway-8207","status":"publish","type":"product","link":"https:\/\/totallubri.com.br\/?product=conector-de-breakaway-8207","title":{"rendered":"8207-CONECTOR DE BREAKAWAY-8207-LUPUS"},"content":{"rendered":"<p>Utilizado como adaptador, inserido entre a bomba de combust\u00edvel e a v\u00e1lvula breakaway.<\/p>\n<p>&nbsp;<\/p>\n<p>Conex\u00e3o 3\/4&#8243;<\/p>\n","protected":false},"excerpt":{"rendered":"<p>Utilizado como adaptador, inserido entre a bomba de combust\u00edvel e a v\u00e1lvula breakaway. &nbsp; Conex\u00e3o 3\/4&#8243;<\/p>\n","protected":false},"featured_media":7229,"comment_status":"open","ping_status":"closed","template":"","meta":{"_exactmetrics_skip_tracking":false,"_exactmetrics_sitenote_active":false,"_exactmetrics_sitenote_note":"","_exactmetrics_sitenote_category":0},"product_brand":[],"product_cat":[129],"product_tag":[],"class_list":{"0":"post-7228","1":"product","2":"type-product","3":"status-publish","4":"has-post-thumbnail","6":"product_cat-tampa-camlock-para-acoplador-e-adaptador","8":"first","9":"instock","10":"shipping-taxable","11":"product-type-simple"},"_links":{"self":[{"href":"https:\/\/totallubri.com.br\/index.php?rest_route=\/wp\/v2\/product\/7228","targetHints":{"allow":["GET"]}}],"collection":[{"href":"https:\/\/totallubri.com.br\/index.php?rest_route=\/wp\/v2\/product"}],"about":[{"href":"https:\/\/totallubri.com.br\/index.php?rest_route=\/wp\/v2\/types\/product"}],"replies":[{"embeddable":true,"href":"https:\/\/totallubri.com.br\/index.php?rest_route=%2Fwp%2Fv2%2Fcomments&post=7228"}],"wp:featuredmedia":[{"embeddable":true,"href":"https:\/\/totallubri.com.br\/index.php?rest_route=\/wp\/v2\/media\/7229"}],"wp:attachment":[{"href":"https:\/\/totallubri.com.br\/index.php?rest_route=%2Fwp%2Fv2%2Fmedia&parent=7228"}],"wp:term":[{"taxonomy":"product_brand","embeddable":true,"href":"https:\/\/totallubri.com.br\/index.php?rest_route=%2Fwp%2Fv2%2Fproduct_brand&post=7228"},{"taxonomy":"product_cat","embeddable":true,"href":"https:\/\/totallubri.com.br\/index.php?rest_route=%2Fwp%2Fv2%2Fproduct_cat&post=7228"},{"taxonomy":"product_tag","embeddable":true,"href":"https:\/\/totallubri.com.br\/index.php?rest_route=%2Fwp%2Fv2%2Fproduct_tag&post=7228"}],"curies":[{"name":"wp","href":"https:\/\/api.w.org\/{rel}","templated":true}]}}