{"id":7231,"date":"2018-05-22T09:41:21","date_gmt":"2018-05-22T12:41:21","guid":{"rendered":"http:\/\/totallubri.com.br\/?product=conector-de-breakaway-8209"},"modified":"2025-04-29T14:07:08","modified_gmt":"2025-04-29T17:07:08","slug":"conector-de-breakaway-8209","status":"publish","type":"product","link":"https:\/\/totallubri.com.br\/?product=conector-de-breakaway-8209","title":{"rendered":"8209-CONECTOR DE BREAKAWAY-8209-LUPUS"},"content":{"rendered":"<p>Utilizado como adaptador, inserido entre a bomba de combust\u00edvel e a v\u00e1lvula breakaway.<\/p>\n<p>&nbsp;<\/p>\n<p>Conex\u00e3o 1&#8243;<\/p>\n","protected":false},"excerpt":{"rendered":"<p>Utilizado como adaptador, inserido entre a bomba de combust\u00edvel e a v\u00e1lvula breakaway. &nbsp; Conex\u00e3o 1&#8243;<\/p>\n","protected":false},"featured_media":7232,"comment_status":"open","ping_status":"closed","template":"","meta":{"_exactmetrics_skip_tracking":false,"_exactmetrics_sitenote_active":false,"_exactmetrics_sitenote_note":"","_exactmetrics_sitenote_category":0},"product_brand":[],"product_cat":[129],"product_tag":[],"class_list":{"0":"post-7231","1":"product","2":"type-product","3":"status-publish","4":"has-post-thumbnail","6":"product_cat-tampa-camlock-para-acoplador-e-adaptador","8":"first","9":"instock","10":"shipping-taxable","11":"product-type-simple"},"_links":{"self":[{"href":"https:\/\/totallubri.com.br\/index.php?rest_route=\/wp\/v2\/product\/7231","targetHints":{"allow":["GET"]}}],"collection":[{"href":"https:\/\/totallubri.com.br\/index.php?rest_route=\/wp\/v2\/product"}],"about":[{"href":"https:\/\/totallubri.com.br\/index.php?rest_route=\/wp\/v2\/types\/product"}],"replies":[{"embeddable":true,"href":"https:\/\/totallubri.com.br\/index.php?rest_route=%2Fwp%2Fv2%2Fcomments&post=7231"}],"wp:featuredmedia":[{"embeddable":true,"href":"https:\/\/totallubri.com.br\/index.php?rest_route=\/wp\/v2\/media\/7232"}],"wp:attachment":[{"href":"https:\/\/totallubri.com.br\/index.php?rest_route=%2Fwp%2Fv2%2Fmedia&parent=7231"}],"wp:term":[{"taxonomy":"product_brand","embeddable":true,"href":"https:\/\/totallubri.com.br\/index.php?rest_route=%2Fwp%2Fv2%2Fproduct_brand&post=7231"},{"taxonomy":"product_cat","embeddable":true,"href":"https:\/\/totallubri.com.br\/index.php?rest_route=%2Fwp%2Fv2%2Fproduct_cat&post=7231"},{"taxonomy":"product_tag","embeddable":true,"href":"https:\/\/totallubri.com.br\/index.php?rest_route=%2Fwp%2Fv2%2Fproduct_tag&post=7231"}],"curies":[{"name":"wp","href":"https:\/\/api.w.org\/{rel}","templated":true}]}}