{"id":7240,"date":"2018-05-22T09:54:50","date_gmt":"2018-05-22T12:54:50","guid":{"rendered":"http:\/\/totallubri.com.br\/?post_type=product&#038;p=7240"},"modified":"2025-04-29T14:05:47","modified_gmt":"2025-04-29T17:05:47","slug":"valvula-breakaway-reconectavel-2108-r","status":"publish","type":"product","link":"https:\/\/totallubri.com.br\/?product=valvula-breakaway-reconectavel-2108-r","title":{"rendered":"2108-R-V\u00c1LVULA BREAKAWAY RECONECT\u00c1VEL- 2108-R \u2013 LUPUS"},"content":{"rendered":"<p>Em alum\u00ednio, projeto exclusivo de dupla v\u00e1lvula, facilmente reconect\u00e1vel.<\/p>\n<p>Rompimento &#8211; for\u00e7a de tra\u00e7\u00e3o de 1323N<br \/>\nConex\u00e3o &#8211; 3\/4&#8243;\u00a0 NPT<\/p>\n","protected":false},"excerpt":{"rendered":"<p>Em alum\u00ednio, projeto exclusivo de dupla v\u00e1lvula, facilmente reconect\u00e1vel. Rompimento &#8211; for\u00e7a de tra\u00e7\u00e3o de 1323N Conex\u00e3o &#8211; 3\/4&#8243;\u00a0 NPT<\/p>\n","protected":false},"featured_media":7242,"comment_status":"open","ping_status":"closed","template":"","meta":{"_exactmetrics_skip_tracking":false,"_exactmetrics_sitenote_active":false,"_exactmetrics_sitenote_note":"","_exactmetrics_sitenote_category":0},"product_brand":[],"product_cat":[129],"product_tag":[],"class_list":{"0":"post-7240","1":"product","2":"type-product","3":"status-publish","4":"has-post-thumbnail","6":"product_cat-tampa-camlock-para-acoplador-e-adaptador","8":"first","9":"instock","10":"shipping-taxable","11":"product-type-simple"},"_links":{"self":[{"href":"https:\/\/totallubri.com.br\/index.php?rest_route=\/wp\/v2\/product\/7240","targetHints":{"allow":["GET"]}}],"collection":[{"href":"https:\/\/totallubri.com.br\/index.php?rest_route=\/wp\/v2\/product"}],"about":[{"href":"https:\/\/totallubri.com.br\/index.php?rest_route=\/wp\/v2\/types\/product"}],"replies":[{"embeddable":true,"href":"https:\/\/totallubri.com.br\/index.php?rest_route=%2Fwp%2Fv2%2Fcomments&post=7240"}],"wp:featuredmedia":[{"embeddable":true,"href":"https:\/\/totallubri.com.br\/index.php?rest_route=\/wp\/v2\/media\/7242"}],"wp:attachment":[{"href":"https:\/\/totallubri.com.br\/index.php?rest_route=%2Fwp%2Fv2%2Fmedia&parent=7240"}],"wp:term":[{"taxonomy":"product_brand","embeddable":true,"href":"https:\/\/totallubri.com.br\/index.php?rest_route=%2Fwp%2Fv2%2Fproduct_brand&post=7240"},{"taxonomy":"product_cat","embeddable":true,"href":"https:\/\/totallubri.com.br\/index.php?rest_route=%2Fwp%2Fv2%2Fproduct_cat&post=7240"},{"taxonomy":"product_tag","embeddable":true,"href":"https:\/\/totallubri.com.br\/index.php?rest_route=%2Fwp%2Fv2%2Fproduct_tag&post=7240"}],"curies":[{"name":"wp","href":"https:\/\/api.w.org\/{rel}","templated":true}]}}