{"id":7241,"date":"2018-05-22T09:53:08","date_gmt":"2018-05-22T12:53:08","guid":{"rendered":"http:\/\/totallubri.com.br\/?product=capa-de-protecao-1166"},"modified":"2025-01-22T14:57:25","modified_gmt":"2025-01-22T17:57:25","slug":"capa-de-protecao-1166","status":"publish","type":"product","link":"https:\/\/totallubri.com.br\/?product=capa-de-protecao-1166","title":{"rendered":"CAPA DE PROTE\u00c7\u00c3O \u2013 1166 \u2013 LUPUS"},"content":{"rendered":"<p>Em borracha, compat\u00edvel com engate r\u00e1pido. Ideal para controle de contamina\u00e7\u00e3o de flu\u00eddos, evitando ac\u00famulo de poeira e impurezas na entrada do engate r\u00e1pido.<\/p>\n<p>Material: <strong>Borracha &#8211;\u00a0 <\/strong>Adapt\u00e1vel \u00e0 engate r\u00e1pido:\u00a0<strong>3\/4&#8243; ISO A<\/strong><\/p>\n<table width=\"645\">\n<tbody>\n<tr>\n<td width=\"114\">1163<\/td>\n<td width=\"531\">Capa De Protecao Em Polietileno Para Engate Rapido 2Pol<\/td>\n<\/tr>\n<tr>\n<td width=\"114\">1164<\/td>\n<td width=\"531\">Capa De Protecao Emborrachada Para Engate Rapido &#8211; 1-2Pol<\/td>\n<\/tr>\n<tr>\n<td width=\"114\">1165<\/td>\n<td width=\"531\">Capa De Protecao Emborrachada Para Engate Rapido &#8211; 3-8Pol<\/td>\n<\/tr>\n<tr>\n<td width=\"114\">1166<\/td>\n<td width=\"531\">Capa De Protecao Emborrachada Para Engate Rapido &#8211; 3-4Pol<\/td>\n<\/tr>\n<tr>\n<td width=\"114\">1167<\/td>\n<td width=\"531\">Capa De Protecao Emborrachada Para Engate Rapido &#8211; 1Pol<\/td>\n<\/tr>\n<\/tbody>\n<\/table>\n","protected":false},"excerpt":{"rendered":"<p>Em borracha, compat\u00edvel com engate r\u00e1pido. Ideal para controle de contamina\u00e7\u00e3o de flu\u00eddos, evitando ac\u00famulo de poeira e impurezas na entrada do engate r\u00e1pido. Material: Borracha &#8211;\u00a0 Adapt\u00e1vel \u00e0 engate r\u00e1pido:\u00a03\/4&#8243; ISO A 1163 Capa De Protecao Em Polietileno Para Engate Rapido 2Pol 1164 Capa De Protecao Emborrachada Para Engate Rapido &#8211; 1-2Pol 1165 Capa [&hellip;]<\/p>\n","protected":false},"featured_media":7237,"comment_status":"open","ping_status":"closed","template":"","meta":{"_exactmetrics_skip_tracking":false,"_exactmetrics_sitenote_active":false,"_exactmetrics_sitenote_note":"","_exactmetrics_sitenote_category":0},"product_brand":[],"product_cat":[58],"product_tag":[],"class_list":{"0":"post-7241","1":"product","2":"type-product","3":"status-publish","4":"has-post-thumbnail","6":"product_cat-linha-industrial","8":"first","9":"instock","10":"shipping-taxable","11":"product-type-simple"},"_links":{"self":[{"href":"https:\/\/totallubri.com.br\/index.php?rest_route=\/wp\/v2\/product\/7241","targetHints":{"allow":["GET"]}}],"collection":[{"href":"https:\/\/totallubri.com.br\/index.php?rest_route=\/wp\/v2\/product"}],"about":[{"href":"https:\/\/totallubri.com.br\/index.php?rest_route=\/wp\/v2\/types\/product"}],"replies":[{"embeddable":true,"href":"https:\/\/totallubri.com.br\/index.php?rest_route=%2Fwp%2Fv2%2Fcomments&post=7241"}],"wp:featuredmedia":[{"embeddable":true,"href":"https:\/\/totallubri.com.br\/index.php?rest_route=\/wp\/v2\/media\/7237"}],"wp:attachment":[{"href":"https:\/\/totallubri.com.br\/index.php?rest_route=%2Fwp%2Fv2%2Fmedia&parent=7241"}],"wp:term":[{"taxonomy":"product_brand","embeddable":true,"href":"https:\/\/totallubri.com.br\/index.php?rest_route=%2Fwp%2Fv2%2Fproduct_brand&post=7241"},{"taxonomy":"product_cat","embeddable":true,"href":"https:\/\/totallubri.com.br\/index.php?rest_route=%2Fwp%2Fv2%2Fproduct_cat&post=7241"},{"taxonomy":"product_tag","embeddable":true,"href":"https:\/\/totallubri.com.br\/index.php?rest_route=%2Fwp%2Fv2%2Fproduct_tag&post=7241"}],"curies":[{"name":"wp","href":"https:\/\/api.w.org\/{rel}","templated":true}]}}