{"id":7247,"date":"2018-05-22T09:58:37","date_gmt":"2018-05-22T12:58:37","guid":{"rendered":"http:\/\/totallubri.com.br\/?product=valvula-breakaway-opw-reconectavel-br-66rb2000"},"modified":"2025-04-29T14:02:37","modified_gmt":"2025-04-29T17:02:37","slug":"valvula-breakaway-opw-reconectavel-br-66rb2000","status":"publish","type":"product","link":"https:\/\/totallubri.com.br\/?product=valvula-breakaway-opw-reconectavel-br-66rb2000","title":{"rendered":"V\u00c1LVULA BREAKAWAY OPW RECONECT\u00c1VEL- BR-66RB2000-TOT-LUB"},"content":{"rendered":"<p>Em alum\u00ednio, projeto exclusivo de dupla v\u00e1lvula, facilmente reconect\u00e1vel.<\/p>\n<p>Rompimento &#8211; for\u00e7a de tra\u00e7\u00e3o de 1548N<br \/>\nConex\u00e3o &#8211; 1&#8243;\u00a0 NPT<\/p>\n","protected":false},"excerpt":{"rendered":"<p>Em alum\u00ednio, projeto exclusivo de dupla v\u00e1lvula, facilmente reconect\u00e1vel. Rompimento &#8211; for\u00e7a de tra\u00e7\u00e3o de 1548N Conex\u00e3o &#8211; 1&#8243;\u00a0 NPT<\/p>\n","protected":false},"featured_media":7248,"comment_status":"open","ping_status":"closed","template":"","meta":{"_exactmetrics_skip_tracking":false,"_exactmetrics_sitenote_active":false,"_exactmetrics_sitenote_note":"","_exactmetrics_sitenote_category":0},"product_brand":[],"product_cat":[129],"product_tag":[],"class_list":{"0":"post-7247","1":"product","2":"type-product","3":"status-publish","4":"has-post-thumbnail","6":"product_cat-tampa-camlock-para-acoplador-e-adaptador","8":"first","9":"instock","10":"shipping-taxable","11":"product-type-simple"},"_links":{"self":[{"href":"https:\/\/totallubri.com.br\/index.php?rest_route=\/wp\/v2\/product\/7247","targetHints":{"allow":["GET"]}}],"collection":[{"href":"https:\/\/totallubri.com.br\/index.php?rest_route=\/wp\/v2\/product"}],"about":[{"href":"https:\/\/totallubri.com.br\/index.php?rest_route=\/wp\/v2\/types\/product"}],"replies":[{"embeddable":true,"href":"https:\/\/totallubri.com.br\/index.php?rest_route=%2Fwp%2Fv2%2Fcomments&post=7247"}],"wp:featuredmedia":[{"embeddable":true,"href":"https:\/\/totallubri.com.br\/index.php?rest_route=\/wp\/v2\/media\/7248"}],"wp:attachment":[{"href":"https:\/\/totallubri.com.br\/index.php?rest_route=%2Fwp%2Fv2%2Fmedia&parent=7247"}],"wp:term":[{"taxonomy":"product_brand","embeddable":true,"href":"https:\/\/totallubri.com.br\/index.php?rest_route=%2Fwp%2Fv2%2Fproduct_brand&post=7247"},{"taxonomy":"product_cat","embeddable":true,"href":"https:\/\/totallubri.com.br\/index.php?rest_route=%2Fwp%2Fv2%2Fproduct_cat&post=7247"},{"taxonomy":"product_tag","embeddable":true,"href":"https:\/\/totallubri.com.br\/index.php?rest_route=%2Fwp%2Fv2%2Fproduct_tag&post=7247"}],"curies":[{"name":"wp","href":"https:\/\/api.w.org\/{rel}","templated":true}]}}