{"id":7251,"date":"2018-05-22T10:02:18","date_gmt":"2018-05-22T13:02:18","guid":{"rendered":"http:\/\/totallubri.com.br\/?product=capa-de-protecao-1169"},"modified":"2025-01-22T15:05:51","modified_gmt":"2025-01-22T18:05:51","slug":"capa-de-protecao-1169","status":"publish","type":"product","link":"https:\/\/totallubri.com.br\/?product=capa-de-protecao-1169","title":{"rendered":"CAPA DE PROTE\u00c7\u00c3O \u2013 1169 -LUPUS"},"content":{"rendered":"<p>Em borracha, compat\u00edvel com conector de engate r\u00e1pido padr\u00e3o ISO A. Ideal para controle de contamina\u00e7\u00e3o de flu\u00eddos, evitando ac\u00famulo de poeira e impurezas na entrada do engate r\u00e1pido.<\/p>\n<p>Material: <strong>Borracha &#8211; <\/strong>Adapt\u00e1vel \u00e0 engate r\u00e1pido:\u00a0<strong>3\/8&#8243; ISO A<\/strong><\/p>\n<table width=\"645\">\n<tbody>\n<tr>\n<td width=\"114\">1168<\/td>\n<td width=\"531\">Capa De Protecao Emborrachada Para Conector De Engate Rapido &#8211; 1-2Pol<\/td>\n<\/tr>\n<tr>\n<td width=\"114\">1169<\/td>\n<td width=\"531\">Capa De Protecao Emborrachada Para Conector De Engate Rapido &#8211; 3-8Pol<\/td>\n<\/tr>\n<tr>\n<td width=\"114\">1170<\/td>\n<td width=\"531\">Capa De Protecao Emborrachada Para Conector De Engate Rapido &#8211; 3-4Pol<\/td>\n<\/tr>\n<tr>\n<td width=\"114\">1171<\/td>\n<td width=\"531\">Capa De Protecao Emborrachada Para Conector De Engate Rapido &#8211; 1Pol<\/td>\n<\/tr>\n<\/tbody>\n<\/table>\n","protected":false},"excerpt":{"rendered":"<p>Em borracha, compat\u00edvel com conector de engate r\u00e1pido padr\u00e3o ISO A. Ideal para controle de contamina\u00e7\u00e3o de flu\u00eddos, evitando ac\u00famulo de poeira e impurezas na entrada do engate r\u00e1pido. Material: Borracha &#8211; Adapt\u00e1vel \u00e0 engate r\u00e1pido:\u00a03\/8&#8243; ISO A 1168 Capa De Protecao Emborrachada Para Conector De Engate Rapido &#8211; 1-2Pol 1169 Capa De Protecao Emborrachada [&hellip;]<\/p>\n","protected":false},"featured_media":7249,"comment_status":"open","ping_status":"closed","template":"","meta":{"_exactmetrics_skip_tracking":false,"_exactmetrics_sitenote_active":false,"_exactmetrics_sitenote_note":"","_exactmetrics_sitenote_category":0},"product_brand":[],"product_cat":[58],"product_tag":[],"class_list":{"0":"post-7251","1":"product","2":"type-product","3":"status-publish","4":"has-post-thumbnail","6":"product_cat-linha-industrial","8":"first","9":"instock","10":"shipping-taxable","11":"product-type-simple"},"_links":{"self":[{"href":"https:\/\/totallubri.com.br\/index.php?rest_route=\/wp\/v2\/product\/7251","targetHints":{"allow":["GET"]}}],"collection":[{"href":"https:\/\/totallubri.com.br\/index.php?rest_route=\/wp\/v2\/product"}],"about":[{"href":"https:\/\/totallubri.com.br\/index.php?rest_route=\/wp\/v2\/types\/product"}],"replies":[{"embeddable":true,"href":"https:\/\/totallubri.com.br\/index.php?rest_route=%2Fwp%2Fv2%2Fcomments&post=7251"}],"wp:featuredmedia":[{"embeddable":true,"href":"https:\/\/totallubri.com.br\/index.php?rest_route=\/wp\/v2\/media\/7249"}],"wp:attachment":[{"href":"https:\/\/totallubri.com.br\/index.php?rest_route=%2Fwp%2Fv2%2Fmedia&parent=7251"}],"wp:term":[{"taxonomy":"product_brand","embeddable":true,"href":"https:\/\/totallubri.com.br\/index.php?rest_route=%2Fwp%2Fv2%2Fproduct_brand&post=7251"},{"taxonomy":"product_cat","embeddable":true,"href":"https:\/\/totallubri.com.br\/index.php?rest_route=%2Fwp%2Fv2%2Fproduct_cat&post=7251"},{"taxonomy":"product_tag","embeddable":true,"href":"https:\/\/totallubri.com.br\/index.php?rest_route=%2Fwp%2Fv2%2Fproduct_tag&post=7251"}],"curies":[{"name":"wp","href":"https:\/\/api.w.org\/{rel}","templated":true}]}}