{"id":7253,"date":"2018-05-22T10:04:58","date_gmt":"2018-05-22T13:04:58","guid":{"rendered":"http:\/\/totallubri.com.br\/?product=valvula-breakaway-opw-br-66v0300"},"modified":"2025-04-29T13:57:53","modified_gmt":"2025-04-29T16:57:53","slug":"valvula-breakaway-opw-br-66v0300","status":"publish","type":"product","link":"https:\/\/totallubri.com.br\/?product=valvula-breakaway-opw-br-66v0300","title":{"rendered":"V\u00c1LVULA BREAKAWAY OPW-BR-66V0300-TOT-LUB"},"content":{"rendered":"<p>Em alum\u00ednio, dispositivo indicado para evitar em caso de tra\u00e7\u00e3o brusca na mangueira, conex\u00f5es, ou bico, o derramamento de combust\u00edvel no solo.A v\u00e1lvula Breakaway interrompe o fluxo de combust\u00edvel em ambos os lados da v\u00e1lvula, em caso de rompimento.<\/p>\n<p>Rompimento &#8211; for\u00e7a de tra\u00e7\u00e3o 1323N<br \/>\nEntrada e Sa\u00edda &#8211; 3\/4&#8243; NPT<\/p>\n","protected":false},"excerpt":{"rendered":"<p>Em alum\u00ednio, dispositivo indicado para evitar em caso de tra\u00e7\u00e3o brusca na mangueira, conex\u00f5es, ou bico, o derramamento de combust\u00edvel no solo.A v\u00e1lvula Breakaway interrompe o fluxo de combust\u00edvel em ambos os lados da v\u00e1lvula, em caso de rompimento. Rompimento &#8211; for\u00e7a de tra\u00e7\u00e3o 1323N Entrada e Sa\u00edda &#8211; 3\/4&#8243; NPT<\/p>\n","protected":false},"featured_media":7255,"comment_status":"open","ping_status":"closed","template":"","meta":{"_exactmetrics_skip_tracking":false,"_exactmetrics_sitenote_active":false,"_exactmetrics_sitenote_note":"","_exactmetrics_sitenote_category":0},"product_brand":[],"product_cat":[129],"product_tag":[],"class_list":{"0":"post-7253","1":"product","2":"type-product","3":"status-publish","4":"has-post-thumbnail","6":"product_cat-tampa-camlock-para-acoplador-e-adaptador","8":"first","9":"instock","10":"shipping-taxable","11":"product-type-simple"},"_links":{"self":[{"href":"https:\/\/totallubri.com.br\/index.php?rest_route=\/wp\/v2\/product\/7253","targetHints":{"allow":["GET"]}}],"collection":[{"href":"https:\/\/totallubri.com.br\/index.php?rest_route=\/wp\/v2\/product"}],"about":[{"href":"https:\/\/totallubri.com.br\/index.php?rest_route=\/wp\/v2\/types\/product"}],"replies":[{"embeddable":true,"href":"https:\/\/totallubri.com.br\/index.php?rest_route=%2Fwp%2Fv2%2Fcomments&post=7253"}],"wp:featuredmedia":[{"embeddable":true,"href":"https:\/\/totallubri.com.br\/index.php?rest_route=\/wp\/v2\/media\/7255"}],"wp:attachment":[{"href":"https:\/\/totallubri.com.br\/index.php?rest_route=%2Fwp%2Fv2%2Fmedia&parent=7253"}],"wp:term":[{"taxonomy":"product_brand","embeddable":true,"href":"https:\/\/totallubri.com.br\/index.php?rest_route=%2Fwp%2Fv2%2Fproduct_brand&post=7253"},{"taxonomy":"product_cat","embeddable":true,"href":"https:\/\/totallubri.com.br\/index.php?rest_route=%2Fwp%2Fv2%2Fproduct_cat&post=7253"},{"taxonomy":"product_tag","embeddable":true,"href":"https:\/\/totallubri.com.br\/index.php?rest_route=%2Fwp%2Fv2%2Fproduct_tag&post=7253"}],"curies":[{"name":"wp","href":"https:\/\/api.w.org\/{rel}","templated":true}]}}