{"id":7257,"date":"2018-05-22T10:15:31","date_gmt":"2018-05-22T13:15:31","guid":{"rendered":"http:\/\/totallubri.com.br\/?post_type=product&#038;p=7257"},"modified":"2025-04-29T13:59:21","modified_gmt":"2025-04-29T16:59:21","slug":"valvula-breakaway-opw-reconectavel-para-recuperacao-de-vapores-66cas","status":"publish","type":"product","link":"https:\/\/totallubri.com.br\/?product=valvula-breakaway-opw-reconectavel-para-recuperacao-de-vapores-66cas","title":{"rendered":"V\u00c1LVULA BREAKAWAY OPW RECONECT\u00c1VEL P\/RECUPERA\u00c7\u00c3O DE VAPORES- 66CAS-LUPUS"},"content":{"rendered":"<p>Corpo em alum\u00ednio, selos em viton, e guias em acetal.Projeto exclusivo de dupla v\u00e1lvula, Facilmente reconect\u00e1vel, proporciona o fechamento do l\u00edquido e vapor, em caso de rompimento da v\u00e1lvula. Compat\u00edvel com todos os sistemas de recupera\u00e7\u00e3o de vapor.<\/p>\n<p>Rompimento For\u00e7a de tra\u00e7\u00e3o de 1334N<br \/>\nConex\u00e3o M34 x 1,5<\/p>\n<p>&nbsp;<\/p>\n","protected":false},"excerpt":{"rendered":"<p>Corpo em alum\u00ednio, selos em viton, e guias em acetal.Projeto exclusivo de dupla v\u00e1lvula, Facilmente reconect\u00e1vel, proporciona o fechamento do l\u00edquido e vapor, em caso de rompimento da v\u00e1lvula. Compat\u00edvel com todos os sistemas de recupera\u00e7\u00e3o de vapor. Rompimento For\u00e7a de tra\u00e7\u00e3o de 1334N Conex\u00e3o M34 x 1,5 &nbsp;<\/p>\n","protected":false},"featured_media":7260,"comment_status":"open","ping_status":"closed","template":"","meta":{"_exactmetrics_skip_tracking":false,"_exactmetrics_sitenote_active":false,"_exactmetrics_sitenote_note":"","_exactmetrics_sitenote_category":0},"product_brand":[],"product_cat":[129],"product_tag":[],"class_list":{"0":"post-7257","1":"product","2":"type-product","3":"status-publish","4":"has-post-thumbnail","6":"product_cat-tampa-camlock-para-acoplador-e-adaptador","8":"first","9":"instock","10":"shipping-taxable","11":"product-type-simple"},"_links":{"self":[{"href":"https:\/\/totallubri.com.br\/index.php?rest_route=\/wp\/v2\/product\/7257","targetHints":{"allow":["GET"]}}],"collection":[{"href":"https:\/\/totallubri.com.br\/index.php?rest_route=\/wp\/v2\/product"}],"about":[{"href":"https:\/\/totallubri.com.br\/index.php?rest_route=\/wp\/v2\/types\/product"}],"replies":[{"embeddable":true,"href":"https:\/\/totallubri.com.br\/index.php?rest_route=%2Fwp%2Fv2%2Fcomments&post=7257"}],"wp:featuredmedia":[{"embeddable":true,"href":"https:\/\/totallubri.com.br\/index.php?rest_route=\/wp\/v2\/media\/7260"}],"wp:attachment":[{"href":"https:\/\/totallubri.com.br\/index.php?rest_route=%2Fwp%2Fv2%2Fmedia&parent=7257"}],"wp:term":[{"taxonomy":"product_brand","embeddable":true,"href":"https:\/\/totallubri.com.br\/index.php?rest_route=%2Fwp%2Fv2%2Fproduct_brand&post=7257"},{"taxonomy":"product_cat","embeddable":true,"href":"https:\/\/totallubri.com.br\/index.php?rest_route=%2Fwp%2Fv2%2Fproduct_cat&post=7257"},{"taxonomy":"product_tag","embeddable":true,"href":"https:\/\/totallubri.com.br\/index.php?rest_route=%2Fwp%2Fv2%2Fproduct_tag&post=7257"}],"curies":[{"name":"wp","href":"https:\/\/api.w.org\/{rel}","templated":true}]}}