{"id":7270,"date":"2018-05-22T10:27:01","date_gmt":"2018-05-22T13:27:01","guid":{"rendered":"http:\/\/totallubri.com.br\/?product=modulo-para-abastecimento-opw2100-cc01"},"modified":"2025-03-31T14:11:33","modified_gmt":"2025-03-31T17:11:33","slug":"modulo-para-abastecimento-opw2100-cc01","status":"publish","type":"product","link":"https:\/\/totallubri.com.br\/?product=modulo-para-abastecimento-opw2100-cc01","title":{"rendered":"M\u00d3DULO PARA ABASTECIMENTO- OPW2100-CC01-TOT-LUB"},"content":{"rendered":"<p>Mangueira lisa, montada com terminais em alum\u00ednio fixo e girat\u00f3rio de 3\/4&#8243;, com trama de a\u00e7o e bico de abastecimento OPW autom\u00e1tico. Homologada pela Portaria INMETRO\/DIMEL N 459 de 03\/12\/2009.<\/p>\n<p>&nbsp;<\/p>\n<p>Vaz\u00e3o livre\u00a0 75 L\/min<br \/>\nPonteira &#8211;\u00a0 1\/2&#8243;<br \/>\nPress\u00e3o m\u00e1xima de trabalho 50 psi<br \/>\nComprimento 5 M<br \/>\nTerminais\u00a0 3\/4&#8243; fixo e 3\/4&#8243; girat\u00f3rio<\/p>\n<p>&nbsp;<\/p>\n","protected":false},"excerpt":{"rendered":"<p>Mangueira lisa, montada com terminais em alum\u00ednio fixo e girat\u00f3rio de 3\/4&#8243;, com trama de a\u00e7o e bico de abastecimento OPW autom\u00e1tico. Homologada pela Portaria INMETRO\/DIMEL N 459 de 03\/12\/2009. &nbsp; Vaz\u00e3o livre\u00a0 75 L\/min Ponteira &#8211;\u00a0 1\/2&#8243; Press\u00e3o m\u00e1xima de trabalho 50 psi Comprimento 5 M Terminais\u00a0 3\/4&#8243; fixo e 3\/4&#8243; girat\u00f3rio &nbsp;<\/p>\n","protected":false},"featured_media":7272,"comment_status":"open","ping_status":"closed","template":"","meta":{"_exactmetrics_skip_tracking":false,"_exactmetrics_sitenote_active":false,"_exactmetrics_sitenote_note":"","_exactmetrics_sitenote_category":0},"product_brand":[],"product_cat":[103],"product_tag":[],"class_list":{"0":"post-7270","1":"product","2":"type-product","3":"status-publish","4":"has-post-thumbnail","6":"product_cat-modulo-para-abastecimento","8":"first","9":"instock","10":"shipping-taxable","11":"product-type-simple"},"_links":{"self":[{"href":"https:\/\/totallubri.com.br\/index.php?rest_route=\/wp\/v2\/product\/7270","targetHints":{"allow":["GET"]}}],"collection":[{"href":"https:\/\/totallubri.com.br\/index.php?rest_route=\/wp\/v2\/product"}],"about":[{"href":"https:\/\/totallubri.com.br\/index.php?rest_route=\/wp\/v2\/types\/product"}],"replies":[{"embeddable":true,"href":"https:\/\/totallubri.com.br\/index.php?rest_route=%2Fwp%2Fv2%2Fcomments&post=7270"}],"wp:featuredmedia":[{"embeddable":true,"href":"https:\/\/totallubri.com.br\/index.php?rest_route=\/wp\/v2\/media\/7272"}],"wp:attachment":[{"href":"https:\/\/totallubri.com.br\/index.php?rest_route=%2Fwp%2Fv2%2Fmedia&parent=7270"}],"wp:term":[{"taxonomy":"product_brand","embeddable":true,"href":"https:\/\/totallubri.com.br\/index.php?rest_route=%2Fwp%2Fv2%2Fproduct_brand&post=7270"},{"taxonomy":"product_cat","embeddable":true,"href":"https:\/\/totallubri.com.br\/index.php?rest_route=%2Fwp%2Fv2%2Fproduct_cat&post=7270"},{"taxonomy":"product_tag","embeddable":true,"href":"https:\/\/totallubri.com.br\/index.php?rest_route=%2Fwp%2Fv2%2Fproduct_tag&post=7270"}],"curies":[{"name":"wp","href":"https:\/\/api.w.org\/{rel}","templated":true}]}}