{"id":7273,"date":"2018-05-22T10:33:17","date_gmt":"2018-05-22T13:33:17","guid":{"rendered":"http:\/\/totallubri.com.br\/?post_type=product&#038;p=7273"},"modified":"2024-11-30T15:30:27","modified_gmt":"2024-11-30T18:30:27","slug":"mangueira-para-abastecimento-com-recuperacao-de-vapores-2100-orv","status":"publish","type":"product","link":"https:\/\/totallubri.com.br\/?product=mangueira-para-abastecimento-com-recuperacao-de-vapores-2100-orv","title":{"rendered":"MANGUEIRA PARA ABASTECIMENTO COM RECUPERA\u00c7\u00c3O DE VAPORES- 2100-ORV-LUPUS"},"content":{"rendered":"<p>Em borracha sint\u00e9tica nitr\u00edlica, com cobertura termopl\u00e1stica, revestida com trama de nylon e a\u00e7o. Possui exclusivo sistema de tubo interno, para recupera\u00e7\u00e3o de vapores do bico de abastecimento.Proporciona alta resistencia e boa fluidez.<\/p>\n<p>&nbsp;<\/p>\n<p>Conex\u00e3o de entrada e sa\u00edda\u00a0 M34 X 1,5<br \/>\nComprimento &#8211;\u00a0 5 M<\/p>\n","protected":false},"excerpt":{"rendered":"<p>Em borracha sint\u00e9tica nitr\u00edlica, com cobertura termopl\u00e1stica, revestida com trama de nylon e a\u00e7o. Possui exclusivo sistema de tubo interno, para recupera\u00e7\u00e3o de vapores do bico de abastecimento.Proporciona alta resistencia e boa fluidez. &nbsp; Conex\u00e3o de entrada e sa\u00edda\u00a0 M34 X 1,5 Comprimento &#8211;\u00a0 5 M<\/p>\n","protected":false},"featured_media":7277,"comment_status":"open","ping_status":"closed","template":"","meta":{"_exactmetrics_skip_tracking":false,"_exactmetrics_sitenote_active":false,"_exactmetrics_sitenote_note":"","_exactmetrics_sitenote_category":0},"product_brand":[],"product_cat":[97],"product_tag":[],"class_list":{"0":"post-7273","1":"product","2":"type-product","3":"status-publish","4":"has-post-thumbnail","6":"product_cat-mangueiras-terminais-e-acessorios-para-mangueiras","8":"first","9":"instock","10":"shipping-taxable","11":"product-type-simple"},"_links":{"self":[{"href":"https:\/\/totallubri.com.br\/index.php?rest_route=\/wp\/v2\/product\/7273","targetHints":{"allow":["GET"]}}],"collection":[{"href":"https:\/\/totallubri.com.br\/index.php?rest_route=\/wp\/v2\/product"}],"about":[{"href":"https:\/\/totallubri.com.br\/index.php?rest_route=\/wp\/v2\/types\/product"}],"replies":[{"embeddable":true,"href":"https:\/\/totallubri.com.br\/index.php?rest_route=%2Fwp%2Fv2%2Fcomments&post=7273"}],"wp:featuredmedia":[{"embeddable":true,"href":"https:\/\/totallubri.com.br\/index.php?rest_route=\/wp\/v2\/media\/7277"}],"wp:attachment":[{"href":"https:\/\/totallubri.com.br\/index.php?rest_route=%2Fwp%2Fv2%2Fmedia&parent=7273"}],"wp:term":[{"taxonomy":"product_brand","embeddable":true,"href":"https:\/\/totallubri.com.br\/index.php?rest_route=%2Fwp%2Fv2%2Fproduct_brand&post=7273"},{"taxonomy":"product_cat","embeddable":true,"href":"https:\/\/totallubri.com.br\/index.php?rest_route=%2Fwp%2Fv2%2Fproduct_cat&post=7273"},{"taxonomy":"product_tag","embeddable":true,"href":"https:\/\/totallubri.com.br\/index.php?rest_route=%2Fwp%2Fv2%2Fproduct_tag&post=7273"}],"curies":[{"name":"wp","href":"https:\/\/api.w.org\/{rel}","templated":true}]}}