{"id":7285,"date":"2018-05-22T11:22:21","date_gmt":"2018-05-22T14:22:21","guid":{"rendered":"http:\/\/totallubri.com.br\/?post_type=product&#038;p=7285"},"modified":"2025-02-26T15:47:33","modified_gmt":"2025-02-26T18:47:33","slug":"bico-manual-2400-be","status":"publish","type":"product","link":"https:\/\/totallubri.com.br\/?product=bico-manual-2400-be","title":{"rendered":"BICO MANUAL- 2400-BE \u2013 LUPUS"},"content":{"rendered":"<p>Em alum\u00ednio;<\/p>\n<h2>Descri\u00e7\u00e3o<\/h2>\n<p>Bico manual em alum\u00ednio.<\/p>\n<p>Peso: 2 kg<\/p>\n<p>Medidas: (A) 250 mm x (L) 160 mm<\/p>\n<p>+ DETALHES SOBRE ESTE PRODUTO:<\/p>\n<p>Vaz\u00e3o livre: 400L\/min<br \/>\nPonteira: 1.5\/8&#8243;<br \/>\nConex\u00e3o de entrada\u00a0 \u00a02&#8243; NPT<br \/>\nPress\u00e3o m\u00e1xima de trabalho\u00a0 70 PSI<\/p>\n<p>&nbsp;<\/p>\n","protected":false},"excerpt":{"rendered":"<p>Em alum\u00ednio; Descri\u00e7\u00e3o Bico manual em alum\u00ednio. Peso: 2 kg Medidas: (A) 250 mm x (L) 160 mm + DETALHES SOBRE ESTE PRODUTO: Vaz\u00e3o livre: 400L\/min Ponteira: 1.5\/8&#8243; Conex\u00e3o de entrada\u00a0 \u00a02&#8243; NPT Press\u00e3o m\u00e1xima de trabalho\u00a0 70 PSI &nbsp;<\/p>\n","protected":false},"featured_media":7288,"comment_status":"open","ping_status":"closed","template":"","meta":{"_exactmetrics_skip_tracking":false,"_exactmetrics_sitenote_active":false,"_exactmetrics_sitenote_note":"","_exactmetrics_sitenote_category":0},"product_brand":[],"product_cat":[106],"product_tag":[],"class_list":{"0":"post-7285","1":"product","2":"type-product","3":"status-publish","4":"has-post-thumbnail","6":"product_cat-bico-de-abastecimento-para-combustiveis","8":"first","9":"instock","10":"shipping-taxable","11":"product-type-simple"},"_links":{"self":[{"href":"https:\/\/totallubri.com.br\/index.php?rest_route=\/wp\/v2\/product\/7285","targetHints":{"allow":["GET"]}}],"collection":[{"href":"https:\/\/totallubri.com.br\/index.php?rest_route=\/wp\/v2\/product"}],"about":[{"href":"https:\/\/totallubri.com.br\/index.php?rest_route=\/wp\/v2\/types\/product"}],"replies":[{"embeddable":true,"href":"https:\/\/totallubri.com.br\/index.php?rest_route=%2Fwp%2Fv2%2Fcomments&post=7285"}],"wp:featuredmedia":[{"embeddable":true,"href":"https:\/\/totallubri.com.br\/index.php?rest_route=\/wp\/v2\/media\/7288"}],"wp:attachment":[{"href":"https:\/\/totallubri.com.br\/index.php?rest_route=%2Fwp%2Fv2%2Fmedia&parent=7285"}],"wp:term":[{"taxonomy":"product_brand","embeddable":true,"href":"https:\/\/totallubri.com.br\/index.php?rest_route=%2Fwp%2Fv2%2Fproduct_brand&post=7285"},{"taxonomy":"product_cat","embeddable":true,"href":"https:\/\/totallubri.com.br\/index.php?rest_route=%2Fwp%2Fv2%2Fproduct_cat&post=7285"},{"taxonomy":"product_tag","embeddable":true,"href":"https:\/\/totallubri.com.br\/index.php?rest_route=%2Fwp%2Fv2%2Fproduct_tag&post=7285"}],"curies":[{"name":"wp","href":"https:\/\/api.w.org\/{rel}","templated":true}]}}