{"id":7299,"date":"2018-05-22T11:45:10","date_gmt":"2018-05-22T14:45:10","guid":{"rendered":"http:\/\/totallubri.com.br\/?post_type=product&#038;p=7299"},"modified":"2024-12-02T13:22:22","modified_gmt":"2024-12-02T16:22:22","slug":"reservatorio-ibc-a-prova-de-explosao-9300-contex","status":"publish","type":"product","link":"https:\/\/totallubri.com.br\/?product=reservatorio-ibc-a-prova-de-explosao-9300-contex","title":{"rendered":"RESERVAT\u00d3RIO IBC \u00c1 PROVA DE EXPLOS\u00c3O- 9300-CONTEX-LUPUS"},"content":{"rendered":"<p>Em polietileno e porta-palete em a\u00e7o galvanizado, com gradua\u00e7\u00e3o e tampa roscada.Adequado para o uso em zonas EX 1 e 2.Possui v\u00e1lvula de descarga aterrada(Interligada a estrutura de prote\u00e7\u00e3o do IBC), que descarrega a carga eletrost\u00e1tica dos produtos envasados.<\/p>\n<p>&nbsp;<\/p>\n<p>Material\u00a0 polietileno<br \/>\nTampa &#8211; 6&#8243;<br \/>\nConex\u00e3o de sa\u00edda\u00a0 com v\u00e1lvula e conex\u00e3o 2&#8243;<br \/>\nCapacidade 1000 Lts<\/p>\n","protected":false},"excerpt":{"rendered":"<p>Em polietileno e porta-palete em a\u00e7o galvanizado, com gradua\u00e7\u00e3o e tampa roscada.Adequado para o uso em zonas EX 1 e 2.Possui v\u00e1lvula de descarga aterrada(Interligada a estrutura de prote\u00e7\u00e3o do IBC), que descarrega a carga eletrost\u00e1tica dos produtos envasados. &nbsp; Material\u00a0 polietileno Tampa &#8211; 6&#8243; Conex\u00e3o de sa\u00edda\u00a0 com v\u00e1lvula e conex\u00e3o 2&#8243; Capacidade 1000 [&hellip;]<\/p>\n","protected":false},"featured_media":7301,"comment_status":"open","ping_status":"closed","template":"","meta":{"_exactmetrics_skip_tracking":false,"_exactmetrics_sitenote_active":false,"_exactmetrics_sitenote_note":"","_exactmetrics_sitenote_category":0},"product_brand":[],"product_cat":[113],"product_tag":[],"class_list":{"0":"post-7299","1":"product","2":"type-product","3":"status-publish","4":"has-post-thumbnail","6":"product_cat-reservatorio-ibc-e-sistema-de-armazenamento","8":"first","9":"instock","10":"shipping-taxable","11":"product-type-simple"},"_links":{"self":[{"href":"https:\/\/totallubri.com.br\/index.php?rest_route=\/wp\/v2\/product\/7299","targetHints":{"allow":["GET"]}}],"collection":[{"href":"https:\/\/totallubri.com.br\/index.php?rest_route=\/wp\/v2\/product"}],"about":[{"href":"https:\/\/totallubri.com.br\/index.php?rest_route=\/wp\/v2\/types\/product"}],"replies":[{"embeddable":true,"href":"https:\/\/totallubri.com.br\/index.php?rest_route=%2Fwp%2Fv2%2Fcomments&post=7299"}],"wp:featuredmedia":[{"embeddable":true,"href":"https:\/\/totallubri.com.br\/index.php?rest_route=\/wp\/v2\/media\/7301"}],"wp:attachment":[{"href":"https:\/\/totallubri.com.br\/index.php?rest_route=%2Fwp%2Fv2%2Fmedia&parent=7299"}],"wp:term":[{"taxonomy":"product_brand","embeddable":true,"href":"https:\/\/totallubri.com.br\/index.php?rest_route=%2Fwp%2Fv2%2Fproduct_brand&post=7299"},{"taxonomy":"product_cat","embeddable":true,"href":"https:\/\/totallubri.com.br\/index.php?rest_route=%2Fwp%2Fv2%2Fproduct_cat&post=7299"},{"taxonomy":"product_tag","embeddable":true,"href":"https:\/\/totallubri.com.br\/index.php?rest_route=%2Fwp%2Fv2%2Fproduct_tag&post=7299"}],"curies":[{"name":"wp","href":"https:\/\/api.w.org\/{rel}","templated":true}]}}