{"id":7337,"date":"2018-05-22T15:10:12","date_gmt":"2018-05-22T18:10:12","guid":{"rendered":"http:\/\/totallubri.com.br\/?product=estacao-de-abastecimento-blindada-9141p"},"modified":"2024-12-03T14:00:00","modified_gmt":"2024-12-03T17:00:00","slug":"estacao-de-abastecimento-blindada-9141p","status":"publish","type":"product","link":"https:\/\/totallubri.com.br\/?product=estacao-de-abastecimento-blindada-9141p","title":{"rendered":"ESTA\u00c7\u00c3O DE ABASTECIMENTO BLINDADA- 9141P-LUPUS"},"content":{"rendered":"<p>Em a\u00e7o, com painel eletr\u00f4nico, teclado e leitor i-button. Indicada para usu\u00e1rios que j\u00e1 possuem sistema de bombeamento, por\u00e9m sem controle de usu\u00e1rios e abastecimentos.Possui conex\u00e3o Wifi para comunica\u00e7\u00e3o com PC (atrav\u00e9s de software dedicado), possibilita a integra\u00e7\u00e3o com\u00a0 Sistema de monitoramento de n\u00edvel de tanque.bomba e medidor de pulso.Para \u00f3leo lubrificante, diesel, biodiesel, e Arla 32.<\/p>\n<p>Alimenta\u00e7\u00e3o\u00a0 \u00a0220 Vac<br \/>\nGrau de prote\u00e7\u00e3o\u00a0 IP55<\/p>\n<p>&nbsp;<\/p>\n","protected":false},"excerpt":{"rendered":"<p>Em a\u00e7o, com painel eletr\u00f4nico, teclado e leitor i-button. Indicada para usu\u00e1rios que j\u00e1 possuem sistema de bombeamento, por\u00e9m sem controle de usu\u00e1rios e abastecimentos.Possui conex\u00e3o Wifi para comunica\u00e7\u00e3o com PC (atrav\u00e9s de software dedicado), possibilita a integra\u00e7\u00e3o com\u00a0 Sistema de monitoramento de n\u00edvel de tanque.bomba e medidor de pulso.Para \u00f3leo lubrificante, diesel, biodiesel, e [&hellip;]<\/p>\n","protected":false},"featured_media":7338,"comment_status":"open","ping_status":"closed","template":"","meta":{"_exactmetrics_skip_tracking":false,"_exactmetrics_sitenote_active":false,"_exactmetrics_sitenote_note":"","_exactmetrics_sitenote_category":0},"product_brand":[],"product_cat":[115],"product_tag":[],"class_list":{"0":"post-7337","1":"product","2":"type-product","3":"status-publish","4":"has-post-thumbnail","6":"product_cat-estacao-de-abastecimento","8":"first","9":"instock","10":"shipping-taxable","11":"product-type-simple"},"_links":{"self":[{"href":"https:\/\/totallubri.com.br\/index.php?rest_route=\/wp\/v2\/product\/7337","targetHints":{"allow":["GET"]}}],"collection":[{"href":"https:\/\/totallubri.com.br\/index.php?rest_route=\/wp\/v2\/product"}],"about":[{"href":"https:\/\/totallubri.com.br\/index.php?rest_route=\/wp\/v2\/types\/product"}],"replies":[{"embeddable":true,"href":"https:\/\/totallubri.com.br\/index.php?rest_route=%2Fwp%2Fv2%2Fcomments&post=7337"}],"wp:featuredmedia":[{"embeddable":true,"href":"https:\/\/totallubri.com.br\/index.php?rest_route=\/wp\/v2\/media\/7338"}],"wp:attachment":[{"href":"https:\/\/totallubri.com.br\/index.php?rest_route=%2Fwp%2Fv2%2Fmedia&parent=7337"}],"wp:term":[{"taxonomy":"product_brand","embeddable":true,"href":"https:\/\/totallubri.com.br\/index.php?rest_route=%2Fwp%2Fv2%2Fproduct_brand&post=7337"},{"taxonomy":"product_cat","embeddable":true,"href":"https:\/\/totallubri.com.br\/index.php?rest_route=%2Fwp%2Fv2%2Fproduct_cat&post=7337"},{"taxonomy":"product_tag","embeddable":true,"href":"https:\/\/totallubri.com.br\/index.php?rest_route=%2Fwp%2Fv2%2Fproduct_tag&post=7337"}],"curies":[{"name":"wp","href":"https:\/\/api.w.org\/{rel}","templated":true}]}}