{"id":7345,"date":"2018-05-22T15:25:22","date_gmt":"2018-05-22T18:25:22","guid":{"rendered":"http:\/\/totallubri.com.br\/?product=estacao-de-abastecimento-9125p-80"},"modified":"2024-12-03T08:55:39","modified_gmt":"2024-12-03T11:55:39","slug":"estacao-de-abastecimento-9125p-80","status":"publish","type":"product","link":"https:\/\/totallubri.com.br\/?product=estacao-de-abastecimento-9125p-80","title":{"rendered":"ESTA\u00c7\u00c3O DE ABASTECIMENTO- 9125P-80 \u2013 LUPUS"},"content":{"rendered":"<p>Bomba autoaspirante de palhetas, com v\u00e1lvula by pass, filtro interno,interruptor on\/off e conex\u00f5es em lat\u00e3o.<\/p>\n<p>Vaz\u00e3o livre\u00a0 80 L\/min<br \/>\nAlimenta\u00e7\u00e3o 220 V<br \/>\nMangueira\u00a0 4 M 3\/4&#8243;<br \/>\nEntrada\u00a0 1&#8243; BSP<br \/>\nBico de Abastecimento\u00a0 autom\u00e1tico<br \/>\nMedidor &#8211; mec\u00e2nico \/ 3 d\u00edgitos \/precis\u00e3o 1%<br \/>\nBy pass\u00a0 3 minutos<\/p>\n","protected":false},"excerpt":{"rendered":"<p>Bomba autoaspirante de palhetas, com v\u00e1lvula by pass, filtro interno,interruptor on\/off e conex\u00f5es em lat\u00e3o. Vaz\u00e3o livre\u00a0 80 L\/min Alimenta\u00e7\u00e3o 220 V Mangueira\u00a0 4 M 3\/4&#8243; Entrada\u00a0 1&#8243; BSP Bico de Abastecimento\u00a0 autom\u00e1tico Medidor &#8211; mec\u00e2nico \/ 3 d\u00edgitos \/precis\u00e3o 1% By pass\u00a0 3 minutos<\/p>\n","protected":false},"featured_media":7346,"comment_status":"open","ping_status":"closed","template":"","meta":{"_exactmetrics_skip_tracking":false,"_exactmetrics_sitenote_active":false,"_exactmetrics_sitenote_note":"","_exactmetrics_sitenote_category":0},"product_brand":[],"product_cat":[115],"product_tag":[],"class_list":{"0":"post-7345","1":"product","2":"type-product","3":"status-publish","4":"has-post-thumbnail","6":"product_cat-estacao-de-abastecimento","8":"first","9":"instock","10":"shipping-taxable","11":"product-type-simple"},"_links":{"self":[{"href":"https:\/\/totallubri.com.br\/index.php?rest_route=\/wp\/v2\/product\/7345","targetHints":{"allow":["GET"]}}],"collection":[{"href":"https:\/\/totallubri.com.br\/index.php?rest_route=\/wp\/v2\/product"}],"about":[{"href":"https:\/\/totallubri.com.br\/index.php?rest_route=\/wp\/v2\/types\/product"}],"replies":[{"embeddable":true,"href":"https:\/\/totallubri.com.br\/index.php?rest_route=%2Fwp%2Fv2%2Fcomments&post=7345"}],"wp:featuredmedia":[{"embeddable":true,"href":"https:\/\/totallubri.com.br\/index.php?rest_route=\/wp\/v2\/media\/7346"}],"wp:attachment":[{"href":"https:\/\/totallubri.com.br\/index.php?rest_route=%2Fwp%2Fv2%2Fmedia&parent=7345"}],"wp:term":[{"taxonomy":"product_brand","embeddable":true,"href":"https:\/\/totallubri.com.br\/index.php?rest_route=%2Fwp%2Fv2%2Fproduct_brand&post=7345"},{"taxonomy":"product_cat","embeddable":true,"href":"https:\/\/totallubri.com.br\/index.php?rest_route=%2Fwp%2Fv2%2Fproduct_cat&post=7345"},{"taxonomy":"product_tag","embeddable":true,"href":"https:\/\/totallubri.com.br\/index.php?rest_route=%2Fwp%2Fv2%2Fproduct_tag&post=7345"}],"curies":[{"name":"wp","href":"https:\/\/api.w.org\/{rel}","templated":true}]}}