{"id":7375,"date":"2018-05-22T16:23:10","date_gmt":"2018-05-22T19:23:10","guid":{"rendered":"http:\/\/totallubri.com.br\/?post_type=product&#038;p=7375"},"modified":"2025-02-26T15:18:48","modified_gmt":"2025-02-26T18:18:48","slug":"bico-automatico-2100-ba01","status":"publish","type":"product","link":"https:\/\/totallubri.com.br\/?product=bico-automatico-2100-ba01","title":{"rendered":"BICO AUTOM\u00c1TICO 2100-BA01-LUPUS"},"content":{"rendered":"<p>Em alum\u00ednio.<\/p>\n<p>&nbsp;<\/p>\n<p>Corpo . Alum\u00ednio<br \/>\nVaz\u00e3o livre &#8211; 50 L\/min<br \/>\nPonteira\u00a0 15\/16&#8243;<\/p>\n<p>entrada: 3\/4&#8243;NPT<br \/>\nPress\u00e3o m\u00e1xima de trabalho\u00a0 50 Psi<br \/>\n<img loading=\"lazy\" decoding=\"async\" class=\"alignnone size-full wp-image-7377\" src=\"http:\/\/totallubri.com.br\/wp-content\/uploads\/2018\/05\/TABELA-BICOS-ABASTECIMENTO.png\" alt=\"TABELA BICOS ABASTECIMENTO\" width=\"252\" height=\"148\" \/><\/p>\n<p>&nbsp;<\/p>\n","protected":false},"excerpt":{"rendered":"<p>Em alum\u00ednio. &nbsp; Corpo . Alum\u00ednio Vaz\u00e3o livre &#8211; 50 L\/min Ponteira\u00a0 15\/16&#8243; entrada: 3\/4&#8243;NPT Press\u00e3o m\u00e1xima de trabalho\u00a0 50 Psi &nbsp;<\/p>\n","protected":false},"featured_media":7378,"comment_status":"open","ping_status":"closed","template":"","meta":{"_exactmetrics_skip_tracking":false,"_exactmetrics_sitenote_active":false,"_exactmetrics_sitenote_note":"","_exactmetrics_sitenote_category":0},"product_brand":[],"product_cat":[106],"product_tag":[],"class_list":{"0":"post-7375","1":"product","2":"type-product","3":"status-publish","4":"has-post-thumbnail","6":"product_cat-bico-de-abastecimento-para-combustiveis","8":"first","9":"instock","10":"shipping-taxable","11":"product-type-simple"},"_links":{"self":[{"href":"https:\/\/totallubri.com.br\/index.php?rest_route=\/wp\/v2\/product\/7375","targetHints":{"allow":["GET"]}}],"collection":[{"href":"https:\/\/totallubri.com.br\/index.php?rest_route=\/wp\/v2\/product"}],"about":[{"href":"https:\/\/totallubri.com.br\/index.php?rest_route=\/wp\/v2\/types\/product"}],"replies":[{"embeddable":true,"href":"https:\/\/totallubri.com.br\/index.php?rest_route=%2Fwp%2Fv2%2Fcomments&post=7375"}],"wp:featuredmedia":[{"embeddable":true,"href":"https:\/\/totallubri.com.br\/index.php?rest_route=\/wp\/v2\/media\/7378"}],"wp:attachment":[{"href":"https:\/\/totallubri.com.br\/index.php?rest_route=%2Fwp%2Fv2%2Fmedia&parent=7375"}],"wp:term":[{"taxonomy":"product_brand","embeddable":true,"href":"https:\/\/totallubri.com.br\/index.php?rest_route=%2Fwp%2Fv2%2Fproduct_brand&post=7375"},{"taxonomy":"product_cat","embeddable":true,"href":"https:\/\/totallubri.com.br\/index.php?rest_route=%2Fwp%2Fv2%2Fproduct_cat&post=7375"},{"taxonomy":"product_tag","embeddable":true,"href":"https:\/\/totallubri.com.br\/index.php?rest_route=%2Fwp%2Fv2%2Fproduct_tag&post=7375"}],"curies":[{"name":"wp","href":"https:\/\/api.w.org\/{rel}","templated":true}]}}