{"id":7395,"date":"2018-05-22T17:14:24","date_gmt":"2018-05-22T20:14:24","guid":{"rendered":"http:\/\/totallubri.com.br\/?post_type=product&#038;p=7395"},"modified":"2025-02-26T15:12:26","modified_gmt":"2025-02-26T18:12:26","slug":"bico-automatico-2100-bc01","status":"publish","type":"product","link":"https:\/\/totallubri.com.br\/?product=bico-automatico-2100-bc01","title":{"rendered":"BICO AUTOM\u00c1TICO- 2100-BC01-LUPUS"},"content":{"rendered":"<p>Em alum\u00ednio.<\/p>\n<p>Corpo alum\u00ednio<br \/>\nVaz\u00e3o livre 50 L\/min<br \/>\nPonteira 1\/2&#8243;<br \/>\nConex\u00e3o entrada\u00a0 3\/4&#8243; NPT<br \/>\nPress\u00e3o m\u00e1xima de trabalho &#8211; 50 psi<br \/>\n<img loading=\"lazy\" decoding=\"async\" class=\"alignnone size-medium wp-image-7398\" src=\"http:\/\/totallubri.com.br\/wp-content\/uploads\/2018\/05\/TABELA-2100-BC01-300x160.png\" alt=\"TABELA 2100-BC01\" width=\"300\" height=\"160\" srcset=\"https:\/\/totallubri.com.br\/wp-content\/uploads\/2018\/05\/TABELA-2100-BC01-300x160.png 300w, https:\/\/totallubri.com.br\/wp-content\/uploads\/2018\/05\/TABELA-2100-BC01.png 318w\" sizes=\"auto, (max-width: 300px) 100vw, 300px\" \/><\/p>\n","protected":false},"excerpt":{"rendered":"<p>Em alum\u00ednio. Corpo alum\u00ednio Vaz\u00e3o livre 50 L\/min Ponteira 1\/2&#8243; Conex\u00e3o entrada\u00a0 3\/4&#8243; NPT Press\u00e3o m\u00e1xima de trabalho &#8211; 50 psi<\/p>\n","protected":false},"featured_media":7397,"comment_status":"open","ping_status":"closed","template":"","meta":{"_exactmetrics_skip_tracking":false,"_exactmetrics_sitenote_active":false,"_exactmetrics_sitenote_note":"","_exactmetrics_sitenote_category":0},"product_brand":[],"product_cat":[106],"product_tag":[],"class_list":{"0":"post-7395","1":"product","2":"type-product","3":"status-publish","4":"has-post-thumbnail","6":"product_cat-bico-de-abastecimento-para-combustiveis","8":"first","9":"instock","10":"shipping-taxable","11":"product-type-simple"},"_links":{"self":[{"href":"https:\/\/totallubri.com.br\/index.php?rest_route=\/wp\/v2\/product\/7395","targetHints":{"allow":["GET"]}}],"collection":[{"href":"https:\/\/totallubri.com.br\/index.php?rest_route=\/wp\/v2\/product"}],"about":[{"href":"https:\/\/totallubri.com.br\/index.php?rest_route=\/wp\/v2\/types\/product"}],"replies":[{"embeddable":true,"href":"https:\/\/totallubri.com.br\/index.php?rest_route=%2Fwp%2Fv2%2Fcomments&post=7395"}],"wp:featuredmedia":[{"embeddable":true,"href":"https:\/\/totallubri.com.br\/index.php?rest_route=\/wp\/v2\/media\/7397"}],"wp:attachment":[{"href":"https:\/\/totallubri.com.br\/index.php?rest_route=%2Fwp%2Fv2%2Fmedia&parent=7395"}],"wp:term":[{"taxonomy":"product_brand","embeddable":true,"href":"https:\/\/totallubri.com.br\/index.php?rest_route=%2Fwp%2Fv2%2Fproduct_brand&post=7395"},{"taxonomy":"product_cat","embeddable":true,"href":"https:\/\/totallubri.com.br\/index.php?rest_route=%2Fwp%2Fv2%2Fproduct_cat&post=7395"},{"taxonomy":"product_tag","embeddable":true,"href":"https:\/\/totallubri.com.br\/index.php?rest_route=%2Fwp%2Fv2%2Fproduct_tag&post=7395"}],"curies":[{"name":"wp","href":"https:\/\/api.w.org\/{rel}","templated":true}]}}