{"id":7412,"date":"2018-05-23T11:22:28","date_gmt":"2018-05-23T14:22:28","guid":{"rendered":"http:\/\/totallubri.com.br\/?post_type=product&#038;p=7412"},"modified":"2025-03-31T14:29:21","modified_gmt":"2025-03-31T17:29:21","slug":"bico-automatico-opw-1ag11-b-100","status":"publish","type":"product","link":"https:\/\/totallubri.com.br\/?product=bico-automatico-opw-1ag11-b-100","title":{"rendered":"BICO AUTOM\u00c1TICO OPW -7H-SMART-TOT-LUB"},"content":{"rendered":"<p>Em alum\u00ednio modelo OPW. Possui exclusivo mecanismo acionado automaticamente quando a bomba de abastecimento \u00e9 desligada, evitando a abertura. do gatilho com a bomba desligada(sem press\u00e3o na linha), permitindo maior seguran\u00e7a no abastecimento, evitando derrames no reabastecimento.<\/p>\n<p>Corpo\u00a0 alim\u00ednio<br \/>\nVaz\u00e3o livre &#8211; 75 L\/min<br \/>\nPonteiro\u00a0 1&#8243;<br \/>\nConex\u00e3o entrada &#8211; 1&#8243; NPT<br \/>\nPress\u00e3o m\u00e1xima de trabalho &#8211; 50 psi<br \/>\n+ DETALHES SOBRE ESTE PRODUTO:<\/p>\n<table width=\"775\">\n<tbody>\n<tr>\n<td width=\"238\">CODIGO<\/td>\n<td width=\"138\">PONTEIRAS<\/td>\n<td width=\"71\">VAZAO<\/td>\n<td width=\"130\">PRESSAO<\/td>\n<td width=\"90\">ENTRADA<\/td>\n<td width=\"108\">COR<\/td>\n<\/tr>\n<tr>\n<td>OPW-7H-SMART<\/td>\n<td>1&#8243;<\/td>\n<td>75 L\/M<\/td>\n<td>50 PSI<\/td>\n<td>1&#8243;<\/td>\n<td>PRETO<\/td>\n<\/tr>\n<\/tbody>\n<\/table>\n<p>&nbsp;<\/p>\n<p>&nbsp;<\/p>\n<p>&nbsp;<\/p>\n","protected":false},"excerpt":{"rendered":"<p>Em alum\u00ednio modelo OPW. Possui exclusivo mecanismo acionado automaticamente quando a bomba de abastecimento \u00e9 desligada, evitando a abertura. do gatilho com a bomba desligada(sem press\u00e3o na linha), permitindo maior seguran\u00e7a no abastecimento, evitando derrames no reabastecimento. Corpo\u00a0 alim\u00ednio Vaz\u00e3o livre &#8211; 75 L\/min Ponteiro\u00a0 1&#8243; Conex\u00e3o entrada &#8211; 1&#8243; NPT Press\u00e3o m\u00e1xima de trabalho [&hellip;]<\/p>\n","protected":false},"featured_media":14905,"comment_status":"open","ping_status":"closed","template":"","meta":{"_exactmetrics_skip_tracking":false,"_exactmetrics_sitenote_active":false,"_exactmetrics_sitenote_note":"","_exactmetrics_sitenote_category":0},"product_brand":[],"product_cat":[106],"product_tag":[],"class_list":{"0":"post-7412","1":"product","2":"type-product","3":"status-publish","4":"has-post-thumbnail","6":"product_cat-bico-de-abastecimento-para-combustiveis","8":"first","9":"instock","10":"shipping-taxable","11":"product-type-simple"},"_links":{"self":[{"href":"https:\/\/totallubri.com.br\/index.php?rest_route=\/wp\/v2\/product\/7412","targetHints":{"allow":["GET"]}}],"collection":[{"href":"https:\/\/totallubri.com.br\/index.php?rest_route=\/wp\/v2\/product"}],"about":[{"href":"https:\/\/totallubri.com.br\/index.php?rest_route=\/wp\/v2\/types\/product"}],"replies":[{"embeddable":true,"href":"https:\/\/totallubri.com.br\/index.php?rest_route=%2Fwp%2Fv2%2Fcomments&post=7412"}],"wp:featuredmedia":[{"embeddable":true,"href":"https:\/\/totallubri.com.br\/index.php?rest_route=\/wp\/v2\/media\/14905"}],"wp:attachment":[{"href":"https:\/\/totallubri.com.br\/index.php?rest_route=%2Fwp%2Fv2%2Fmedia&parent=7412"}],"wp:term":[{"taxonomy":"product_brand","embeddable":true,"href":"https:\/\/totallubri.com.br\/index.php?rest_route=%2Fwp%2Fv2%2Fproduct_brand&post=7412"},{"taxonomy":"product_cat","embeddable":true,"href":"https:\/\/totallubri.com.br\/index.php?rest_route=%2Fwp%2Fv2%2Fproduct_cat&post=7412"},{"taxonomy":"product_tag","embeddable":true,"href":"https:\/\/totallubri.com.br\/index.php?rest_route=%2Fwp%2Fv2%2Fproduct_tag&post=7412"}],"curies":[{"name":"wp","href":"https:\/\/api.w.org\/{rel}","templated":true}]}}