{"id":7422,"date":"2018-05-23T16:15:54","date_gmt":"2018-05-23T19:15:54","guid":{"rendered":"http:\/\/totallubri.com.br\/?post_type=product&#038;p=7422"},"modified":"2025-02-26T12:29:17","modified_gmt":"2025-02-26T15:29:17","slug":"bico-automatico-2100-bcb01","status":"publish","type":"product","link":"https:\/\/totallubri.com.br\/?product=bico-automatico-2100-bcb01","title":{"rendered":"BICO AUTOM\u00c1TICO- 2100-BCB01-LUPUS"},"content":{"rendered":"<p>Em alum\u00ednio, Possui exclusivo mecanismo acionado automaticamente quando a bomba de abastecimento \u00e9 desligada, permitindo maior seguran\u00e7a no abastecimento, evitando derrames no reabastecimento.<\/p>\n<p>Corpo &#8211; aluminio<br \/>\nVaz\u00e3o livre &#8211; 75 L\/min<br \/>\nPonteira\u00a0 1,\/2&#8243;<br \/>\nConex\u00e3o entrada 3\/4&#8243; NPT<br \/>\nPress\u00e3o m\u00e1xima de trabalho 50 psi<br \/>\n+ DETALHES SOBRE ESTE PRODUTO:<\/p>\n<table width=\"775\">\n<tbody>\n<tr>\n<td width=\"238\">CODIGO<\/td>\n<td width=\"138\">PONTEIRAS<\/td>\n<td width=\"71\">VAZAO<\/td>\n<td width=\"130\">PRESSAO<\/td>\n<td width=\"90\">ENTRADA<\/td>\n<td width=\"108\">COR<\/td>\n<\/tr>\n<tr>\n<td>2100-BCB10<\/td>\n<td>1\/2&#8243;<\/td>\n<td>75 L\/M<\/td>\n<td>50 PSI<\/td>\n<td>3\/4&#8243;<\/td>\n<td>ROXO<\/td>\n<\/tr>\n<tr>\n<td>2100-BCB08<\/td>\n<td>1\/2&#8243;<\/td>\n<td>75 L\/M<\/td>\n<td>50 PSI<\/td>\n<td>3\/4&#8243;<\/td>\n<td>AZUL CLARO<\/td>\n<\/tr>\n<tr>\n<td>2100-BCB07<\/td>\n<td>1\/2&#8243;<\/td>\n<td>75 L\/M<\/td>\n<td>50 PSI<\/td>\n<td>3\/4&#8243;<\/td>\n<td>LARANJA<\/td>\n<\/tr>\n<tr>\n<td>2100-BCB06<\/td>\n<td>1\/2&#8243;<\/td>\n<td>75 L\/M<\/td>\n<td>50 PSI<\/td>\n<td>3\/4&#8243;<\/td>\n<td>CINZA<\/td>\n<\/tr>\n<tr>\n<td>2100-BCB05<\/td>\n<td>1\/2&#8243;<\/td>\n<td>75 L\/M<\/td>\n<td>50 PSI<\/td>\n<td>3\/4&#8243;<\/td>\n<td>PRETO<\/td>\n<\/tr>\n<tr>\n<td>2100-BCB04<\/td>\n<td>1\/2&#8243;<\/td>\n<td>75 L\/M<\/td>\n<td>50 PSI<\/td>\n<td>3\/4&#8243;<\/td>\n<td>AMARELO<\/td>\n<\/tr>\n<tr>\n<td>2100-BCB03<\/td>\n<td>1\/2&#8243;<\/td>\n<td>75 L\/M<\/td>\n<td>50 PSI<\/td>\n<td>3\/4&#8243;<\/td>\n<td>AZUL<\/td>\n<\/tr>\n<tr>\n<td>2100-BCB02<\/td>\n<td>1\/2&#8243;<\/td>\n<td>75 L\/M<\/td>\n<td>50 PSI<\/td>\n<td>3\/4&#8243;<\/td>\n<td>VERMELHO<\/td>\n<\/tr>\n<tr>\n<td>2100-BCB01<\/td>\n<td>1\/2&#8243;<\/td>\n<td>75 L\/M<\/td>\n<td>50 PSI<\/td>\n<td>3\/4&#8243;<\/td>\n<td>VERDE<\/td>\n<\/tr>\n<\/tbody>\n<\/table>\n<p>&nbsp;<\/p>\n<p>&nbsp;<\/p>\n","protected":false},"excerpt":{"rendered":"<p>Em alum\u00ednio, Possui exclusivo mecanismo acionado automaticamente quando a bomba de abastecimento \u00e9 desligada, permitindo maior seguran\u00e7a no abastecimento, evitando derrames no reabastecimento. Corpo &#8211; aluminio Vaz\u00e3o livre &#8211; 75 L\/min Ponteira\u00a0 1,\/2&#8243; Conex\u00e3o entrada 3\/4&#8243; NPT Press\u00e3o m\u00e1xima de trabalho 50 psi + DETALHES SOBRE ESTE PRODUTO: CODIGO PONTEIRAS VAZAO PRESSAO ENTRADA COR 2100-BCB10 [&hellip;]<\/p>\n","protected":false},"featured_media":7423,"comment_status":"open","ping_status":"closed","template":"","meta":{"_exactmetrics_skip_tracking":false,"_exactmetrics_sitenote_active":false,"_exactmetrics_sitenote_note":"","_exactmetrics_sitenote_category":0},"product_brand":[],"product_cat":[106],"product_tag":[],"class_list":{"0":"post-7422","1":"product","2":"type-product","3":"status-publish","4":"has-post-thumbnail","6":"product_cat-bico-de-abastecimento-para-combustiveis","8":"first","9":"instock","10":"shipping-taxable","11":"product-type-simple"},"_links":{"self":[{"href":"https:\/\/totallubri.com.br\/index.php?rest_route=\/wp\/v2\/product\/7422","targetHints":{"allow":["GET"]}}],"collection":[{"href":"https:\/\/totallubri.com.br\/index.php?rest_route=\/wp\/v2\/product"}],"about":[{"href":"https:\/\/totallubri.com.br\/index.php?rest_route=\/wp\/v2\/types\/product"}],"replies":[{"embeddable":true,"href":"https:\/\/totallubri.com.br\/index.php?rest_route=%2Fwp%2Fv2%2Fcomments&post=7422"}],"wp:featuredmedia":[{"embeddable":true,"href":"https:\/\/totallubri.com.br\/index.php?rest_route=\/wp\/v2\/media\/7423"}],"wp:attachment":[{"href":"https:\/\/totallubri.com.br\/index.php?rest_route=%2Fwp%2Fv2%2Fmedia&parent=7422"}],"wp:term":[{"taxonomy":"product_brand","embeddable":true,"href":"https:\/\/totallubri.com.br\/index.php?rest_route=%2Fwp%2Fv2%2Fproduct_brand&post=7422"},{"taxonomy":"product_cat","embeddable":true,"href":"https:\/\/totallubri.com.br\/index.php?rest_route=%2Fwp%2Fv2%2Fproduct_cat&post=7422"},{"taxonomy":"product_tag","embeddable":true,"href":"https:\/\/totallubri.com.br\/index.php?rest_route=%2Fwp%2Fv2%2Fproduct_tag&post=7422"}],"curies":[{"name":"wp","href":"https:\/\/api.w.org\/{rel}","templated":true}]}}