{"id":7428,"date":"2018-05-23T16:34:51","date_gmt":"2018-05-23T19:34:51","guid":{"rendered":"http:\/\/totallubri.com.br\/?post_type=product&#038;p=7428"},"modified":"2025-03-28T15:31:40","modified_gmt":"2025-03-28T18:31:40","slug":"bico-automatico-opw-11apw-s-100","status":"publish","type":"product","link":"https:\/\/totallubri.com.br\/?product=bico-automatico-opw-11apw-s-100","title":{"rendered":"BICO AUTOM\u00c1TICO OPW 11AP SMART \u2013 TOT-LUB"},"content":{"rendered":"<p>Em aluminio modelo OPW, com capa na cor verde.Possui fechamento autom\u00e1tico com dois est\u00e1gios, que permite melhor arredondamento na precifica\u00e7\u00e3o, facilitando o arredondamento do pre\u00e7o. O primeiro est\u00e1gio possibilita menor vaz\u00e3o, e no segundo est\u00e1gio a vaz\u00e3o \u00e9 maior.<\/p>\n<p>Corpo\u00a0 aluminio<br \/>\nPonteiro\u00a0 \u00a01\/2&#8243;<br \/>\nConex\u00e3o de entrada\u00a0 3\/4&#8243; NPT<br \/>\nVaz\u00e3o m\u00e1xima &#8211;\u00a0 75 L\/min<br \/>\nPress\u00e3o m\u00e1x.de opera\u00e7\u00e3o\u00a0 50 psi<br \/>\n+ DETALHES SOBRE ESTE PRODUTO:<\/p>\n<table width=\"775\">\n<tbody>\n<tr>\n<td width=\"238\">CODIGO<\/td>\n<td width=\"138\">PONTEIRAS<\/td>\n<td width=\"71\">VAZAO<\/td>\n<td width=\"130\">PRESSAO<\/td>\n<td width=\"90\">ENTRADA<\/td>\n<td width=\"108\">COR<\/td>\n<\/tr>\n<tr>\n<td>OPW-11AP SMART<\/td>\n<td>1\/2&#8243;<\/td>\n<td>75 L\/M<\/td>\n<td>50 PSI<\/td>\n<td>3\/4&#8243;<\/td>\n<td>AZUL<\/td>\n<\/tr>\n<tr>\n<td>OPW-11AP SMART<\/td>\n<td>1\/2&#8243;<\/td>\n<td>75 L\/M<\/td>\n<td>50 PSI<\/td>\n<td>3\/4&#8243;<\/td>\n<td>CINZA<\/td>\n<\/tr>\n<tr>\n<td>OPW-11AP SMART<\/td>\n<td>1\/2&#8243;<\/td>\n<td>75 L\/M<\/td>\n<td>50 PSI<\/td>\n<td>3\/4&#8243;<\/td>\n<td>PRETO<\/td>\n<\/tr>\n<tr>\n<td>OPW-11AP SMART<\/td>\n<td>1\/2&#8243;<\/td>\n<td>75 L\/M<\/td>\n<td>50 PSI<\/td>\n<td>3\/4&#8243;<\/td>\n<td>AMARELO<\/td>\n<\/tr>\n<tr>\n<td>OPW-11AP SMART<\/td>\n<td>1\/2&#8243;<\/td>\n<td>75 L\/M<\/td>\n<td>50 PSI<\/td>\n<td>3\/4&#8243;<\/td>\n<td>VERMELHO<\/td>\n<\/tr>\n<tr>\n<td>OPW-11AP SMART<\/td>\n<td>1\/2&#8243;<\/td>\n<td>75 L\/M<\/td>\n<td>50 PSI<\/td>\n<td>3\/4&#8243;<\/td>\n<td>VERDE<\/td>\n<\/tr>\n<\/tbody>\n<\/table>\n<p>&nbsp;<\/p>\n","protected":false},"excerpt":{"rendered":"<p>Em aluminio modelo OPW, com capa na cor verde.Possui fechamento autom\u00e1tico com dois est\u00e1gios, que permite melhor arredondamento na precifica\u00e7\u00e3o, facilitando o arredondamento do pre\u00e7o. O primeiro est\u00e1gio possibilita menor vaz\u00e3o, e no segundo est\u00e1gio a vaz\u00e3o \u00e9 maior. Corpo\u00a0 aluminio Ponteiro\u00a0 \u00a01\/2&#8243; Conex\u00e3o de entrada\u00a0 3\/4&#8243; NPT Vaz\u00e3o m\u00e1xima &#8211;\u00a0 75 L\/min Press\u00e3o m\u00e1x.de [&hellip;]<\/p>\n","protected":false},"featured_media":14895,"comment_status":"open","ping_status":"closed","template":"","meta":{"_exactmetrics_skip_tracking":false,"_exactmetrics_sitenote_active":false,"_exactmetrics_sitenote_note":"","_exactmetrics_sitenote_category":0},"product_brand":[],"product_cat":[106],"product_tag":[],"class_list":{"0":"post-7428","1":"product","2":"type-product","3":"status-publish","4":"has-post-thumbnail","6":"product_cat-bico-de-abastecimento-para-combustiveis","8":"first","9":"instock","10":"shipping-taxable","11":"product-type-simple"},"_links":{"self":[{"href":"https:\/\/totallubri.com.br\/index.php?rest_route=\/wp\/v2\/product\/7428","targetHints":{"allow":["GET"]}}],"collection":[{"href":"https:\/\/totallubri.com.br\/index.php?rest_route=\/wp\/v2\/product"}],"about":[{"href":"https:\/\/totallubri.com.br\/index.php?rest_route=\/wp\/v2\/types\/product"}],"replies":[{"embeddable":true,"href":"https:\/\/totallubri.com.br\/index.php?rest_route=%2Fwp%2Fv2%2Fcomments&post=7428"}],"wp:featuredmedia":[{"embeddable":true,"href":"https:\/\/totallubri.com.br\/index.php?rest_route=\/wp\/v2\/media\/14895"}],"wp:attachment":[{"href":"https:\/\/totallubri.com.br\/index.php?rest_route=%2Fwp%2Fv2%2Fmedia&parent=7428"}],"wp:term":[{"taxonomy":"product_brand","embeddable":true,"href":"https:\/\/totallubri.com.br\/index.php?rest_route=%2Fwp%2Fv2%2Fproduct_brand&post=7428"},{"taxonomy":"product_cat","embeddable":true,"href":"https:\/\/totallubri.com.br\/index.php?rest_route=%2Fwp%2Fv2%2Fproduct_cat&post=7428"},{"taxonomy":"product_tag","embeddable":true,"href":"https:\/\/totallubri.com.br\/index.php?rest_route=%2Fwp%2Fv2%2Fproduct_tag&post=7428"}],"curies":[{"name":"wp","href":"https:\/\/api.w.org\/{rel}","templated":true}]}}