{"id":7432,"date":"2018-05-23T16:40:49","date_gmt":"2018-05-23T19:40:49","guid":{"rendered":"http:\/\/totallubri.com.br\/?post_type=product&#038;p=7432"},"modified":"2025-03-28T15:33:12","modified_gmt":"2025-03-28T18:33:12","slug":"bico-automatico-opw-1amopw7h-green","status":"publish","type":"product","link":"https:\/\/totallubri.com.br\/?product=bico-automatico-opw-1amopw7h-green","title":{"rendered":"BICO AUTOM\u00c1TICO OPW 1 7H \u2013 TOT-LUB"},"content":{"rendered":"<p>Bico autom\u00e1tico em alum\u00ednio modelo OPW.Para bombas de alta vaz\u00e3o utilizado no abastecimento de caminh\u00f5es, \u00f4nibus, locomotivas e outras aplica\u00e7\u00f5es.<\/p>\n<p>Corpo\u00a0 alum\u00ednio<br \/>\nPonteira\u00a0 1&#8243;<br \/>\nConex\u00e3o de entrada\u00a0 \u00a01&#8243; NPT<br \/>\nVaz\u00e3o m\u00e1xima de opera\u00e7\u00e3o\u00a0 \u00a050 psi<\/p>\n<p>+DETALHES SOBRE ESTE PRODUTO:<\/p>\n<table width=\"775\">\n<tbody>\n<tr>\n<td width=\"238\">CODIGO<\/td>\n<td width=\"138\">PONTEIRAS<\/td>\n<td width=\"71\">VAZAO<\/td>\n<td width=\"130\">PRESSAO<\/td>\n<td width=\"90\">ENTRADA<\/td>\n<td width=\"108\">COR<\/td>\n<\/tr>\n<tr>\n<td>OPW-7H<\/td>\n<td>1&#8243;<\/td>\n<td>200 L\/M<\/td>\n<td>50 PSI<\/td>\n<td>1&#8243;<\/td>\n<td>PRETO<\/td>\n<\/tr>\n<\/tbody>\n<\/table>\n","protected":false},"excerpt":{"rendered":"<p>Bico autom\u00e1tico em alum\u00ednio modelo OPW.Para bombas de alta vaz\u00e3o utilizado no abastecimento de caminh\u00f5es, \u00f4nibus, locomotivas e outras aplica\u00e7\u00f5es. Corpo\u00a0 alum\u00ednio Ponteira\u00a0 1&#8243; Conex\u00e3o de entrada\u00a0 \u00a01&#8243; NPT Vaz\u00e3o m\u00e1xima de opera\u00e7\u00e3o\u00a0 \u00a050 psi +DETALHES SOBRE ESTE PRODUTO: CODIGO PONTEIRAS VAZAO PRESSAO ENTRADA COR OPW-7H 1&#8243; 200 L\/M 50 PSI 1&#8243; PRETO<\/p>\n","protected":false},"featured_media":14893,"comment_status":"open","ping_status":"closed","template":"","meta":{"_exactmetrics_skip_tracking":false,"_exactmetrics_sitenote_active":false,"_exactmetrics_sitenote_note":"","_exactmetrics_sitenote_category":0},"product_brand":[],"product_cat":[106],"product_tag":[],"class_list":{"0":"post-7432","1":"product","2":"type-product","3":"status-publish","4":"has-post-thumbnail","6":"product_cat-bico-de-abastecimento-para-combustiveis","8":"first","9":"instock","10":"shipping-taxable","11":"product-type-simple"},"_links":{"self":[{"href":"https:\/\/totallubri.com.br\/index.php?rest_route=\/wp\/v2\/product\/7432","targetHints":{"allow":["GET"]}}],"collection":[{"href":"https:\/\/totallubri.com.br\/index.php?rest_route=\/wp\/v2\/product"}],"about":[{"href":"https:\/\/totallubri.com.br\/index.php?rest_route=\/wp\/v2\/types\/product"}],"replies":[{"embeddable":true,"href":"https:\/\/totallubri.com.br\/index.php?rest_route=%2Fwp%2Fv2%2Fcomments&post=7432"}],"wp:featuredmedia":[{"embeddable":true,"href":"https:\/\/totallubri.com.br\/index.php?rest_route=\/wp\/v2\/media\/14893"}],"wp:attachment":[{"href":"https:\/\/totallubri.com.br\/index.php?rest_route=%2Fwp%2Fv2%2Fmedia&parent=7432"}],"wp:term":[{"taxonomy":"product_brand","embeddable":true,"href":"https:\/\/totallubri.com.br\/index.php?rest_route=%2Fwp%2Fv2%2Fproduct_brand&post=7432"},{"taxonomy":"product_cat","embeddable":true,"href":"https:\/\/totallubri.com.br\/index.php?rest_route=%2Fwp%2Fv2%2Fproduct_cat&post=7432"},{"taxonomy":"product_tag","embeddable":true,"href":"https:\/\/totallubri.com.br\/index.php?rest_route=%2Fwp%2Fv2%2Fproduct_tag&post=7432"}],"curies":[{"name":"wp","href":"https:\/\/api.w.org\/{rel}","templated":true}]}}