{"id":7438,"date":"2018-05-23T16:53:26","date_gmt":"2018-05-23T19:53:26","guid":{"rendered":"http:\/\/totallubri.com.br\/?post_type=product&#038;p=7438"},"modified":"2025-03-28T15:35:32","modified_gmt":"2025-03-28T18:35:32","slug":"bico-automatico-opw-1anopw7hl-gre","status":"publish","type":"product","link":"https:\/\/totallubri.com.br\/?product=bico-automatico-opw-1anopw7hl-gre","title":{"rendered":"BICO AUTOM\u00c1TICO OPW-1\u2033 7HL -TOT-LUBRI"},"content":{"rendered":"<p>Bico autom\u00e1tico em alum\u00ednio, modelo OPW, para bombas de alta vaz\u00e3o utilizado no abastecimento de caminh\u00f5es, \u00f4nibus, locomotivas e outras aplica\u00e7\u00f5es.<\/p>\n<p>Corpo\u00a0 alum\u00ednio<br \/>\nPonteira &#8211; 1&#8243; x 300mm (ponteira longa)<br \/>\nConex\u00e3o de entrada 1&#8243; NPT<br \/>\nPress\u00e3o m\u00e1xima 50 psi<br \/>\nVaz\u00e3o m\u00e1xima &#8211; 200 L\/min<\/p>\n<p>+ DETALHES SOBRE ESTE PRODUTO:<\/p>\n<table width=\"775\">\n<tbody>\n<tr>\n<td width=\"238\">CODIGO<\/td>\n<td width=\"138\">PONTEIRAS<\/td>\n<td width=\"71\">VAZAO<\/td>\n<td width=\"130\">PRESSAO<\/td>\n<td width=\"90\">ENTRADA<\/td>\n<td width=\"108\">COR<\/td>\n<\/tr>\n<tr>\n<td>OPW-7Hl<\/td>\n<td>1&#8243;<\/td>\n<td>200 L\/M<\/td>\n<td>50 PSI<\/td>\n<td>1&#8243;<\/td>\n<td>PRETO<\/td>\n<\/tr>\n<\/tbody>\n<\/table>\n","protected":false},"excerpt":{"rendered":"<p>Bico autom\u00e1tico em alum\u00ednio, modelo OPW, para bombas de alta vaz\u00e3o utilizado no abastecimento de caminh\u00f5es, \u00f4nibus, locomotivas e outras aplica\u00e7\u00f5es. Corpo\u00a0 alum\u00ednio Ponteira &#8211; 1&#8243; x 300mm (ponteira longa) Conex\u00e3o de entrada 1&#8243; NPT Press\u00e3o m\u00e1xima 50 psi Vaz\u00e3o m\u00e1xima &#8211; 200 L\/min + DETALHES SOBRE ESTE PRODUTO: CODIGO PONTEIRAS VAZAO PRESSAO ENTRADA COR [&hellip;]<\/p>\n","protected":false},"featured_media":7496,"comment_status":"open","ping_status":"closed","template":"","meta":{"_exactmetrics_skip_tracking":false,"_exactmetrics_sitenote_active":false,"_exactmetrics_sitenote_note":"","_exactmetrics_sitenote_category":0},"product_brand":[],"product_cat":[106],"product_tag":[],"class_list":{"0":"post-7438","1":"product","2":"type-product","3":"status-publish","4":"has-post-thumbnail","6":"product_cat-bico-de-abastecimento-para-combustiveis","8":"first","9":"instock","10":"shipping-taxable","11":"product-type-simple"},"_links":{"self":[{"href":"https:\/\/totallubri.com.br\/index.php?rest_route=\/wp\/v2\/product\/7438","targetHints":{"allow":["GET"]}}],"collection":[{"href":"https:\/\/totallubri.com.br\/index.php?rest_route=\/wp\/v2\/product"}],"about":[{"href":"https:\/\/totallubri.com.br\/index.php?rest_route=\/wp\/v2\/types\/product"}],"replies":[{"embeddable":true,"href":"https:\/\/totallubri.com.br\/index.php?rest_route=%2Fwp%2Fv2%2Fcomments&post=7438"}],"wp:featuredmedia":[{"embeddable":true,"href":"https:\/\/totallubri.com.br\/index.php?rest_route=\/wp\/v2\/media\/7496"}],"wp:attachment":[{"href":"https:\/\/totallubri.com.br\/index.php?rest_route=%2Fwp%2Fv2%2Fmedia&parent=7438"}],"wp:term":[{"taxonomy":"product_brand","embeddable":true,"href":"https:\/\/totallubri.com.br\/index.php?rest_route=%2Fwp%2Fv2%2Fproduct_brand&post=7438"},{"taxonomy":"product_cat","embeddable":true,"href":"https:\/\/totallubri.com.br\/index.php?rest_route=%2Fwp%2Fv2%2Fproduct_cat&post=7438"},{"taxonomy":"product_tag","embeddable":true,"href":"https:\/\/totallubri.com.br\/index.php?rest_route=%2Fwp%2Fv2%2Fproduct_tag&post=7438"}],"curies":[{"name":"wp","href":"https:\/\/api.w.org\/{rel}","templated":true}]}}