{"id":7441,"date":"2018-05-23T17:08:13","date_gmt":"2018-05-23T20:08:13","guid":{"rendered":"http:\/\/totallubri.com.br\/?post_type=product&#038;p=7441"},"modified":"2025-02-26T11:41:36","modified_gmt":"2025-02-26T14:41:36","slug":"bico-automatico-2100-bbb05","status":"publish","type":"product","link":"https:\/\/totallubri.com.br\/?product=bico-automatico-2100-bbb05","title":{"rendered":"BICO AUTOM\u00c1TICO \u2013 2100-BB05-LUPUS"},"content":{"rendered":"<p>Bico autom\u00e1tico em alum\u00ednio.Para bombas de alta vaz\u00e3o utilizado no abastecimento de caminhoes, \u00f4nibus, locomotivas e outras aplica\u00e7\u00f5es.Com v\u00e1lvula dupla funciona, funciona com a bomba ligada.<\/p>\n<p>Corpo aluminio<br \/>\nPonteira\u00a0 1&#8243; NPT<br \/>\nConex\u00e3o de entrada\u00a0 1&#8243; NPT<br \/>\nConex\u00e3o de sa\u00edda 1&#8243;<br \/>\nVaz\u00e3o m\u00e1xima de opera\u00e7\u00e3o 120 l\/min<\/p>\n<p>Press\u00e3o maxima de trabalho 50 psi<\/p>\n<p>&nbsp;<\/p>\n","protected":false},"excerpt":{"rendered":"<p>Bico autom\u00e1tico em alum\u00ednio.Para bombas de alta vaz\u00e3o utilizado no abastecimento de caminhoes, \u00f4nibus, locomotivas e outras aplica\u00e7\u00f5es.Com v\u00e1lvula dupla funciona, funciona com a bomba ligada. Corpo aluminio Ponteira\u00a0 1&#8243; NPT Conex\u00e3o de entrada\u00a0 1&#8243; NPT Conex\u00e3o de sa\u00edda 1&#8243; Vaz\u00e3o m\u00e1xima de opera\u00e7\u00e3o 120 l\/min Press\u00e3o maxima de trabalho 50 psi &nbsp;<\/p>\n","protected":false},"featured_media":7498,"comment_status":"open","ping_status":"closed","template":"","meta":{"_exactmetrics_skip_tracking":false,"_exactmetrics_sitenote_active":false,"_exactmetrics_sitenote_note":"","_exactmetrics_sitenote_category":0},"product_brand":[],"product_cat":[106],"product_tag":[],"class_list":{"0":"post-7441","1":"product","2":"type-product","3":"status-publish","4":"has-post-thumbnail","6":"product_cat-bico-de-abastecimento-para-combustiveis","8":"first","9":"instock","10":"shipping-taxable","11":"product-type-simple"},"_links":{"self":[{"href":"https:\/\/totallubri.com.br\/index.php?rest_route=\/wp\/v2\/product\/7441","targetHints":{"allow":["GET"]}}],"collection":[{"href":"https:\/\/totallubri.com.br\/index.php?rest_route=\/wp\/v2\/product"}],"about":[{"href":"https:\/\/totallubri.com.br\/index.php?rest_route=\/wp\/v2\/types\/product"}],"replies":[{"embeddable":true,"href":"https:\/\/totallubri.com.br\/index.php?rest_route=%2Fwp%2Fv2%2Fcomments&post=7441"}],"wp:featuredmedia":[{"embeddable":true,"href":"https:\/\/totallubri.com.br\/index.php?rest_route=\/wp\/v2\/media\/7498"}],"wp:attachment":[{"href":"https:\/\/totallubri.com.br\/index.php?rest_route=%2Fwp%2Fv2%2Fmedia&parent=7441"}],"wp:term":[{"taxonomy":"product_brand","embeddable":true,"href":"https:\/\/totallubri.com.br\/index.php?rest_route=%2Fwp%2Fv2%2Fproduct_brand&post=7441"},{"taxonomy":"product_cat","embeddable":true,"href":"https:\/\/totallubri.com.br\/index.php?rest_route=%2Fwp%2Fv2%2Fproduct_cat&post=7441"},{"taxonomy":"product_tag","embeddable":true,"href":"https:\/\/totallubri.com.br\/index.php?rest_route=%2Fwp%2Fv2%2Fproduct_tag&post=7441"}],"curies":[{"name":"wp","href":"https:\/\/api.w.org\/{rel}","templated":true}]}}