{"id":7447,"date":"2018-05-23T18:12:49","date_gmt":"2018-05-23T21:12:49","guid":{"rendered":"http:\/\/totallubri.com.br\/?post_type=product&#038;p=7447"},"modified":"2025-01-21T12:17:56","modified_gmt":"2025-01-21T15:17:56","slug":"protetor-anti-respingo-pbico-automatico-1516-2100-ba01p","status":"publish","type":"product","link":"https:\/\/totallubri.com.br\/?product=protetor-anti-respingo-pbico-automatico-1516-2100-ba01p","title":{"rendered":"PROTETOR ANTI-RESPINGO P\/BICO AUTOM\u00c1TICO 15\/16\u2033- 2100-BA01P-LUPUS"},"content":{"rendered":"<p>Protetor anti-respingo em borracha, compat\u00edvel com bocais de todos os ve\u00edculos.Este produto segue a regulamenta\u00e7\u00e3o\u00a0 conforme NR20.<\/p>\n<p>Adapt\u00e1vel a ponteiras de 3\/4&#8243;<br \/>\n<img loading=\"lazy\" decoding=\"async\" class=\"alignnone size-medium wp-image-7449\" src=\"http:\/\/totallubri.com.br\/wp-content\/uploads\/2018\/05\/TABELA-2100-BA01P-300x141.png\" alt=\"TABELA 2100-BA01P\" width=\"300\" height=\"141\" srcset=\"https:\/\/totallubri.com.br\/wp-content\/uploads\/2018\/05\/TABELA-2100-BA01P-300x141.png 300w, https:\/\/totallubri.com.br\/wp-content\/uploads\/2018\/05\/TABELA-2100-BA01P.png 372w\" sizes=\"auto, (max-width: 300px) 100vw, 300px\" \/><\/p>\n","protected":false},"excerpt":{"rendered":"<p>Protetor anti-respingo em borracha, compat\u00edvel com bocais de todos os ve\u00edculos.Este produto segue a regulamenta\u00e7\u00e3o\u00a0 conforme NR20. Adapt\u00e1vel a ponteiras de 3\/4&#8243;<\/p>\n","protected":false},"featured_media":7448,"comment_status":"open","ping_status":"closed","template":"","meta":{"_exactmetrics_skip_tracking":false,"_exactmetrics_sitenote_active":false,"_exactmetrics_sitenote_note":"","_exactmetrics_sitenote_category":0},"product_brand":[],"product_cat":[103],"product_tag":[],"class_list":{"0":"post-7447","1":"product","2":"type-product","3":"status-publish","4":"has-post-thumbnail","6":"product_cat-modulo-para-abastecimento","8":"first","9":"instock","10":"shipping-taxable","11":"product-type-simple"},"_links":{"self":[{"href":"https:\/\/totallubri.com.br\/index.php?rest_route=\/wp\/v2\/product\/7447","targetHints":{"allow":["GET"]}}],"collection":[{"href":"https:\/\/totallubri.com.br\/index.php?rest_route=\/wp\/v2\/product"}],"about":[{"href":"https:\/\/totallubri.com.br\/index.php?rest_route=\/wp\/v2\/types\/product"}],"replies":[{"embeddable":true,"href":"https:\/\/totallubri.com.br\/index.php?rest_route=%2Fwp%2Fv2%2Fcomments&post=7447"}],"wp:featuredmedia":[{"embeddable":true,"href":"https:\/\/totallubri.com.br\/index.php?rest_route=\/wp\/v2\/media\/7448"}],"wp:attachment":[{"href":"https:\/\/totallubri.com.br\/index.php?rest_route=%2Fwp%2Fv2%2Fmedia&parent=7447"}],"wp:term":[{"taxonomy":"product_brand","embeddable":true,"href":"https:\/\/totallubri.com.br\/index.php?rest_route=%2Fwp%2Fv2%2Fproduct_brand&post=7447"},{"taxonomy":"product_cat","embeddable":true,"href":"https:\/\/totallubri.com.br\/index.php?rest_route=%2Fwp%2Fv2%2Fproduct_cat&post=7447"},{"taxonomy":"product_tag","embeddable":true,"href":"https:\/\/totallubri.com.br\/index.php?rest_route=%2Fwp%2Fv2%2Fproduct_tag&post=7447"}],"curies":[{"name":"wp","href":"https:\/\/api.w.org\/{rel}","templated":true}]}}