{"id":7462,"date":"2018-05-24T10:49:36","date_gmt":"2018-05-24T13:49:36","guid":{"rendered":"http:\/\/totallubri.com.br\/?product=protetor-anti-respingo-pbico-de-abastecimento-opw-3aad-1174-101"},"modified":"2025-03-31T14:17:50","modified_gmt":"2025-03-31T17:17:50","slug":"protetor-anti-respingo-pbico-de-abastecimento-opw-3aad-1174-101","status":"publish","type":"product","link":"https:\/\/totallubri.com.br\/?product=protetor-anti-respingo-pbico-de-abastecimento-opw-3aad-1174-101","title":{"rendered":"PROTETOR ANTI-RESPINGO P\/BICO DE ABASTECIMENTO OPW-3AAD-1174-101-TOT-LUB"},"content":{"rendered":"<p>Protetor anti-respingo em borracha, compat\u00edvel com bocais de todos os ve\u00edculos. O Protetor anti-espingo proporciona veda\u00e7\u00e3o, protegendo o v\u00e9iculo e o frentista.<\/p>\n<p>Adapt\u00e1vel a bicos de 11A E 11AP<br \/>\nPonteira\u00a0 de 1\/2&#8243; e 3\/4&#8243;<br \/>\n<img loading=\"lazy\" decoding=\"async\" class=\"alignnone size-medium wp-image-7463\" src=\"http:\/\/totallubri.com.br\/wp-content\/uploads\/2018\/05\/TABELA-3AAD-1174-101-300x141.png\" alt=\"TABELA 3AAD-1174-101\" width=\"300\" height=\"141\" srcset=\"https:\/\/totallubri.com.br\/wp-content\/uploads\/2018\/05\/TABELA-3AAD-1174-101-300x141.png 300w, https:\/\/totallubri.com.br\/wp-content\/uploads\/2018\/05\/TABELA-3AAD-1174-101.png 372w\" sizes=\"auto, (max-width: 300px) 100vw, 300px\" \/><\/p>\n<p>&nbsp;<\/p>\n","protected":false},"excerpt":{"rendered":"<p>Protetor anti-respingo em borracha, compat\u00edvel com bocais de todos os ve\u00edculos. O Protetor anti-espingo proporciona veda\u00e7\u00e3o, protegendo o v\u00e9iculo e o frentista. Adapt\u00e1vel a bicos de 11A E 11AP Ponteira\u00a0 de 1\/2&#8243; e 3\/4&#8243; &nbsp;<\/p>\n","protected":false},"featured_media":7448,"comment_status":"open","ping_status":"closed","template":"","meta":{"_exactmetrics_skip_tracking":false,"_exactmetrics_sitenote_active":false,"_exactmetrics_sitenote_note":"","_exactmetrics_sitenote_category":0},"product_brand":[],"product_cat":[103],"product_tag":[],"class_list":{"0":"post-7462","1":"product","2":"type-product","3":"status-publish","4":"has-post-thumbnail","6":"product_cat-modulo-para-abastecimento","8":"first","9":"instock","10":"shipping-taxable","11":"product-type-simple"},"_links":{"self":[{"href":"https:\/\/totallubri.com.br\/index.php?rest_route=\/wp\/v2\/product\/7462","targetHints":{"allow":["GET"]}}],"collection":[{"href":"https:\/\/totallubri.com.br\/index.php?rest_route=\/wp\/v2\/product"}],"about":[{"href":"https:\/\/totallubri.com.br\/index.php?rest_route=\/wp\/v2\/types\/product"}],"replies":[{"embeddable":true,"href":"https:\/\/totallubri.com.br\/index.php?rest_route=%2Fwp%2Fv2%2Fcomments&post=7462"}],"wp:featuredmedia":[{"embeddable":true,"href":"https:\/\/totallubri.com.br\/index.php?rest_route=\/wp\/v2\/media\/7448"}],"wp:attachment":[{"href":"https:\/\/totallubri.com.br\/index.php?rest_route=%2Fwp%2Fv2%2Fmedia&parent=7462"}],"wp:term":[{"taxonomy":"product_brand","embeddable":true,"href":"https:\/\/totallubri.com.br\/index.php?rest_route=%2Fwp%2Fv2%2Fproduct_brand&post=7462"},{"taxonomy":"product_cat","embeddable":true,"href":"https:\/\/totallubri.com.br\/index.php?rest_route=%2Fwp%2Fv2%2Fproduct_cat&post=7462"},{"taxonomy":"product_tag","embeddable":true,"href":"https:\/\/totallubri.com.br\/index.php?rest_route=%2Fwp%2Fv2%2Fproduct_tag&post=7462"}],"curies":[{"name":"wp","href":"https:\/\/api.w.org\/{rel}","templated":true}]}}