{"id":7503,"date":"2018-05-24T12:15:45","date_gmt":"2018-05-24T15:15:45","guid":{"rendered":"http:\/\/totallubri.com.br\/?product=bico-automatico-2100-bd02"},"modified":"2025-02-25T17:57:00","modified_gmt":"2025-02-25T20:57:00","slug":"bico-automatico-2100-bd02","status":"publish","type":"product","link":"https:\/\/totallubri.com.br\/?product=bico-automatico-2100-bd02","title":{"rendered":"BICO1\u2033 AUTOM\u00c1TICO \u2013 2100-BD02-LUPUS"},"content":{"rendered":"<p>Bico autom\u00e1tico em alum\u00ednio.Para\u00a0 bombas de alta vaz\u00e3o utilizado no abastecimento de caminh\u00f5es, \u00f4nibus, locomotivas e outras aplica\u00e7\u00f5es.<\/p>\n<p>Corpo\u00a0 &#8211; alum\u00ednio<br \/>\nVaz\u00e3o livre &#8211; 120 L\/min<br \/>\nPonteira\u00a0 &#8211;\u00a0 1&#8243; X 300 MM (ponteira Longa)<br \/>\nConex\u00e3o entrada\u00a0 1&#8243; NPT<br \/>\nPress\u00e3o m\u00e1xima de trabalho\u00a0 50 psi<br \/>\n<img loading=\"lazy\" decoding=\"async\" class=\"alignnone size-medium wp-image-7504\" src=\"http:\/\/totallubri.com.br\/wp-content\/uploads\/2018\/05\/TABELA-2100-BD02-BICO-VERMELHO-LONGO-LUPUS-300x141.png\" alt=\"TABELA 2100-BD02 BICO VERMELHO LONGO LUPUS\" width=\"300\" height=\"141\" srcset=\"https:\/\/totallubri.com.br\/wp-content\/uploads\/2018\/05\/TABELA-2100-BD02-BICO-VERMELHO-LONGO-LUPUS-300x141.png 300w, https:\/\/totallubri.com.br\/wp-content\/uploads\/2018\/05\/TABELA-2100-BD02-BICO-VERMELHO-LONGO-LUPUS.png 372w\" sizes=\"auto, (max-width: 300px) 100vw, 300px\" \/><\/p>\n<p>&nbsp;<\/p>\n","protected":false},"excerpt":{"rendered":"<p>Bico autom\u00e1tico em alum\u00ednio.Para\u00a0 bombas de alta vaz\u00e3o utilizado no abastecimento de caminh\u00f5es, \u00f4nibus, locomotivas e outras aplica\u00e7\u00f5es. Corpo\u00a0 &#8211; alum\u00ednio Vaz\u00e3o livre &#8211; 120 L\/min Ponteira\u00a0 &#8211;\u00a0 1&#8243; X 300 MM (ponteira Longa) Conex\u00e3o entrada\u00a0 1&#8243; NPT Press\u00e3o m\u00e1xima de trabalho\u00a0 50 psi &nbsp;<\/p>\n","protected":false},"featured_media":7502,"comment_status":"open","ping_status":"closed","template":"","meta":{"_exactmetrics_skip_tracking":false,"_exactmetrics_sitenote_active":false,"_exactmetrics_sitenote_note":"","_exactmetrics_sitenote_category":0},"product_brand":[],"product_cat":[106],"product_tag":[],"class_list":{"0":"post-7503","1":"product","2":"type-product","3":"status-publish","4":"has-post-thumbnail","6":"product_cat-bico-de-abastecimento-para-combustiveis","8":"first","9":"instock","10":"shipping-taxable","11":"product-type-simple"},"_links":{"self":[{"href":"https:\/\/totallubri.com.br\/index.php?rest_route=\/wp\/v2\/product\/7503","targetHints":{"allow":["GET"]}}],"collection":[{"href":"https:\/\/totallubri.com.br\/index.php?rest_route=\/wp\/v2\/product"}],"about":[{"href":"https:\/\/totallubri.com.br\/index.php?rest_route=\/wp\/v2\/types\/product"}],"replies":[{"embeddable":true,"href":"https:\/\/totallubri.com.br\/index.php?rest_route=%2Fwp%2Fv2%2Fcomments&post=7503"}],"wp:featuredmedia":[{"embeddable":true,"href":"https:\/\/totallubri.com.br\/index.php?rest_route=\/wp\/v2\/media\/7502"}],"wp:attachment":[{"href":"https:\/\/totallubri.com.br\/index.php?rest_route=%2Fwp%2Fv2%2Fmedia&parent=7503"}],"wp:term":[{"taxonomy":"product_brand","embeddable":true,"href":"https:\/\/totallubri.com.br\/index.php?rest_route=%2Fwp%2Fv2%2Fproduct_brand&post=7503"},{"taxonomy":"product_cat","embeddable":true,"href":"https:\/\/totallubri.com.br\/index.php?rest_route=%2Fwp%2Fv2%2Fproduct_cat&post=7503"},{"taxonomy":"product_tag","embeddable":true,"href":"https:\/\/totallubri.com.br\/index.php?rest_route=%2Fwp%2Fv2%2Fproduct_tag&post=7503"}],"curies":[{"name":"wp","href":"https:\/\/api.w.org\/{rel}","templated":true}]}}