{"id":7542,"date":"2018-05-24T16:32:44","date_gmt":"2018-05-24T19:32:44","guid":{"rendered":"http:\/\/totallubri.com.br\/?product=espigao-aco-inox-1061"},"modified":"2024-12-29T21:11:28","modified_gmt":"2024-12-30T00:11:28","slug":"espigao-aco-inox-1061","status":"publish","type":"product","link":"https:\/\/totallubri.com.br\/?product=espigao-aco-inox-1061","title":{"rendered":"ESPIG\u00c3O A\u00c7O INOX -1061- LUPUS"},"content":{"rendered":"<p>Em a\u00e7o carbono, com revestimento zincado.<\/p>\n<p>Material\u00a0: <strong>A\u00e7o Inox<br \/>\n<img loading=\"lazy\" decoding=\"async\" class=\"alignnone size-medium wp-image-7544\" src=\"http:\/\/totallubri.com.br\/wp-content\/uploads\/2018\/05\/TABELA-37-300x195.jpg\" alt=\"TABELA\" width=\"300\" height=\"195\" srcset=\"https:\/\/totallubri.com.br\/wp-content\/uploads\/2018\/05\/TABELA-37-300x195.jpg 300w, https:\/\/totallubri.com.br\/wp-content\/uploads\/2018\/05\/TABELA-37.jpg 379w\" sizes=\"auto, (max-width: 300px) 100vw, 300px\" \/><\/strong><\/p>\n<p>&nbsp;<\/p>\n","protected":false},"excerpt":{"rendered":"<p>Em a\u00e7o carbono, com revestimento zincado. Material\u00a0: A\u00e7o Inox &nbsp;<\/p>\n","protected":false},"featured_media":7543,"comment_status":"open","ping_status":"closed","template":"","meta":{"_exactmetrics_skip_tracking":false,"_exactmetrics_sitenote_active":false,"_exactmetrics_sitenote_note":"","_exactmetrics_sitenote_category":0},"product_brand":[],"product_cat":[130,97],"product_tag":[],"class_list":{"0":"post-7542","1":"product","2":"type-product","3":"status-publish","4":"has-post-thumbnail","6":"product_cat-itens-para-manutencao-em-geral","7":"product_cat-mangueiras-terminais-e-acessorios-para-mangueiras","9":"first","10":"instock","11":"shipping-taxable","12":"product-type-simple"},"_links":{"self":[{"href":"https:\/\/totallubri.com.br\/index.php?rest_route=\/wp\/v2\/product\/7542","targetHints":{"allow":["GET"]}}],"collection":[{"href":"https:\/\/totallubri.com.br\/index.php?rest_route=\/wp\/v2\/product"}],"about":[{"href":"https:\/\/totallubri.com.br\/index.php?rest_route=\/wp\/v2\/types\/product"}],"replies":[{"embeddable":true,"href":"https:\/\/totallubri.com.br\/index.php?rest_route=%2Fwp%2Fv2%2Fcomments&post=7542"}],"wp:featuredmedia":[{"embeddable":true,"href":"https:\/\/totallubri.com.br\/index.php?rest_route=\/wp\/v2\/media\/7543"}],"wp:attachment":[{"href":"https:\/\/totallubri.com.br\/index.php?rest_route=%2Fwp%2Fv2%2Fmedia&parent=7542"}],"wp:term":[{"taxonomy":"product_brand","embeddable":true,"href":"https:\/\/totallubri.com.br\/index.php?rest_route=%2Fwp%2Fv2%2Fproduct_brand&post=7542"},{"taxonomy":"product_cat","embeddable":true,"href":"https:\/\/totallubri.com.br\/index.php?rest_route=%2Fwp%2Fv2%2Fproduct_cat&post=7542"},{"taxonomy":"product_tag","embeddable":true,"href":"https:\/\/totallubri.com.br\/index.php?rest_route=%2Fwp%2Fv2%2Fproduct_tag&post=7542"}],"curies":[{"name":"wp","href":"https:\/\/api.w.org\/{rel}","templated":true}]}}