{"id":7561,"date":"2018-05-25T09:41:10","date_gmt":"2018-05-25T12:41:10","guid":{"rendered":"http:\/\/totallubri.com.br\/?product=bomba-de-transferencia-manual-9009-h"},"modified":"2024-11-21T15:35:16","modified_gmt":"2024-11-21T18:35:16","slug":"bomba-de-transferencia-manual-9009-h","status":"publish","type":"product","link":"https:\/\/totallubri.com.br\/?product=bomba-de-transferencia-manual-9009-h","title":{"rendered":"BOMBA DE TRANSFER\u00caNCIA MANUAL \u2013 9009-H-LUPUS"},"content":{"rendered":"<p align=\"left\"><span style=\"font-family: arial, helvetica, sans-serif;\">Em PVC, indicada para transfer\u00eancia de combust\u00edveis e \u00e1gua.\u00a0<\/span><\/p>\n<p align=\"left\"><span style=\"font-family: arial, helvetica, sans-serif;\">Material\u00a0. \u00a0<b>PVC <\/b><br \/>\nMangueiras\u00a0. <\/span><b><span style=\"font-family: arial, helvetica, sans-serif;\">02 mangueiras di\u00e2metro 12 x 10 mm, comprimento de\u00a0915 mm.<\/span><\/b><b><span style=\"font-family: arial, helvetica, sans-serif;\"><br \/>\n<\/span><\/b><span style=\"font-family: arial, helvetica, sans-serif;\">Bulbo<\/span><span style=\"font-family: arial, helvetica, sans-serif;\">\u00a0. <\/span><b><span style=\"font-family: arial, helvetica, sans-serif;\">2&#8243;\u00a0<\/span><\/b><span style=\"font-family: arial, helvetica, sans-serif;\"><b><br \/>\n<\/b><\/span><span style=\"font-family: arial, helvetica, sans-serif;\"><b><br \/>\n<\/b><\/span><\/p>\n","protected":false},"excerpt":{"rendered":"<p>Em PVC, indicada para transfer\u00eancia de combust\u00edveis e \u00e1gua.\u00a0 Material\u00a0. \u00a0PVC Mangueiras\u00a0. 02 mangueiras di\u00e2metro 12 x 10 mm, comprimento de\u00a0915 mm. Bulbo\u00a0. 2&#8243;\u00a0<\/p>\n","protected":false},"featured_media":7564,"comment_status":"open","ping_status":"closed","template":"","meta":{"_exactmetrics_skip_tracking":false,"_exactmetrics_sitenote_active":false,"_exactmetrics_sitenote_note":"","_exactmetrics_sitenote_category":0},"product_brand":[],"product_cat":[99],"product_tag":[],"class_list":{"0":"post-7561","1":"product","2":"type-product","3":"status-publish","4":"has-post-thumbnail","6":"product_cat-bomba-manual-para-liquidos","8":"first","9":"instock","10":"shipping-taxable","11":"product-type-simple"},"_links":{"self":[{"href":"https:\/\/totallubri.com.br\/index.php?rest_route=\/wp\/v2\/product\/7561","targetHints":{"allow":["GET"]}}],"collection":[{"href":"https:\/\/totallubri.com.br\/index.php?rest_route=\/wp\/v2\/product"}],"about":[{"href":"https:\/\/totallubri.com.br\/index.php?rest_route=\/wp\/v2\/types\/product"}],"replies":[{"embeddable":true,"href":"https:\/\/totallubri.com.br\/index.php?rest_route=%2Fwp%2Fv2%2Fcomments&post=7561"}],"wp:featuredmedia":[{"embeddable":true,"href":"https:\/\/totallubri.com.br\/index.php?rest_route=\/wp\/v2\/media\/7564"}],"wp:attachment":[{"href":"https:\/\/totallubri.com.br\/index.php?rest_route=%2Fwp%2Fv2%2Fmedia&parent=7561"}],"wp:term":[{"taxonomy":"product_brand","embeddable":true,"href":"https:\/\/totallubri.com.br\/index.php?rest_route=%2Fwp%2Fv2%2Fproduct_brand&post=7561"},{"taxonomy":"product_cat","embeddable":true,"href":"https:\/\/totallubri.com.br\/index.php?rest_route=%2Fwp%2Fv2%2Fproduct_cat&post=7561"},{"taxonomy":"product_tag","embeddable":true,"href":"https:\/\/totallubri.com.br\/index.php?rest_route=%2Fwp%2Fv2%2Fproduct_tag&post=7561"}],"curies":[{"name":"wp","href":"https:\/\/api.w.org\/{rel}","templated":true}]}}