{"id":7563,"date":"2018-05-25T10:06:28","date_gmt":"2018-05-25T13:06:28","guid":{"rendered":"http:\/\/totallubri.com.br\/?product=bomba-de-transferencia-manual-9009-b"},"modified":"2024-11-21T15:40:35","modified_gmt":"2024-11-21T18:40:35","slug":"bomba-de-transferencia-manual-9009-b","status":"publish","type":"product","link":"https:\/\/totallubri.com.br\/?product=bomba-de-transferencia-manual-9009-b","title":{"rendered":"BOMBA DE TRANSFER\u00caNCIA MANUAL-9009-B-LUPUS"},"content":{"rendered":"<p align=\"left\"><span style=\"font-family: arial, helvetica, sans-serif;\">Corpo em nylon, com v\u00e1lvula de reten\u00e7\u00e3o e mangueira em PVC. Ideal para uso em recipientes de 20 litros ou menores. Compat\u00edvel com diesel, gasolina, etanol, arla 32 e \u00e1gua. Embalagem com 12 unidades.\u00a0<\/span><\/p>\n<p align=\"left\"><span style=\"font-family: arial, helvetica, sans-serif;\">Mangueiras\u00a0. <b>1\/2&#8243; x 1,60 metros de comprimento<\/b><br \/>\nVaz\u00e3o livre at\u00e9\u00a0.\u00a0<b>12 L\/min\u00a0<\/b><br \/>\n<\/span><span style=\"font-family: arial, helvetica, sans-serif;\">Peso unit\u00e1rio . <\/span><b><span style=\"font-family: arial, helvetica, sans-serif;\">0,21 kg&#8221;<br \/>\n<\/span><\/b><span style=\"font-family: arial, helvetica, sans-serif;\">Peso caixa c\/12<b>\u00a0. 2,73 kg<br \/>\n<\/b><\/span><span style=\"font-family: arial, helvetica, sans-serif;\"><b><br \/>\n<\/b><\/span><\/p>\n","protected":false},"excerpt":{"rendered":"<p>Corpo em nylon, com v\u00e1lvula de reten\u00e7\u00e3o e mangueira em PVC. Ideal para uso em recipientes de 20 litros ou menores. Compat\u00edvel com diesel, gasolina, etanol, arla 32 e \u00e1gua. Embalagem com 12 unidades.\u00a0 Mangueiras\u00a0. 1\/2&#8243; x 1,60 metros de comprimento Vaz\u00e3o livre at\u00e9\u00a0.\u00a012 L\/min\u00a0 Peso unit\u00e1rio . 0,21 kg&#8221; Peso caixa c\/12\u00a0. 2,73 kg<\/p>\n","protected":false},"featured_media":7562,"comment_status":"open","ping_status":"closed","template":"","meta":{"_exactmetrics_skip_tracking":false,"_exactmetrics_sitenote_active":false,"_exactmetrics_sitenote_note":"","_exactmetrics_sitenote_category":0},"product_brand":[],"product_cat":[99],"product_tag":[],"class_list":{"0":"post-7563","1":"product","2":"type-product","3":"status-publish","4":"has-post-thumbnail","6":"product_cat-bomba-manual-para-liquidos","8":"first","9":"instock","10":"shipping-taxable","11":"product-type-simple"},"_links":{"self":[{"href":"https:\/\/totallubri.com.br\/index.php?rest_route=\/wp\/v2\/product\/7563","targetHints":{"allow":["GET"]}}],"collection":[{"href":"https:\/\/totallubri.com.br\/index.php?rest_route=\/wp\/v2\/product"}],"about":[{"href":"https:\/\/totallubri.com.br\/index.php?rest_route=\/wp\/v2\/types\/product"}],"replies":[{"embeddable":true,"href":"https:\/\/totallubri.com.br\/index.php?rest_route=%2Fwp%2Fv2%2Fcomments&post=7563"}],"wp:featuredmedia":[{"embeddable":true,"href":"https:\/\/totallubri.com.br\/index.php?rest_route=\/wp\/v2\/media\/7562"}],"wp:attachment":[{"href":"https:\/\/totallubri.com.br\/index.php?rest_route=%2Fwp%2Fv2%2Fmedia&parent=7563"}],"wp:term":[{"taxonomy":"product_brand","embeddable":true,"href":"https:\/\/totallubri.com.br\/index.php?rest_route=%2Fwp%2Fv2%2Fproduct_brand&post=7563"},{"taxonomy":"product_cat","embeddable":true,"href":"https:\/\/totallubri.com.br\/index.php?rest_route=%2Fwp%2Fv2%2Fproduct_cat&post=7563"},{"taxonomy":"product_tag","embeddable":true,"href":"https:\/\/totallubri.com.br\/index.php?rest_route=%2Fwp%2Fv2%2Fproduct_tag&post=7563"}],"curies":[{"name":"wp","href":"https:\/\/api.w.org\/{rel}","templated":true}]}}