{"id":7588,"date":"2018-06-01T16:08:01","date_gmt":"2018-06-01T19:08:01","guid":{"rendered":"http:\/\/totallubri.com.br\/?product=paleteira-hidraulica-manual-bremen-copia"},"modified":"2025-02-17T18:02:45","modified_gmt":"2025-02-17T21:02:45","slug":"paleteira-hidraulica-manual-bremen-copia","status":"publish","type":"product","link":"https:\/\/totallubri.com.br\/?product=paleteira-hidraulica-manual-bremen-copia","title":{"rendered":"PALETEIRA HIDR\u00c1ULICA MANUAL- BREMEN"},"content":{"rendered":"<h2><\/h2>\n<p>PALETEIRA PARA TRANSPORTE DE CARGA.<\/p>\n<p>&#8211; Em A\u00e7o<br \/>\n&#8211; Tra\u00e7\u00e3o e Eleva\u00e7\u00e3o Manual<br \/>\n&#8211; Altura M\u00e1xima de Eleva\u00e7\u00e3o 195 mm<br \/>\n&#8211; Rodas Duplas de Nylon ou PU<\/p>\n<p><strong>Dados t\u00e9cnicos:<\/strong><\/p>\n<p>CAPACIDADE DE CARGA(t):\u00a05 Ton<br \/>\n<strong>PESO (KG):\u00a0<\/strong>130,00<strong><br \/>\nLARGURA EXT. GARFO (mm): <\/strong>685<strong><br \/>\nCOMPRIMENTO GARFO\u00a0(mm) :<\/strong>1220<strong><br \/>\nc\u00f3d: <\/strong>0007539<\/p>\n<p>OBS: Outros modelos sob consulta.<\/p>\n","protected":false},"excerpt":{"rendered":"<p>PALETEIRA PARA TRANSPORTE DE CARGA. &#8211; Em A\u00e7o &#8211; Tra\u00e7\u00e3o e Eleva\u00e7\u00e3o Manual &#8211; Altura M\u00e1xima de Eleva\u00e7\u00e3o 195 mm &#8211; Rodas Duplas de Nylon ou PU Dados t\u00e9cnicos: CAPACIDADE DE CARGA(t):\u00a05 Ton PESO (KG):\u00a0130,00 LARGURA EXT. GARFO (mm): 685 COMPRIMENTO GARFO\u00a0(mm) :1220 c\u00f3d: 0007539 OBS: Outros modelos sob consulta.<\/p>\n","protected":false},"featured_media":6382,"comment_status":"open","ping_status":"closed","template":"","meta":{"_exactmetrics_skip_tracking":false,"_exactmetrics_sitenote_active":false,"_exactmetrics_sitenote_note":"","_exactmetrics_sitenote_category":0},"product_brand":[],"product_cat":[63],"product_tag":[],"class_list":{"0":"post-7588","1":"product","2":"type-product","3":"status-publish","4":"has-post-thumbnail","6":"product_cat-meio-ambiente","8":"first","9":"instock","10":"shipping-taxable","11":"product-type-simple"},"_links":{"self":[{"href":"https:\/\/totallubri.com.br\/index.php?rest_route=\/wp\/v2\/product\/7588","targetHints":{"allow":["GET"]}}],"collection":[{"href":"https:\/\/totallubri.com.br\/index.php?rest_route=\/wp\/v2\/product"}],"about":[{"href":"https:\/\/totallubri.com.br\/index.php?rest_route=\/wp\/v2\/types\/product"}],"replies":[{"embeddable":true,"href":"https:\/\/totallubri.com.br\/index.php?rest_route=%2Fwp%2Fv2%2Fcomments&post=7588"}],"wp:featuredmedia":[{"embeddable":true,"href":"https:\/\/totallubri.com.br\/index.php?rest_route=\/wp\/v2\/media\/6382"}],"wp:attachment":[{"href":"https:\/\/totallubri.com.br\/index.php?rest_route=%2Fwp%2Fv2%2Fmedia&parent=7588"}],"wp:term":[{"taxonomy":"product_brand","embeddable":true,"href":"https:\/\/totallubri.com.br\/index.php?rest_route=%2Fwp%2Fv2%2Fproduct_brand&post=7588"},{"taxonomy":"product_cat","embeddable":true,"href":"https:\/\/totallubri.com.br\/index.php?rest_route=%2Fwp%2Fv2%2Fproduct_cat&post=7588"},{"taxonomy":"product_tag","embeddable":true,"href":"https:\/\/totallubri.com.br\/index.php?rest_route=%2Fwp%2Fv2%2Fproduct_tag&post=7588"}],"curies":[{"name":"wp","href":"https:\/\/api.w.org\/{rel}","templated":true}]}}