{"id":7590,"date":"2018-06-01T16:10:23","date_gmt":"2018-06-01T19:10:23","guid":{"rendered":"http:\/\/totallubri.com.br\/?product=motobomba-submersivel-optima-ebara-copia-2"},"modified":"2024-11-20T17:10:50","modified_gmt":"2024-11-20T20:10:50","slug":"motobomba-submersivel-optima-ebara-copia-2","status":"publish","type":"product","link":"https:\/\/totallubri.com.br\/?product=motobomba-submersivel-optima-ebara-copia-2","title":{"rendered":"MOTOBOMBA SUBMERS\u00cdVEL &#8211; OPTIMA &#8211; EBARA"},"content":{"rendered":"<p>APLICA\u00c7\u00d5ES<br \/>\n\u2022 Drenagem de po\u00e7o \u2022 Drenagem de por\u00e3o \u2022 Irriga\u00e7\u00e3o de jardim e horta \u2022 Inunda\u00e7\u00e3o \u2022 Bombeamento de \u00e1gua de infiltra\u00e7\u00e3o e de efluentes<\/p>\n<p>INFORMA\u00c7\u00d5ES T\u00c9CNICAS<br \/>\n\u2022 Conex\u00e3o de descarga: 32 mm<br \/>\n\u2022 Pot\u00eancia do motor: 0,33 cv<br \/>\n\u2022 Vaz\u00e3o: 1,2 &#8211; 9,0 m\u00b3\/h<br \/>\n\u2022 Altura manom\u00e9trica: 1,5 &#8211; 7,0 m<br \/>\n\u2022 Rotor: Semiaberto (com crivo)<br \/>\n\u2022 Veda\u00e7\u00e3o do eixo: Superior: retentor \/ Inferior: selo mec\u00e2nico lubrificado a \u00f3leo<br \/>\n\u2022 Tipo: Submers\u00edvel, monof\u00e1sico, c\u00e2mara seca<br \/>\n\u2022 \u00cdndice de prote\u00e7\u00e3o: IP-68<br \/>\n\u2022 Classe de isola\u00e7\u00e3o: F<br \/>\n\u2022 Velocidade nominal: 3.400 rpm (2 p\u00f3los)<br \/>\n\u2022 Tens\u00e3o do estator: Monof\u00e1sico: 110-115 \/ 220-230 V<br \/>\n\u2022 Tipo de partida: Direta<br \/>\n\u2022 N\u00famero de fases: Monof\u00e1sico<br \/>\n\u2022 Prote\u00e7\u00e3o interna: Protetor t\u00e9rmico<br \/>\n\u2022 Mancais: Rolamentos blindados de esferas, pr\u00e9-lubrificados<br \/>\n\u2022 Cabo el\u00e9trico: Comprimento 5 m<br \/>\n\u2022 Temperatura m\u00e1xima: 50 \u00b0C<br \/>\n\u2022 Submerg\u00eancia m\u00e1xima: 5 m<br \/>\n\u2022 N\u00famero de partidas por hora: 30<\/p>\n<p>MATERIAIS<br \/>\n\u2022 Voluta: A\u00e7o inoxid\u00e1vel AISI 304<br \/>\n\u2022 Rotor: PPE + PS refor\u00e7ado com fibra de vidro<br \/>\n\u2022 Eixo: A\u00e7o inoxid\u00e1vel AISI 303<br \/>\n\u2022 Carca\u00e7a do motor: A\u00e7o inoxid\u00e1vel AISI 304<br \/>\n\u2022 Porcas e parafusos: A\u00e7o inoxid\u00e1vel AISI 304<br \/>\n\u2022 Veda\u00e7\u00e3o do eixo retentor: NBR Selo mec\u00e2nico: cer\u00e2mica x grafite<\/p>\n<p><img loading=\"lazy\" decoding=\"async\" class=\"wp-image-6788 aligncenter\" src=\"http:\/\/totallubri.com.br\/wp-content\/uploads\/2018\/03\/tabela-de-sele\u00e7\u00e3o_optima-300x63.png\" alt=\"tabela de sele\u00e7\u00e3o_optima\" width=\"629\" height=\"132\" srcset=\"https:\/\/totallubri.com.br\/wp-content\/uploads\/2018\/03\/tabela-de-sele\u00e7\u00e3o_optima-300x63.png 300w, https:\/\/totallubri.com.br\/wp-content\/uploads\/2018\/03\/tabela-de-sele\u00e7\u00e3o_optima-400x84.png 400w, https:\/\/totallubri.com.br\/wp-content\/uploads\/2018\/03\/tabela-de-sele\u00e7\u00e3o_optima.png 732w\" sizes=\"auto, (max-width: 629px) 100vw, 629px\" \/><\/p>\n<p><img loading=\"lazy\" decoding=\"async\" class=\"alignnone wp-image-6783\" src=\"http:\/\/totallubri.com.br\/wp-content\/uploads\/2018\/03\/CURVA_EBARA_OPTIMA-300x250.jpg\" alt=\"CURVA_EBARA_OPTIMA\" width=\"469\" height=\"391\" srcset=\"https:\/\/totallubri.com.br\/wp-content\/uploads\/2018\/03\/CURVA_EBARA_OPTIMA-300x250.jpg 300w, https:\/\/totallubri.com.br\/wp-content\/uploads\/2018\/03\/CURVA_EBARA_OPTIMA-400x334.jpg 400w, https:\/\/totallubri.com.br\/wp-content\/uploads\/2018\/03\/CURVA_EBARA_OPTIMA.jpg 629w\" sizes=\"auto, (max-width: 469px) 100vw, 469px\" \/><\/p>\n<p>*OBS: Outros modelos sob consulta.<\/p>\n","protected":false},"excerpt":{"rendered":"<p>APLICA\u00c7\u00d5ES \u2022 Drenagem de po\u00e7o \u2022 Drenagem de por\u00e3o \u2022 Irriga\u00e7\u00e3o de jardim e horta \u2022 Inunda\u00e7\u00e3o \u2022 Bombeamento de \u00e1gua de infiltra\u00e7\u00e3o e de efluentes INFORMA\u00c7\u00d5ES T\u00c9CNICAS \u2022 Conex\u00e3o de descarga: 32 mm \u2022 Pot\u00eancia do motor: 0,33 cv \u2022 Vaz\u00e3o: 1,2 &#8211; 9,0 m\u00b3\/h \u2022 Altura manom\u00e9trica: 1,5 &#8211; 7,0 m \u2022 Rotor: [&hellip;]<\/p>\n","protected":false},"featured_media":6784,"comment_status":"open","ping_status":"closed","template":"","meta":{"_exactmetrics_skip_tracking":false,"_exactmetrics_sitenote_active":false,"_exactmetrics_sitenote_note":"","_exactmetrics_sitenote_category":0},"product_brand":[],"product_cat":[94],"product_tag":[],"class_list":{"0":"post-7590","1":"product","2":"type-product","3":"status-publish","4":"has-post-thumbnail","6":"product_cat-bombas-centrifuga-pneumaticas-e-hidraulicas","8":"first","9":"instock","10":"shipping-taxable","11":"product-type-simple"},"_links":{"self":[{"href":"https:\/\/totallubri.com.br\/index.php?rest_route=\/wp\/v2\/product\/7590","targetHints":{"allow":["GET"]}}],"collection":[{"href":"https:\/\/totallubri.com.br\/index.php?rest_route=\/wp\/v2\/product"}],"about":[{"href":"https:\/\/totallubri.com.br\/index.php?rest_route=\/wp\/v2\/types\/product"}],"replies":[{"embeddable":true,"href":"https:\/\/totallubri.com.br\/index.php?rest_route=%2Fwp%2Fv2%2Fcomments&post=7590"}],"wp:featuredmedia":[{"embeddable":true,"href":"https:\/\/totallubri.com.br\/index.php?rest_route=\/wp\/v2\/media\/6784"}],"wp:attachment":[{"href":"https:\/\/totallubri.com.br\/index.php?rest_route=%2Fwp%2Fv2%2Fmedia&parent=7590"}],"wp:term":[{"taxonomy":"product_brand","embeddable":true,"href":"https:\/\/totallubri.com.br\/index.php?rest_route=%2Fwp%2Fv2%2Fproduct_brand&post=7590"},{"taxonomy":"product_cat","embeddable":true,"href":"https:\/\/totallubri.com.br\/index.php?rest_route=%2Fwp%2Fv2%2Fproduct_cat&post=7590"},{"taxonomy":"product_tag","embeddable":true,"href":"https:\/\/totallubri.com.br\/index.php?rest_route=%2Fwp%2Fv2%2Fproduct_tag&post=7590"}],"curies":[{"name":"wp","href":"https:\/\/api.w.org\/{rel}","templated":true}]}}