{"id":7591,"date":"2018-06-01T16:13:30","date_gmt":"2018-06-01T19:13:30","guid":{"rendered":"http:\/\/totallubri.com.br\/?product=bico-automatico-opw-1amopw7hb-100-copia-2"},"modified":"2025-03-28T15:39:21","modified_gmt":"2025-03-28T18:39:21","slug":"bico-automatico-opw-1amopw7hb-100-copia-2","status":"publish","type":"product","link":"https:\/\/totallubri.com.br\/?product=bico-automatico-opw-1amopw7hb-100-copia-2","title":{"rendered":"BICO AUTOM\u00c1TICO OPW- 7HB \u2013 TOT-LUB"},"content":{"rendered":"<p>Bico autom\u00e1tico em alum\u00ednio, modelo OPW. Para bombas de alta vaz\u00e3o utilizado no abastecimento de caminh\u00f5es, \u00f4nibus, locomotivas e outras aplica\u00e7\u00f5es.Com v\u00e1lvula dupla funciona, funciona com a bomba ligada.<\/p>\n<p>Corpo alum\u00ednio<br \/>\nPonteira\u00a0 1&#8243;<br \/>\nConex\u00e3o de entrada\u00a0 1&#8243; NPT<br \/>\nConex\u00e3o de sa\u00edda\u00a0 1&#8243;<br \/>\nVaz\u00e3o m\u00e1xima\u00a0 200 L\/min<br \/>\nPress\u00e3o m\u00e1xima de opera\u00e7\u00e3o\u00a0 50 psi<\/p>\n<p>+ DETALHES SOBRE ESTE PRODUTO:<\/p>\n<table width=\"775\">\n<tbody>\n<tr>\n<td width=\"238\">BICO ABASTECIMENTO AUTOMATICO<\/td>\n<td width=\"138\">MODELO-7HB<\/td>\n<td width=\"71\"><\/td>\n<td width=\"130\"><\/td>\n<td width=\"90\"><\/td>\n<td width=\"108\"><\/td>\n<\/tr>\n<tr>\n<td>CODIGO<\/td>\n<td>PONTEIRAS<\/td>\n<td>VAZAO<\/td>\n<td>PRESSAO<\/td>\n<td>ENTRADA<\/td>\n<td>COR<\/td>\n<\/tr>\n<tr>\n<td>OPW-7HB<\/td>\n<td>1&#8243;<\/td>\n<td>75 L\/M<\/td>\n<td>50 PSI<\/td>\n<td>1&#8243;<\/td>\n<td>AZUL<\/td>\n<\/tr>\n<tr>\n<td>OPW-7HB<\/td>\n<td>1&#8243;<\/td>\n<td>75 L\/M<\/td>\n<td>50 PSI<\/td>\n<td>1&#8243;<\/td>\n<td>CINZA<\/td>\n<\/tr>\n<tr>\n<td>OPW-7HB<\/td>\n<td>1&#8243;<\/td>\n<td>75 L\/M<\/td>\n<td>50 PSI<\/td>\n<td>1&#8243;<\/td>\n<td>PRETO<\/td>\n<\/tr>\n<tr>\n<td>OPW-7HB<\/td>\n<td>1&#8243;<\/td>\n<td>75 L\/M<\/td>\n<td>50 PSI<\/td>\n<td>1&#8243;<\/td>\n<td>AMARELO<\/td>\n<\/tr>\n<tr>\n<td>OPW-7HB<\/td>\n<td>1&#8243;<\/td>\n<td>75 L\/M<\/td>\n<td>50 PSI<\/td>\n<td>1&#8243;<\/td>\n<td>VERMELHO<\/td>\n<\/tr>\n<tr>\n<td>OPW-7HB<\/td>\n<td>1&#8243;<\/td>\n<td>75 L\/M<\/td>\n<td>50 PSI<\/td>\n<td>1&#8243;<\/td>\n<td>VERDE<\/td>\n<\/tr>\n<\/tbody>\n<\/table>\n<p>&nbsp;<\/p>\n<p>&nbsp;<\/p>\n<p>&nbsp;<\/p>\n<p>&nbsp;<\/p>\n","protected":false},"excerpt":{"rendered":"<p>Bico autom\u00e1tico em alum\u00ednio, modelo OPW. Para bombas de alta vaz\u00e3o utilizado no abastecimento de caminh\u00f5es, \u00f4nibus, locomotivas e outras aplica\u00e7\u00f5es.Com v\u00e1lvula dupla funciona, funciona com a bomba ligada. Corpo alum\u00ednio Ponteira\u00a0 1&#8243; Conex\u00e3o de entrada\u00a0 1&#8243; NPT Conex\u00e3o de sa\u00edda\u00a0 1&#8243; Vaz\u00e3o m\u00e1xima\u00a0 200 L\/min Press\u00e3o m\u00e1xima de opera\u00e7\u00e3o\u00a0 50 psi + DETALHES SOBRE [&hellip;]<\/p>\n","protected":false},"featured_media":7499,"comment_status":"open","ping_status":"closed","template":"","meta":{"_exactmetrics_skip_tracking":false,"_exactmetrics_sitenote_active":false,"_exactmetrics_sitenote_note":"","_exactmetrics_sitenote_category":0},"product_brand":[],"product_cat":[106],"product_tag":[],"class_list":{"0":"post-7591","1":"product","2":"type-product","3":"status-publish","4":"has-post-thumbnail","6":"product_cat-bico-de-abastecimento-para-combustiveis","8":"first","9":"instock","10":"shipping-taxable","11":"product-type-simple"},"_links":{"self":[{"href":"https:\/\/totallubri.com.br\/index.php?rest_route=\/wp\/v2\/product\/7591","targetHints":{"allow":["GET"]}}],"collection":[{"href":"https:\/\/totallubri.com.br\/index.php?rest_route=\/wp\/v2\/product"}],"about":[{"href":"https:\/\/totallubri.com.br\/index.php?rest_route=\/wp\/v2\/types\/product"}],"replies":[{"embeddable":true,"href":"https:\/\/totallubri.com.br\/index.php?rest_route=%2Fwp%2Fv2%2Fcomments&post=7591"}],"wp:featuredmedia":[{"embeddable":true,"href":"https:\/\/totallubri.com.br\/index.php?rest_route=\/wp\/v2\/media\/7499"}],"wp:attachment":[{"href":"https:\/\/totallubri.com.br\/index.php?rest_route=%2Fwp%2Fv2%2Fmedia&parent=7591"}],"wp:term":[{"taxonomy":"product_brand","embeddable":true,"href":"https:\/\/totallubri.com.br\/index.php?rest_route=%2Fwp%2Fv2%2Fproduct_brand&post=7591"},{"taxonomy":"product_cat","embeddable":true,"href":"https:\/\/totallubri.com.br\/index.php?rest_route=%2Fwp%2Fv2%2Fproduct_cat&post=7591"},{"taxonomy":"product_tag","embeddable":true,"href":"https:\/\/totallubri.com.br\/index.php?rest_route=%2Fwp%2Fv2%2Fproduct_tag&post=7591"}],"curies":[{"name":"wp","href":"https:\/\/api.w.org\/{rel}","templated":true}]}}