{"id":7594,"date":"2018-06-01T16:19:49","date_gmt":"2018-06-01T19:19:49","guid":{"rendered":"http:\/\/totallubri.com.br\/?product=caixa-separadora-agua-e-oleo-2000-lth-copia-2"},"modified":"2025-03-31T14:20:44","modified_gmt":"2025-03-31T17:20:44","slug":"caixa-separadora-agua-e-oleo-2000-lth-copia-2","status":"publish","type":"product","link":"https:\/\/totallubri.com.br\/?product=caixa-separadora-agua-e-oleo-2000-lth-copia-2","title":{"rendered":"CAIXA SEPARADORA \u00c1GUA E \u00d3LEO 2000 LT\/H-TOT-LUB"},"content":{"rendered":"<p>CAIXA SEPARADORA \u00c1GUA E \u00d3LEO<\/p>\n<p>\u2022 Evita que detritos atinjam as placas coalescentes aumentando a vida \u00fatil das mesmas, facilitando ainda mais o processo de manuten\u00e7\u00e3o.<br \/>\n\u2022 Agilidade e rapidez na manuten\u00e7\u00e3o.<br \/>\n\u2022 N\u00e3o necessita acoplar dep\u00f3sito de \u00f3leo externo, gradeamento e caixa de areia.<br \/>\n\u2022 Permite sua instala\u00e7\u00e3o em locais reduzidos.<\/p>\n<p><strong>Dados t\u00e9cnicos:<\/strong><br \/>\nVaz\u00e3o: at\u00e9 2.000 litros por hora<br \/>\nEntrada\/Sa\u00edda: 60mm<\/p>\n","protected":false},"excerpt":{"rendered":"<p>CAIXA SEPARADORA \u00c1GUA E \u00d3LEO \u2022 Evita que detritos atinjam as placas coalescentes aumentando a vida \u00fatil das mesmas, facilitando ainda mais o processo de manuten\u00e7\u00e3o. \u2022 Agilidade e rapidez na manuten\u00e7\u00e3o. \u2022 N\u00e3o necessita acoplar dep\u00f3sito de \u00f3leo externo, gradeamento e caixa de areia. \u2022 Permite sua instala\u00e7\u00e3o em locais reduzidos. Dados t\u00e9cnicos: Vaz\u00e3o: [&hellip;]<\/p>\n","protected":false},"featured_media":6306,"comment_status":"open","ping_status":"closed","template":"","meta":{"_exactmetrics_skip_tracking":false,"_exactmetrics_sitenote_active":false,"_exactmetrics_sitenote_note":"","_exactmetrics_sitenote_category":0},"product_brand":[],"product_cat":[63],"product_tag":[],"class_list":{"0":"post-7594","1":"product","2":"type-product","3":"status-publish","4":"has-post-thumbnail","6":"product_cat-meio-ambiente","8":"first","9":"instock","10":"shipping-taxable","11":"product-type-simple"},"_links":{"self":[{"href":"https:\/\/totallubri.com.br\/index.php?rest_route=\/wp\/v2\/product\/7594","targetHints":{"allow":["GET"]}}],"collection":[{"href":"https:\/\/totallubri.com.br\/index.php?rest_route=\/wp\/v2\/product"}],"about":[{"href":"https:\/\/totallubri.com.br\/index.php?rest_route=\/wp\/v2\/types\/product"}],"replies":[{"embeddable":true,"href":"https:\/\/totallubri.com.br\/index.php?rest_route=%2Fwp%2Fv2%2Fcomments&post=7594"}],"wp:featuredmedia":[{"embeddable":true,"href":"https:\/\/totallubri.com.br\/index.php?rest_route=\/wp\/v2\/media\/6306"}],"wp:attachment":[{"href":"https:\/\/totallubri.com.br\/index.php?rest_route=%2Fwp%2Fv2%2Fmedia&parent=7594"}],"wp:term":[{"taxonomy":"product_brand","embeddable":true,"href":"https:\/\/totallubri.com.br\/index.php?rest_route=%2Fwp%2Fv2%2Fproduct_brand&post=7594"},{"taxonomy":"product_cat","embeddable":true,"href":"https:\/\/totallubri.com.br\/index.php?rest_route=%2Fwp%2Fv2%2Fproduct_cat&post=7594"},{"taxonomy":"product_tag","embeddable":true,"href":"https:\/\/totallubri.com.br\/index.php?rest_route=%2Fwp%2Fv2%2Fproduct_tag&post=7594"}],"curies":[{"name":"wp","href":"https:\/\/api.w.org\/{rel}","templated":true}]}}