{"id":8112,"date":"2019-10-08T08:34:27","date_gmt":"2019-10-08T11:34:27","guid":{"rendered":"http:\/\/totallubri.com.br\/?post_type=product&#038;p=8112"},"modified":"2024-12-21T16:18:40","modified_gmt":"2024-12-21T19:18:40","slug":"bomba-manual-para-gasolina-sd-11-fill-rite","status":"publish","type":"product","link":"https:\/\/totallubri.com.br\/?product=bomba-manual-para-gasolina-sd-11-fill-rite","title":{"rendered":"Bomba Manual para Gasolina \u2013 SD 11- FILL-RITE"},"content":{"rendered":"<p>Esta bomba manual possui\u00a0\u00a0formato compacto, ideal para a transfer\u00eancia de gasolina e \u00f3leo diesel, fabricada em ferro fundido, com alavanca, marca FILL-RITE.<\/p>\n<table style=\"height: 110px;\" width=\"750\">\n<tbody>\n<tr>\n<td colspan=\"2\" width=\"588\">CARACTER\u00cdSTICAS:<\/td>\n<\/tr>\n<tr>\n<td>Vaz\u00e3o:<\/td>\n<td>\u00a0 \u00a0 32 litros por 100 movimentos.<\/td>\n<\/tr>\n<tr>\n<td>Entrada:<\/td>\n<td>\u00a0 \u00a0 Rosca externa de 2\u201d ou 1 1\/2\u201d para adapta\u00e7\u00e3o em tanques ou tambores.<\/td>\n<\/tr>\n<tr>\n<td>Sa\u00edda :<\/td>\n<td>\u00a0 \u00a0 3\/4\u201d<\/td>\n<\/tr>\n<tr>\n<td>Tubo:<\/td>\n<td>\u00a0 \u00a0 Tubo telesc\u00f3pico de ferro para adapta\u00e7\u00e3o em diferentes alturas de tambor e barril.<\/td>\n<\/tr>\n<tr>\n<td>Peso:<\/td>\n<td>\u00a0 \u00a0 \u00a05 kg<\/td>\n<\/tr>\n<\/tbody>\n<\/table>\n","protected":false},"excerpt":{"rendered":"<p>Bomba manual para transfer\u00eancia de GASOLINA e \u00f3leo diesel. Compacta e de f\u00e1cil manuseio.<\/p>\n","protected":false},"featured_media":8113,"comment_status":"open","ping_status":"closed","template":"","meta":{"_exactmetrics_skip_tracking":false,"_exactmetrics_sitenote_active":false,"_exactmetrics_sitenote_note":"","_exactmetrics_sitenote_category":0},"product_brand":[],"product_cat":[99],"product_tag":[],"class_list":{"0":"post-8112","1":"product","2":"type-product","3":"status-publish","4":"has-post-thumbnail","6":"product_cat-bomba-manual-para-liquidos","8":"first","9":"instock","10":"shipping-taxable","11":"product-type-simple"},"_links":{"self":[{"href":"https:\/\/totallubri.com.br\/index.php?rest_route=\/wp\/v2\/product\/8112","targetHints":{"allow":["GET"]}}],"collection":[{"href":"https:\/\/totallubri.com.br\/index.php?rest_route=\/wp\/v2\/product"}],"about":[{"href":"https:\/\/totallubri.com.br\/index.php?rest_route=\/wp\/v2\/types\/product"}],"replies":[{"embeddable":true,"href":"https:\/\/totallubri.com.br\/index.php?rest_route=%2Fwp%2Fv2%2Fcomments&post=8112"}],"wp:featuredmedia":[{"embeddable":true,"href":"https:\/\/totallubri.com.br\/index.php?rest_route=\/wp\/v2\/media\/8113"}],"wp:attachment":[{"href":"https:\/\/totallubri.com.br\/index.php?rest_route=%2Fwp%2Fv2%2Fmedia&parent=8112"}],"wp:term":[{"taxonomy":"product_brand","embeddable":true,"href":"https:\/\/totallubri.com.br\/index.php?rest_route=%2Fwp%2Fv2%2Fproduct_brand&post=8112"},{"taxonomy":"product_cat","embeddable":true,"href":"https:\/\/totallubri.com.br\/index.php?rest_route=%2Fwp%2Fv2%2Fproduct_cat&post=8112"},{"taxonomy":"product_tag","embeddable":true,"href":"https:\/\/totallubri.com.br\/index.php?rest_route=%2Fwp%2Fv2%2Fproduct_tag&post=8112"}],"curies":[{"name":"wp","href":"https:\/\/api.w.org\/{rel}","templated":true}]}}