{"id":8602,"date":"2024-04-01T15:58:06","date_gmt":"2024-04-01T18:58:06","guid":{"rendered":"https:\/\/totallubri.com.br\/?post_type=product&#038;p=8602"},"modified":"2024-12-05T16:55:18","modified_gmt":"2024-12-05T19:55:18","slug":"1974w-comando-para-oleo","status":"publish","type":"product","link":"https:\/\/totallubri.com.br\/?product=1974w-comando-para-oleo","title":{"rendered":"1974W COMANDO PARA \u00d3LEO-LUPUS"},"content":{"rendered":"<p>Em a\u00e7o carbono, possui sistema de travamento por esferas, proporcionando maior seguran\u00e7a sem desperd\u00edcio com vazamentos.<\/p>\n<p>&nbsp;<\/p>\n<p>Peso: 0,2 Kg<\/p>\n<p><b>Medidas:<\/b>\u00a0(A) 115 mm x (L) 31 mm x (C) 45 mm<\/p>\n","protected":false},"excerpt":{"rendered":"<p>Em a\u00e7o carbono, possui sistema de travamento por esferas, proporcionando maior seguran\u00e7a sem desperd\u00edcio com vazamentos. &nbsp; Peso: 0,2 Kg Medidas:\u00a0(A) 115 mm x (L) 31 mm x (C) 45 mm<\/p>\n","protected":false},"featured_media":8603,"comment_status":"open","ping_status":"closed","template":"","meta":{"_exactmetrics_skip_tracking":false,"_exactmetrics_sitenote_active":false,"_exactmetrics_sitenote_note":"","_exactmetrics_sitenote_category":0},"product_brand":[],"product_cat":[114],"product_tag":[],"class_list":{"0":"post-8602","1":"product","2":"type-product","3":"status-publish","4":"has-post-thumbnail","6":"product_cat-solucoes-para-abastecimento","8":"first","9":"instock","10":"shipping-taxable","11":"product-type-simple"},"_links":{"self":[{"href":"https:\/\/totallubri.com.br\/index.php?rest_route=\/wp\/v2\/product\/8602","targetHints":{"allow":["GET"]}}],"collection":[{"href":"https:\/\/totallubri.com.br\/index.php?rest_route=\/wp\/v2\/product"}],"about":[{"href":"https:\/\/totallubri.com.br\/index.php?rest_route=\/wp\/v2\/types\/product"}],"replies":[{"embeddable":true,"href":"https:\/\/totallubri.com.br\/index.php?rest_route=%2Fwp%2Fv2%2Fcomments&post=8602"}],"wp:featuredmedia":[{"embeddable":true,"href":"https:\/\/totallubri.com.br\/index.php?rest_route=\/wp\/v2\/media\/8603"}],"wp:attachment":[{"href":"https:\/\/totallubri.com.br\/index.php?rest_route=%2Fwp%2Fv2%2Fmedia&parent=8602"}],"wp:term":[{"taxonomy":"product_brand","embeddable":true,"href":"https:\/\/totallubri.com.br\/index.php?rest_route=%2Fwp%2Fv2%2Fproduct_brand&post=8602"},{"taxonomy":"product_cat","embeddable":true,"href":"https:\/\/totallubri.com.br\/index.php?rest_route=%2Fwp%2Fv2%2Fproduct_cat&post=8602"},{"taxonomy":"product_tag","embeddable":true,"href":"https:\/\/totallubri.com.br\/index.php?rest_route=%2Fwp%2Fv2%2Fproduct_tag&post=8602"}],"curies":[{"name":"wp","href":"https:\/\/api.w.org\/{rel}","templated":true}]}}