{"id":8679,"date":"2024-04-05T13:50:07","date_gmt":"2024-04-05T16:50:07","guid":{"rendered":"https:\/\/totallubri.com.br\/?post_type=product&#038;p=8679"},"modified":"2025-02-27T12:39:35","modified_gmt":"2025-02-27T15:39:35","slug":"9123-60sw-bomba-de-transferencia-de-eletrica","status":"publish","type":"product","link":"https:\/\/totallubri.com.br\/?product=9123-60sw-bomba-de-transferencia-de-eletrica","title":{"rendered":"9123-60SW BOMBA DE TRANSFER\u00caNCIA DE EL\u00c9TRICA-LUPUS"},"content":{"rendered":"<p>Bomba autoaspirante de palhetas, com v\u00e1lvula by-pass e filtro interno.<\/p>\n<p>&nbsp;<\/p>\n<p>Peso: 6,5 Kg<\/p>\n<p>Medidas: (C) 220 mm x (L) 165 mm x (A) 181 mm<\/p>\n","protected":false},"excerpt":{"rendered":"<p>Bomba autoaspirante de palhetas, com v\u00e1lvula by-pass e filtro interno. &nbsp; Peso: 6,5 Kg Medidas: (C) 220 mm x (L) 165 mm x (A) 181 mm<\/p>\n","protected":false},"featured_media":14967,"comment_status":"open","ping_status":"closed","template":"","meta":{"_exactmetrics_skip_tracking":false,"_exactmetrics_sitenote_active":false,"_exactmetrics_sitenote_note":"","_exactmetrics_sitenote_category":0},"product_brand":[],"product_cat":[96],"product_tag":[],"class_list":{"0":"post-8679","1":"product","2":"type-product","3":"status-publish","4":"has-post-thumbnail","6":"product_cat-bomba-de-transferencia-eletrica-e-bateria","8":"first","9":"instock","10":"shipping-taxable","11":"product-type-simple"},"_links":{"self":[{"href":"https:\/\/totallubri.com.br\/index.php?rest_route=\/wp\/v2\/product\/8679","targetHints":{"allow":["GET"]}}],"collection":[{"href":"https:\/\/totallubri.com.br\/index.php?rest_route=\/wp\/v2\/product"}],"about":[{"href":"https:\/\/totallubri.com.br\/index.php?rest_route=\/wp\/v2\/types\/product"}],"replies":[{"embeddable":true,"href":"https:\/\/totallubri.com.br\/index.php?rest_route=%2Fwp%2Fv2%2Fcomments&post=8679"}],"wp:featuredmedia":[{"embeddable":true,"href":"https:\/\/totallubri.com.br\/index.php?rest_route=\/wp\/v2\/media\/14967"}],"wp:attachment":[{"href":"https:\/\/totallubri.com.br\/index.php?rest_route=%2Fwp%2Fv2%2Fmedia&parent=8679"}],"wp:term":[{"taxonomy":"product_brand","embeddable":true,"href":"https:\/\/totallubri.com.br\/index.php?rest_route=%2Fwp%2Fv2%2Fproduct_brand&post=8679"},{"taxonomy":"product_cat","embeddable":true,"href":"https:\/\/totallubri.com.br\/index.php?rest_route=%2Fwp%2Fv2%2Fproduct_cat&post=8679"},{"taxonomy":"product_tag","embeddable":true,"href":"https:\/\/totallubri.com.br\/index.php?rest_route=%2Fwp%2Fv2%2Fproduct_tag&post=8679"}],"curies":[{"name":"wp","href":"https:\/\/api.w.org\/{rel}","templated":true}]}}