{"id":8694,"date":"2024-04-05T14:10:49","date_gmt":"2024-04-05T17:10:49","guid":{"rendered":"https:\/\/totallubri.com.br\/?post_type=product&#038;p=8694"},"modified":"2025-01-26T18:44:23","modified_gmt":"2025-01-26T21:44:23","slug":"9559-unidade-de-abastecimento-com-bomba-submersa","status":"publish","type":"product","link":"https:\/\/totallubri.com.br\/?product=9559-unidade-de-abastecimento-com-bomba-submersa","title":{"rendered":"9559 \u2013 UNIDADE DE ABASTECIMENTO COM BOMBA SUBMERSA-LUPUS"},"content":{"rendered":"<p>Sistema integrado, bomba submersa em a\u00e7o inox, controlador on\/off (press\u00e3o\/vaz\u00e3o) e tampa flangeada em a\u00e7o inox 304 para tanque subterr\u00e2neo, com v\u00e1lvula de al\u00edvio ajust\u00e1vel, tubula\u00e7\u00e3o de press\u00e3o, retorno, conex\u00f5es e acess\u00f3rios roscados, todos em a\u00e7o inox.<\/p>\n<p>&nbsp;<\/p>\n<p>Peso: 25 Kg<\/p>\n<p>Medidas: (A) 2200 mm x (L) 570 mm<\/p>\n","protected":false},"excerpt":{"rendered":"<p>Sistema integrado, bomba submersa em a\u00e7o inox, controlador on\/off (press\u00e3o\/vaz\u00e3o) e tampa flangeada em a\u00e7o inox 304 para tanque subterr\u00e2neo, com v\u00e1lvula de al\u00edvio ajust\u00e1vel, tubula\u00e7\u00e3o de press\u00e3o, retorno, conex\u00f5es e acess\u00f3rios roscados, todos em a\u00e7o inox. &nbsp; Peso: 25 Kg Medidas: (A) 2200 mm x (L) 570 mm<\/p>\n","protected":false},"featured_media":8695,"comment_status":"open","ping_status":"closed","template":"","meta":{"_exactmetrics_skip_tracking":false,"_exactmetrics_sitenote_active":false,"_exactmetrics_sitenote_note":"","_exactmetrics_sitenote_category":0},"product_brand":[],"product_cat":[119],"product_tag":[],"class_list":{"0":"post-8694","1":"product","2":"type-product","3":"status-publish","4":"has-post-thumbnail","6":"product_cat-unidade-de-abastecimento-pneumatica","8":"first","9":"instock","10":"shipping-taxable","11":"product-type-simple"},"_links":{"self":[{"href":"https:\/\/totallubri.com.br\/index.php?rest_route=\/wp\/v2\/product\/8694","targetHints":{"allow":["GET"]}}],"collection":[{"href":"https:\/\/totallubri.com.br\/index.php?rest_route=\/wp\/v2\/product"}],"about":[{"href":"https:\/\/totallubri.com.br\/index.php?rest_route=\/wp\/v2\/types\/product"}],"replies":[{"embeddable":true,"href":"https:\/\/totallubri.com.br\/index.php?rest_route=%2Fwp%2Fv2%2Fcomments&post=8694"}],"wp:featuredmedia":[{"embeddable":true,"href":"https:\/\/totallubri.com.br\/index.php?rest_route=\/wp\/v2\/media\/8695"}],"wp:attachment":[{"href":"https:\/\/totallubri.com.br\/index.php?rest_route=%2Fwp%2Fv2%2Fmedia&parent=8694"}],"wp:term":[{"taxonomy":"product_brand","embeddable":true,"href":"https:\/\/totallubri.com.br\/index.php?rest_route=%2Fwp%2Fv2%2Fproduct_brand&post=8694"},{"taxonomy":"product_cat","embeddable":true,"href":"https:\/\/totallubri.com.br\/index.php?rest_route=%2Fwp%2Fv2%2Fproduct_cat&post=8694"},{"taxonomy":"product_tag","embeddable":true,"href":"https:\/\/totallubri.com.br\/index.php?rest_route=%2Fwp%2Fv2%2Fproduct_tag&post=8694"}],"curies":[{"name":"wp","href":"https:\/\/api.w.org\/{rel}","templated":true}]}}