{"id":8701,"date":"2024-04-05T14:28:10","date_gmt":"2024-04-05T17:28:10","guid":{"rendered":"https:\/\/totallubri.com.br\/?post_type=product&#038;p=8701"},"modified":"2024-11-21T15:04:54","modified_gmt":"2024-11-21T18:04:54","slug":"9008-f-bomba-de-transferencia-manual-rotativa-com-filtro","status":"publish","type":"product","link":"https:\/\/totallubri.com.br\/?product=9008-f-bomba-de-transferencia-manual-rotativa-com-filtro","title":{"rendered":"9008-F BOMBA DE TRANSFER\u00caNCIA MANUAL ROTATIVA COM FILTRO-LUPUS"},"content":{"rendered":"<p>Em a\u00e7o, adapt\u00e1vel a tambores, para lubrificantes leves (SAE 90 \u00e0 40\u00baC), \u00f3leo diesel e querosene, com adaptador.<\/p>\n<p>&nbsp;<\/p>\n<p>Peso: 5,5 Kg<\/p>\n<p>Medidas: (A) 1260 mm x (L) 205 mm<\/p>\n","protected":false},"excerpt":{"rendered":"<p>Em a\u00e7o, adapt\u00e1vel a tambores, para lubrificantes leves (SAE 90 \u00e0 40\u00baC), \u00f3leo diesel e querosene, com adaptador. &nbsp; Peso: 5,5 Kg Medidas: (A) 1260 mm x (L) 205 mm<\/p>\n","protected":false},"featured_media":8702,"comment_status":"open","ping_status":"closed","template":"","meta":{"_exactmetrics_skip_tracking":false,"_exactmetrics_sitenote_active":false,"_exactmetrics_sitenote_note":"","_exactmetrics_sitenote_category":0},"product_brand":[],"product_cat":[99],"product_tag":[],"class_list":{"0":"post-8701","1":"product","2":"type-product","3":"status-publish","4":"has-post-thumbnail","6":"product_cat-bomba-manual-para-liquidos","8":"first","9":"instock","10":"shipping-taxable","11":"product-type-simple"},"_links":{"self":[{"href":"https:\/\/totallubri.com.br\/index.php?rest_route=\/wp\/v2\/product\/8701","targetHints":{"allow":["GET"]}}],"collection":[{"href":"https:\/\/totallubri.com.br\/index.php?rest_route=\/wp\/v2\/product"}],"about":[{"href":"https:\/\/totallubri.com.br\/index.php?rest_route=\/wp\/v2\/types\/product"}],"replies":[{"embeddable":true,"href":"https:\/\/totallubri.com.br\/index.php?rest_route=%2Fwp%2Fv2%2Fcomments&post=8701"}],"wp:featuredmedia":[{"embeddable":true,"href":"https:\/\/totallubri.com.br\/index.php?rest_route=\/wp\/v2\/media\/8702"}],"wp:attachment":[{"href":"https:\/\/totallubri.com.br\/index.php?rest_route=%2Fwp%2Fv2%2Fmedia&parent=8701"}],"wp:term":[{"taxonomy":"product_brand","embeddable":true,"href":"https:\/\/totallubri.com.br\/index.php?rest_route=%2Fwp%2Fv2%2Fproduct_brand&post=8701"},{"taxonomy":"product_cat","embeddable":true,"href":"https:\/\/totallubri.com.br\/index.php?rest_route=%2Fwp%2Fv2%2Fproduct_cat&post=8701"},{"taxonomy":"product_tag","embeddable":true,"href":"https:\/\/totallubri.com.br\/index.php?rest_route=%2Fwp%2Fv2%2Fproduct_tag&post=8701"}],"curies":[{"name":"wp","href":"https:\/\/api.w.org\/{rel}","templated":true}]}}