{"id":8707,"date":"2024-04-05T15:13:18","date_gmt":"2024-04-05T18:13:18","guid":{"rendered":"https:\/\/totallubri.com.br\/?post_type=product&#038;p=8707"},"modified":"2025-01-05T10:24:36","modified_gmt":"2025-01-05T13:24:36","slug":"9026-g7-unidade-de-abastecimento","status":"publish","type":"product","link":"https:\/\/totallubri.com.br\/?product=9026-g7-unidade-de-abastecimento","title":{"rendered":"9026-G7 PROPULSORA PNEUMATICA P\/GRAXA-LUPUS"},"content":{"rendered":"<p>Propulsora pneum\u00e1tica com corpo em alum\u00ednio.<\/p>\n<h2>Informa\u00e7\u00e3o adicional<\/h2>\n<table class=\"woocommerce-product-attributes shop_attributes\">\n<tbody>\n<tr class=\"woocommerce-product-attributes-item woocommerce-product-attributes-item--attribute_pa_propulsora\">\n<th class=\"woocommerce-product-attributes-item__label\">Propulsora<\/th>\n<td class=\"woocommerce-product-attributes-item__value\">9000-SG7<\/td>\n<\/tr>\n<tr class=\"woocommerce-product-attributes-item woocommerce-product-attributes-item--attribute_pa_nivel-de-ruido\">\n<th class=\"woocommerce-product-attributes-item__label\">N\u00edvel do ru\u00eddo<\/th>\n<td class=\"woocommerce-product-attributes-item__value\">76 db<\/td>\n<\/tr>\n<tr class=\"woocommerce-product-attributes-item woocommerce-product-attributes-item--attribute_pa_compactador\">\n<th class=\"woocommerce-product-attributes-item__label\">Compactador<\/th>\n<td class=\"woocommerce-product-attributes-item__value\">Adapt\u00e1vel a tambores 200 Kg<\/td>\n<\/tr>\n<tr class=\"woocommerce-product-attributes-item woocommerce-product-attributes-item--attribute_pa_vazao-livre\">\n<th class=\"woocommerce-product-attributes-item__label\">Vaz\u00e3o livre<\/th>\n<td class=\"woocommerce-product-attributes-item__value\">1,6 kg\/min (graxa NLGI 1 \u2013 20\u00baC)<\/td>\n<\/tr>\n<tr class=\"woocommerce-product-attributes-item woocommerce-product-attributes-item--attribute_pa_rateio\">\n<th class=\"woocommerce-product-attributes-item__label\">Rateio<\/th>\n<td class=\"woocommerce-product-attributes-item__value\">60\/1<\/td>\n<\/tr>\n<tr class=\"woocommerce-product-attributes-item woocommerce-product-attributes-item--attribute_pa_conexao-de-entrada-ar\">\n<th class=\"woocommerce-product-attributes-item__label\">Conex\u00e3o de entrada de ar<\/th>\n<td class=\"woocommerce-product-attributes-item__value\">\u00d8 1\/4&#8243; BSP (F)<\/td>\n<\/tr>\n<tr class=\"woocommerce-product-attributes-item woocommerce-product-attributes-item--attribute_pa_pressao-de-entrada-de-ar\">\n<th class=\"woocommerce-product-attributes-item__label\">Press\u00e3o de entrada de ar<\/th>\n<td class=\"woocommerce-product-attributes-item__value\">36 a 115 psi<\/td>\n<\/tr>\n<tr class=\"woocommerce-product-attributes-item woocommerce-product-attributes-item--attribute_pa_consumo-de-ar\">\n<th class=\"woocommerce-product-attributes-item__label\">Consumo de ar<\/th>\n<td class=\"woocommerce-product-attributes-item__value\">4,6 ft3\/min<\/td>\n<\/tr>\n<tr class=\"woocommerce-product-attributes-item woocommerce-product-attributes-item--attribute_pa_entrada-de-graxa\">\n<th class=\"woocommerce-product-attributes-item__label\">Entrada de graxa<\/th>\n<td class=\"woocommerce-product-attributes-item__value\">\u00d8 30 mm<\/td>\n<\/tr>\n<tr class=\"woocommerce-product-attributes-item woocommerce-product-attributes-item--attribute_pa_conexao-de-saida\">\n<th class=\"woocommerce-product-attributes-item__label\">Conex\u00e3o de sa\u00edda<\/th>\n<td class=\"woocommerce-product-attributes-item__value\">\u00d8 1\/4&#8243; BSP (F)<\/td>\n<\/tr>\n<tr class=\"woocommerce-product-attributes-item woocommerce-product-attributes-item--attribute_pa_pressao-da-saida\">\n<th class=\"woocommerce-product-attributes-item__label\">Press\u00e3o da sa\u00edda<\/th>\n<td class=\"woocommerce-product-attributes-item__value\">2.400 a 7.200 psi<\/td>\n<\/tr>\n<\/tbody>\n<\/table>\n","protected":false},"excerpt":{"rendered":"<p>Propulsora pneum\u00e1tica com corpo em alum\u00ednio. Informa\u00e7\u00e3o adicional Propulsora 9000-SG7 N\u00edvel do ru\u00eddo 76 db Compactador Adapt\u00e1vel a tambores 200 Kg Vaz\u00e3o livre 1,6 kg\/min (graxa NLGI 1 \u2013 20\u00baC) Rateio 60\/1 Conex\u00e3o de entrada de ar \u00d8 1\/4&#8243; BSP (F) Press\u00e3o de entrada de ar 36 a 115 psi Consumo de ar 4,6 ft3\/min [&hellip;]<\/p>\n","protected":false},"featured_media":8709,"comment_status":"open","ping_status":"closed","template":"","meta":{"_exactmetrics_skip_tracking":false,"_exactmetrics_sitenote_active":false,"_exactmetrics_sitenote_note":"","_exactmetrics_sitenote_category":0},"product_brand":[],"product_cat":[112],"product_tag":[],"class_list":{"0":"post-8707","1":"product","2":"type-product","3":"status-publish","4":"has-post-thumbnail","6":"product_cat-propulsoras-especiais-e-alta-vazao-suportes-e-acessorios-para-propulsoras","8":"first","9":"instock","10":"shipping-taxable","11":"product-type-simple"},"_links":{"self":[{"href":"https:\/\/totallubri.com.br\/index.php?rest_route=\/wp\/v2\/product\/8707","targetHints":{"allow":["GET"]}}],"collection":[{"href":"https:\/\/totallubri.com.br\/index.php?rest_route=\/wp\/v2\/product"}],"about":[{"href":"https:\/\/totallubri.com.br\/index.php?rest_route=\/wp\/v2\/types\/product"}],"replies":[{"embeddable":true,"href":"https:\/\/totallubri.com.br\/index.php?rest_route=%2Fwp%2Fv2%2Fcomments&post=8707"}],"wp:featuredmedia":[{"embeddable":true,"href":"https:\/\/totallubri.com.br\/index.php?rest_route=\/wp\/v2\/media\/8709"}],"wp:attachment":[{"href":"https:\/\/totallubri.com.br\/index.php?rest_route=%2Fwp%2Fv2%2Fmedia&parent=8707"}],"wp:term":[{"taxonomy":"product_brand","embeddable":true,"href":"https:\/\/totallubri.com.br\/index.php?rest_route=%2Fwp%2Fv2%2Fproduct_brand&post=8707"},{"taxonomy":"product_cat","embeddable":true,"href":"https:\/\/totallubri.com.br\/index.php?rest_route=%2Fwp%2Fv2%2Fproduct_cat&post=8707"},{"taxonomy":"product_tag","embeddable":true,"href":"https:\/\/totallubri.com.br\/index.php?rest_route=%2Fwp%2Fv2%2Fproduct_tag&post=8707"}],"curies":[{"name":"wp","href":"https:\/\/api.w.org\/{rel}","templated":true}]}}