{"id":8754,"date":"2024-04-09T13:05:41","date_gmt":"2024-04-09T16:05:41","guid":{"rendered":"https:\/\/totallubri.com.br\/?post_type=product&#038;p=8754"},"modified":"2025-01-05T10:16:44","modified_gmt":"2025-01-05T13:16:44","slug":"9037-t-tampa","status":"publish","type":"product","link":"https:\/\/totallubri.com.br\/?product=9037-t-tampa","title":{"rendered":"9037-T TAMPA \u2013 LUPUS"},"content":{"rendered":"<p>Em a\u00e7o carbono, com pintura eletrost\u00e1tica. Tampa para propulsora industrial de servi\u00e7o pesado.<\/p>\n<p>&nbsp;<\/p>\n<p>Peso: 9 Kg<\/p>\n<p>Medidas: (A) 80 mm x (\u00d8) 627 mm<\/p>\n","protected":false},"excerpt":{"rendered":"<p>Em a\u00e7o carbono, com pintura eletrost\u00e1tica. Tampa para propulsora industrial de servi\u00e7o pesado. &nbsp; Peso: 9 Kg Medidas: (A) 80 mm x (\u00d8) 627 mm<\/p>\n","protected":false},"featured_media":8755,"comment_status":"open","ping_status":"closed","template":"","meta":{"_exactmetrics_skip_tracking":false,"_exactmetrics_sitenote_active":false,"_exactmetrics_sitenote_note":"","_exactmetrics_sitenote_category":0},"product_brand":[],"product_cat":[112],"product_tag":[],"class_list":{"0":"post-8754","1":"product","2":"type-product","3":"status-publish","4":"has-post-thumbnail","6":"product_cat-propulsoras-especiais-e-alta-vazao-suportes-e-acessorios-para-propulsoras","8":"first","9":"instock","10":"shipping-taxable","11":"product-type-simple"},"_links":{"self":[{"href":"https:\/\/totallubri.com.br\/index.php?rest_route=\/wp\/v2\/product\/8754","targetHints":{"allow":["GET"]}}],"collection":[{"href":"https:\/\/totallubri.com.br\/index.php?rest_route=\/wp\/v2\/product"}],"about":[{"href":"https:\/\/totallubri.com.br\/index.php?rest_route=\/wp\/v2\/types\/product"}],"replies":[{"embeddable":true,"href":"https:\/\/totallubri.com.br\/index.php?rest_route=%2Fwp%2Fv2%2Fcomments&post=8754"}],"wp:featuredmedia":[{"embeddable":true,"href":"https:\/\/totallubri.com.br\/index.php?rest_route=\/wp\/v2\/media\/8755"}],"wp:attachment":[{"href":"https:\/\/totallubri.com.br\/index.php?rest_route=%2Fwp%2Fv2%2Fmedia&parent=8754"}],"wp:term":[{"taxonomy":"product_brand","embeddable":true,"href":"https:\/\/totallubri.com.br\/index.php?rest_route=%2Fwp%2Fv2%2Fproduct_brand&post=8754"},{"taxonomy":"product_cat","embeddable":true,"href":"https:\/\/totallubri.com.br\/index.php?rest_route=%2Fwp%2Fv2%2Fproduct_cat&post=8754"},{"taxonomy":"product_tag","embeddable":true,"href":"https:\/\/totallubri.com.br\/index.php?rest_route=%2Fwp%2Fv2%2Fproduct_tag&post=8754"}],"curies":[{"name":"wp","href":"https:\/\/api.w.org\/{rel}","templated":true}]}}