{"id":8757,"date":"2024-04-09T13:09:38","date_gmt":"2024-04-09T16:09:38","guid":{"rendered":"https:\/\/totallubri.com.br\/?post_type=product&#038;p=8757"},"modified":"2025-01-05T10:14:24","modified_gmt":"2025-01-05T13:14:24","slug":"9032-g7c-compactor-para-propulsora-pneumatica-industrial","status":"publish","type":"product","link":"https:\/\/totallubri.com.br\/?product=9032-g7c-compactor-para-propulsora-pneumatica-industrial","title":{"rendered":"9032-G7C COMPACTADOR PARA PROPULSORA PNEUMATICA INDUSTRIAL-LUPUS"},"content":{"rendered":"<p>Em a\u00e7o carbono, para tambores de 200 kg. Com membranas na parte externa e an\u00e9is orings na parte interna, para melhor compacta\u00e7\u00e3o da graxa, evitando entrada de ar no fundo do tambor de graxa.<\/p>\n<p>&nbsp;<\/p>\n<p>Peso: 4,35 Kg<\/p>\n<p>Medidas: (A) 55 mm x (\u00d8) 585 mm<\/p>\n","protected":false},"excerpt":{"rendered":"<p>Em a\u00e7o carbono, para tambores de 200 kg. Com membranas na parte externa e an\u00e9is orings na parte interna, para melhor compacta\u00e7\u00e3o da graxa, evitando entrada de ar no fundo do tambor de graxa. &nbsp; Peso: 4,35 Kg Medidas: (A) 55 mm x (\u00d8) 585 mm<\/p>\n","protected":false},"featured_media":8755,"comment_status":"open","ping_status":"closed","template":"","meta":{"_exactmetrics_skip_tracking":false,"_exactmetrics_sitenote_active":false,"_exactmetrics_sitenote_note":"","_exactmetrics_sitenote_category":0},"product_brand":[],"product_cat":[112],"product_tag":[],"class_list":{"0":"post-8757","1":"product","2":"type-product","3":"status-publish","4":"has-post-thumbnail","6":"product_cat-propulsoras-especiais-e-alta-vazao-suportes-e-acessorios-para-propulsoras","8":"first","9":"instock","10":"shipping-taxable","11":"product-type-simple"},"_links":{"self":[{"href":"https:\/\/totallubri.com.br\/index.php?rest_route=\/wp\/v2\/product\/8757","targetHints":{"allow":["GET"]}}],"collection":[{"href":"https:\/\/totallubri.com.br\/index.php?rest_route=\/wp\/v2\/product"}],"about":[{"href":"https:\/\/totallubri.com.br\/index.php?rest_route=\/wp\/v2\/types\/product"}],"replies":[{"embeddable":true,"href":"https:\/\/totallubri.com.br\/index.php?rest_route=%2Fwp%2Fv2%2Fcomments&post=8757"}],"wp:featuredmedia":[{"embeddable":true,"href":"https:\/\/totallubri.com.br\/index.php?rest_route=\/wp\/v2\/media\/8755"}],"wp:attachment":[{"href":"https:\/\/totallubri.com.br\/index.php?rest_route=%2Fwp%2Fv2%2Fmedia&parent=8757"}],"wp:term":[{"taxonomy":"product_brand","embeddable":true,"href":"https:\/\/totallubri.com.br\/index.php?rest_route=%2Fwp%2Fv2%2Fproduct_brand&post=8757"},{"taxonomy":"product_cat","embeddable":true,"href":"https:\/\/totallubri.com.br\/index.php?rest_route=%2Fwp%2Fv2%2Fproduct_cat&post=8757"},{"taxonomy":"product_tag","embeddable":true,"href":"https:\/\/totallubri.com.br\/index.php?rest_route=%2Fwp%2Fv2%2Fproduct_tag&post=8757"}],"curies":[{"name":"wp","href":"https:\/\/api.w.org\/{rel}","templated":true}]}}