{"id":8795,"date":"2024-04-09T16:17:18","date_gmt":"2024-04-09T19:17:18","guid":{"rendered":"https:\/\/totallubri.com.br\/?post_type=product&#038;p=8795"},"modified":"2024-12-08T13:00:32","modified_gmt":"2024-12-08T16:00:32","slug":"9302-dg7-unidade-de-abastecimento-pneumatica","status":"publish","type":"product","link":"https:\/\/totallubri.com.br\/?product=9302-dg7-unidade-de-abastecimento-pneumatica","title":{"rendered":"9302-DG7 \u2013 UNIDADE DE ABASTECIMENTO PNEUM\u00c1TICA \u2013 LUPUS"},"content":{"rendered":"<p>Reservat\u00f3rio em polietileno e porta-palete em a\u00e7o (IBC), com propulsora pneum\u00e1tica fixada no reservat\u00f3rio por suporte em a\u00e7o, filtro regulador de ar, medidor digital, suporte para medidor e mangueira.<\/p>\n<p>&nbsp;<\/p>\n<p>Peso: 98 Kg<\/p>\n<p>Medidas: (A) 1165 mm x (L) 1000 mm x (C) 1210 mm<\/p>\n","protected":false},"excerpt":{"rendered":"<p>Reservat\u00f3rio em polietileno e porta-palete em a\u00e7o (IBC), com propulsora pneum\u00e1tica fixada no reservat\u00f3rio por suporte em a\u00e7o, filtro regulador de ar, medidor digital, suporte para medidor e mangueira. &nbsp; Peso: 98 Kg Medidas: (A) 1165 mm x (L) 1000 mm x (C) 1210 mm<\/p>\n","protected":false},"featured_media":8796,"comment_status":"open","ping_status":"closed","template":"","meta":{"_exactmetrics_skip_tracking":false,"_exactmetrics_sitenote_active":false,"_exactmetrics_sitenote_note":"","_exactmetrics_sitenote_category":0},"product_brand":[],"product_cat":[119],"product_tag":[],"class_list":{"0":"post-8795","1":"product","2":"type-product","3":"status-publish","4":"has-post-thumbnail","6":"product_cat-unidade-de-abastecimento-pneumatica","8":"first","9":"instock","10":"shipping-taxable","11":"product-type-simple"},"_links":{"self":[{"href":"https:\/\/totallubri.com.br\/index.php?rest_route=\/wp\/v2\/product\/8795","targetHints":{"allow":["GET"]}}],"collection":[{"href":"https:\/\/totallubri.com.br\/index.php?rest_route=\/wp\/v2\/product"}],"about":[{"href":"https:\/\/totallubri.com.br\/index.php?rest_route=\/wp\/v2\/types\/product"}],"replies":[{"embeddable":true,"href":"https:\/\/totallubri.com.br\/index.php?rest_route=%2Fwp%2Fv2%2Fcomments&post=8795"}],"wp:featuredmedia":[{"embeddable":true,"href":"https:\/\/totallubri.com.br\/index.php?rest_route=\/wp\/v2\/media\/8796"}],"wp:attachment":[{"href":"https:\/\/totallubri.com.br\/index.php?rest_route=%2Fwp%2Fv2%2Fmedia&parent=8795"}],"wp:term":[{"taxonomy":"product_brand","embeddable":true,"href":"https:\/\/totallubri.com.br\/index.php?rest_route=%2Fwp%2Fv2%2Fproduct_brand&post=8795"},{"taxonomy":"product_cat","embeddable":true,"href":"https:\/\/totallubri.com.br\/index.php?rest_route=%2Fwp%2Fv2%2Fproduct_cat&post=8795"},{"taxonomy":"product_tag","embeddable":true,"href":"https:\/\/totallubri.com.br\/index.php?rest_route=%2Fwp%2Fv2%2Fproduct_tag&post=8795"}],"curies":[{"name":"wp","href":"https:\/\/api.w.org\/{rel}","templated":true}]}}