{"id":8804,"date":"2024-04-09T16:28:40","date_gmt":"2024-04-09T19:28:40","guid":{"rendered":"https:\/\/totallubri.com.br\/?post_type=product&#038;p=8804"},"modified":"2025-03-16T19:22:26","modified_gmt":"2025-03-16T22:22:26","slug":"8114-c","status":"publish","type":"product","link":"https:\/\/totallubri.com.br\/?product=8114-c","title":{"rendered":"MANGOTE PARA DISPENSERS \u2013 8114-C \u2013 LUPUS"},"content":{"rendered":"<p>Utilizado para liga\u00e7\u00e3o das v\u00e1lvulas dos dispensers na propulsora.<\/p>\n<p>Obs: \u00e9 utilizado um mangote por torneira<\/p>\n<p>+ DETALHES SOBRE ESTES PRODUTOS:<\/p>\n<h2>Informa\u00e7\u00e3o adicional<\/h2>\n<table class=\"woocommerce-product-attributes shop_attributes\">\n<tbody>\n<tr class=\"woocommerce-product-attributes-item woocommerce-product-attributes-item--attribute_pa_mangueira\">\n<th class=\"woocommerce-product-attributes-item__label\">Mangueira<\/th>\n<td class=\"woocommerce-product-attributes-item__value\">\u00d8 1\/2&#8243;\/ comp. 400mm<\/td>\n<\/tr>\n<tr class=\"woocommerce-product-attributes-item woocommerce-product-attributes-item--attribute_pa_conexao\">\n<th class=\"woocommerce-product-attributes-item__label\">Conex\u00e3o<\/th>\n<td class=\"woocommerce-product-attributes-item__value\">reto 1\/2&#8243; NPT M x curvo-girat\u00f3rio 1\/2&#8243;<\/td>\n<\/tr>\n<tr class=\"woocommerce-product-attributes-item woocommerce-product-attributes-item--attribute_pa_comprimento-linear\">\n<th class=\"woocommerce-product-attributes-item__label\">Comprimento linear<\/th>\n<td class=\"woocommerce-product-attributes-item__value\">400 mm<\/td>\n<\/tr>\n<\/tbody>\n<\/table>\n<p>Peso: 4 Kg<\/p>\n<p>Medidas: (C) 400 mm x \u00d8 1\/2<\/p>\n","protected":false},"excerpt":{"rendered":"<p>Utilizado para liga\u00e7\u00e3o das v\u00e1lvulas dos dispensers na propulsora. Obs: \u00e9 utilizado um mangote por torneira + DETALHES SOBRE ESTES PRODUTOS: Informa\u00e7\u00e3o adicional Mangueira \u00d8 1\/2&#8243;\/ comp. 400mm Conex\u00e3o reto 1\/2&#8243; NPT M x curvo-girat\u00f3rio 1\/2&#8243; Comprimento linear 400 mm Peso: 4 Kg Medidas: (C) 400 mm x \u00d8 1\/2<\/p>\n","protected":false},"featured_media":8805,"comment_status":"open","ping_status":"closed","template":"","meta":{"_exactmetrics_skip_tracking":false,"_exactmetrics_sitenote_active":false,"_exactmetrics_sitenote_note":"","_exactmetrics_sitenote_category":0},"product_brand":[],"product_cat":[113],"product_tag":[],"class_list":{"0":"post-8804","1":"product","2":"type-product","3":"status-publish","4":"has-post-thumbnail","6":"product_cat-reservatorio-ibc-e-sistema-de-armazenamento","8":"first","9":"instock","10":"shipping-taxable","11":"product-type-simple"},"_links":{"self":[{"href":"https:\/\/totallubri.com.br\/index.php?rest_route=\/wp\/v2\/product\/8804","targetHints":{"allow":["GET"]}}],"collection":[{"href":"https:\/\/totallubri.com.br\/index.php?rest_route=\/wp\/v2\/product"}],"about":[{"href":"https:\/\/totallubri.com.br\/index.php?rest_route=\/wp\/v2\/types\/product"}],"replies":[{"embeddable":true,"href":"https:\/\/totallubri.com.br\/index.php?rest_route=%2Fwp%2Fv2%2Fcomments&post=8804"}],"wp:featuredmedia":[{"embeddable":true,"href":"https:\/\/totallubri.com.br\/index.php?rest_route=\/wp\/v2\/media\/8805"}],"wp:attachment":[{"href":"https:\/\/totallubri.com.br\/index.php?rest_route=%2Fwp%2Fv2%2Fmedia&parent=8804"}],"wp:term":[{"taxonomy":"product_brand","embeddable":true,"href":"https:\/\/totallubri.com.br\/index.php?rest_route=%2Fwp%2Fv2%2Fproduct_brand&post=8804"},{"taxonomy":"product_cat","embeddable":true,"href":"https:\/\/totallubri.com.br\/index.php?rest_route=%2Fwp%2Fv2%2Fproduct_cat&post=8804"},{"taxonomy":"product_tag","embeddable":true,"href":"https:\/\/totallubri.com.br\/index.php?rest_route=%2Fwp%2Fv2%2Fproduct_tag&post=8804"}],"curies":[{"name":"wp","href":"https:\/\/api.w.org\/{rel}","templated":true}]}}