{"id":8816,"date":"2024-04-10T15:51:58","date_gmt":"2024-04-10T18:51:58","guid":{"rendered":"https:\/\/totallubri.com.br\/?post_type=product&#038;p=8816"},"modified":"2024-11-25T11:17:20","modified_gmt":"2024-11-25T14:17:20","slug":"3089-carretel-manual","status":"publish","type":"product","link":"https:\/\/totallubri.com.br\/?product=3089-carretel-manual","title":{"rendered":"3089 \u2013 CARRETEL MANUAL \u2013 LUPUS"},"content":{"rendered":"<p>Em a\u00e7o, com base simples e retra\u00e7\u00e3o manual.<br \/>\nMangueira n\u00e3o acompanha equipamento.<\/p>\n<p>Peso: 13 kg<br \/>\nMedidas: (C) 470 mm x (L) 345 mm x (A) 500 mm<\/p>\n","protected":false},"excerpt":{"rendered":"<p>Em a\u00e7o, com base simples e retra\u00e7\u00e3o manual. Mangueira n\u00e3o acompanha equipamento. Peso: 13 kg Medidas: (C) 470 mm x (L) 345 mm x (A) 500 mm<\/p>\n","protected":false},"featured_media":8818,"comment_status":"open","ping_status":"closed","template":"","meta":{"_exactmetrics_skip_tracking":false,"_exactmetrics_sitenote_active":false,"_exactmetrics_sitenote_note":"","_exactmetrics_sitenote_category":0},"product_brand":[],"product_cat":[100],"product_tag":[],"class_list":{"0":"post-8816","1":"product","2":"type-product","3":"status-publish","4":"has-post-thumbnail","6":"product_cat-carretel-retratil","8":"first","9":"instock","10":"shipping-taxable","11":"product-type-simple"},"_links":{"self":[{"href":"https:\/\/totallubri.com.br\/index.php?rest_route=\/wp\/v2\/product\/8816","targetHints":{"allow":["GET"]}}],"collection":[{"href":"https:\/\/totallubri.com.br\/index.php?rest_route=\/wp\/v2\/product"}],"about":[{"href":"https:\/\/totallubri.com.br\/index.php?rest_route=\/wp\/v2\/types\/product"}],"replies":[{"embeddable":true,"href":"https:\/\/totallubri.com.br\/index.php?rest_route=%2Fwp%2Fv2%2Fcomments&post=8816"}],"wp:featuredmedia":[{"embeddable":true,"href":"https:\/\/totallubri.com.br\/index.php?rest_route=\/wp\/v2\/media\/8818"}],"wp:attachment":[{"href":"https:\/\/totallubri.com.br\/index.php?rest_route=%2Fwp%2Fv2%2Fmedia&parent=8816"}],"wp:term":[{"taxonomy":"product_brand","embeddable":true,"href":"https:\/\/totallubri.com.br\/index.php?rest_route=%2Fwp%2Fv2%2Fproduct_brand&post=8816"},{"taxonomy":"product_cat","embeddable":true,"href":"https:\/\/totallubri.com.br\/index.php?rest_route=%2Fwp%2Fv2%2Fproduct_cat&post=8816"},{"taxonomy":"product_tag","embeddable":true,"href":"https:\/\/totallubri.com.br\/index.php?rest_route=%2Fwp%2Fv2%2Fproduct_tag&post=8816"}],"curies":[{"name":"wp","href":"https:\/\/api.w.org\/{rel}","templated":true}]}}