{"id":8823,"date":"2024-04-10T16:10:59","date_gmt":"2024-04-10T19:10:59","guid":{"rendered":"https:\/\/totallubri.com.br\/?post_type=product&#038;p=8823"},"modified":"2024-11-22T17:31:25","modified_gmt":"2024-11-22T20:31:25","slug":"3017-carretel-automatico-blindado-com-mangueira-para-ar-comprimido","status":"publish","type":"product","link":"https:\/\/totallubri.com.br\/?product=3017-carretel-automatico-blindado-com-mangueira-para-ar-comprimido","title":{"rendered":"3017 \u2013 CARRETEL AUTOMATICO BLINDADO COM MANGUEIRA PARA AR COMPRIMIDO-LUPUS"},"content":{"rendered":"<p>Em polipropileno, com base simples e retra\u00e7\u00e3o autom\u00e1tica. Montado com mangueira, indicado para ar comprimido.<\/p>\n<p>&nbsp;<\/p>\n<p>Peso: 4,2 Kg<\/p>\n<p>Medidas: (A) 290 mm x (L) 140 mm x (C) 390 mm<\/p>\n","protected":false},"excerpt":{"rendered":"<p>Em polipropileno, com base simples e retra\u00e7\u00e3o autom\u00e1tica. Montado com mangueira, indicado para ar comprimido. &nbsp; Peso: 4,2 Kg Medidas: (A) 290 mm x (L) 140 mm x (C) 390 mm<\/p>\n","protected":false},"featured_media":0,"comment_status":"open","ping_status":"closed","template":"","meta":{"_exactmetrics_skip_tracking":false,"_exactmetrics_sitenote_active":false,"_exactmetrics_sitenote_note":"","_exactmetrics_sitenote_category":0},"product_brand":[],"product_cat":[100],"product_tag":[],"class_list":{"0":"post-8823","1":"product","2":"type-product","3":"status-publish","5":"product_cat-carretel-retratil","7":"first","8":"instock","9":"shipping-taxable","10":"product-type-simple"},"_links":{"self":[{"href":"https:\/\/totallubri.com.br\/index.php?rest_route=\/wp\/v2\/product\/8823","targetHints":{"allow":["GET"]}}],"collection":[{"href":"https:\/\/totallubri.com.br\/index.php?rest_route=\/wp\/v2\/product"}],"about":[{"href":"https:\/\/totallubri.com.br\/index.php?rest_route=\/wp\/v2\/types\/product"}],"replies":[{"embeddable":true,"href":"https:\/\/totallubri.com.br\/index.php?rest_route=%2Fwp%2Fv2%2Fcomments&post=8823"}],"wp:attachment":[{"href":"https:\/\/totallubri.com.br\/index.php?rest_route=%2Fwp%2Fv2%2Fmedia&parent=8823"}],"wp:term":[{"taxonomy":"product_brand","embeddable":true,"href":"https:\/\/totallubri.com.br\/index.php?rest_route=%2Fwp%2Fv2%2Fproduct_brand&post=8823"},{"taxonomy":"product_cat","embeddable":true,"href":"https:\/\/totallubri.com.br\/index.php?rest_route=%2Fwp%2Fv2%2Fproduct_cat&post=8823"},{"taxonomy":"product_tag","embeddable":true,"href":"https:\/\/totallubri.com.br\/index.php?rest_route=%2Fwp%2Fv2%2Fproduct_tag&post=8823"}],"curies":[{"name":"wp","href":"https:\/\/api.w.org\/{rel}","templated":true}]}}