{"id":8827,"date":"2024-04-10T16:19:57","date_gmt":"2024-04-10T19:19:57","guid":{"rendered":"https:\/\/totallubri.com.br\/?post_type=product&#038;p=8827"},"modified":"2025-01-17T13:04:34","modified_gmt":"2025-01-17T16:04:34","slug":"3011-carretel-automatico-com-mangueira","status":"publish","type":"product","link":"https:\/\/totallubri.com.br\/?product=3011-carretel-automatico-com-mangueira","title":{"rendered":"3011 \u2013 CARRETEL AUTOM\u00c1TICO COM MANGUEIRA-LUPUS"},"content":{"rendered":"<p>Em polipropileno, com base simples e retra\u00e7\u00e3o autom\u00e1tica. Montado com mangueira, indicado para ar comprimido.<\/p>\n<p>Peso: 16 kg<br \/>\nMedidas: (C) 520 mm x (L) 230 mm x (A) 520 mm<\/p>\n","protected":false},"excerpt":{"rendered":"<p>Em polipropileno, com base simples e retra\u00e7\u00e3o autom\u00e1tica. Montado com mangueira, indicado para ar comprimido. Peso: 16 kg Medidas: (C) 520 mm x (L) 230 mm x (A) 520 mm<\/p>\n","protected":false},"featured_media":8828,"comment_status":"open","ping_status":"closed","template":"","meta":{"_exactmetrics_skip_tracking":false,"_exactmetrics_sitenote_active":false,"_exactmetrics_sitenote_note":"","_exactmetrics_sitenote_category":0},"product_brand":[],"product_cat":[100],"product_tag":[],"class_list":{"0":"post-8827","1":"product","2":"type-product","3":"status-publish","4":"has-post-thumbnail","6":"product_cat-carretel-retratil","8":"first","9":"instock","10":"shipping-taxable","11":"product-type-simple"},"_links":{"self":[{"href":"https:\/\/totallubri.com.br\/index.php?rest_route=\/wp\/v2\/product\/8827","targetHints":{"allow":["GET"]}}],"collection":[{"href":"https:\/\/totallubri.com.br\/index.php?rest_route=\/wp\/v2\/product"}],"about":[{"href":"https:\/\/totallubri.com.br\/index.php?rest_route=\/wp\/v2\/types\/product"}],"replies":[{"embeddable":true,"href":"https:\/\/totallubri.com.br\/index.php?rest_route=%2Fwp%2Fv2%2Fcomments&post=8827"}],"wp:featuredmedia":[{"embeddable":true,"href":"https:\/\/totallubri.com.br\/index.php?rest_route=\/wp\/v2\/media\/8828"}],"wp:attachment":[{"href":"https:\/\/totallubri.com.br\/index.php?rest_route=%2Fwp%2Fv2%2Fmedia&parent=8827"}],"wp:term":[{"taxonomy":"product_brand","embeddable":true,"href":"https:\/\/totallubri.com.br\/index.php?rest_route=%2Fwp%2Fv2%2Fproduct_brand&post=8827"},{"taxonomy":"product_cat","embeddable":true,"href":"https:\/\/totallubri.com.br\/index.php?rest_route=%2Fwp%2Fv2%2Fproduct_cat&post=8827"},{"taxonomy":"product_tag","embeddable":true,"href":"https:\/\/totallubri.com.br\/index.php?rest_route=%2Fwp%2Fv2%2Fproduct_tag&post=8827"}],"curies":[{"name":"wp","href":"https:\/\/api.w.org\/{rel}","templated":true}]}}