{"id":8830,"date":"2024-04-10T16:23:41","date_gmt":"2024-04-10T19:23:41","guid":{"rendered":"https:\/\/totallubri.com.br\/?post_type=product&#038;p=8830"},"modified":"2024-11-22T17:14:36","modified_gmt":"2024-11-22T20:14:36","slug":"3012-unidade-combinada-de-carreteis","status":"publish","type":"product","link":"https:\/\/totallubri.com.br\/?product=3012-unidade-combinada-de-carreteis","title":{"rendered":"3012 \u2013 UNIDADE COMBINADA DE CARRETEIS-LUPUS"},"content":{"rendered":"<p>Em a\u00e7o e polipropileno, retra\u00e7\u00e3o autom\u00e1tica por mola e LED no painel frontal, possui 02 carreteis, sendo um para ar comprimido e um para \u00e1gua. Com cabo de alimenta\u00e7\u00e3o do LED.<\/p>\n<p>&nbsp;<\/p>\n<p>Peso: 17,5 Kg<\/p>\n<p>Medidas: (A) 370 mm x (L) 360 mm x (C) 430 mm<\/p>\n","protected":false},"excerpt":{"rendered":"<p>Em a\u00e7o e polipropileno, retra\u00e7\u00e3o autom\u00e1tica por mola e LED no painel frontal, possui 02 carreteis, sendo um para ar comprimido e um para \u00e1gua. Com cabo de alimenta\u00e7\u00e3o do LED. &nbsp; Peso: 17,5 Kg Medidas: (A) 370 mm x (L) 360 mm x (C) 430 mm<\/p>\n","protected":false},"featured_media":0,"comment_status":"open","ping_status":"closed","template":"","meta":{"_exactmetrics_skip_tracking":false,"_exactmetrics_sitenote_active":false,"_exactmetrics_sitenote_note":"","_exactmetrics_sitenote_category":0},"product_brand":[],"product_cat":[100],"product_tag":[],"class_list":{"0":"post-8830","1":"product","2":"type-product","3":"status-publish","5":"product_cat-carretel-retratil","7":"first","8":"instock","9":"shipping-taxable","10":"product-type-simple"},"_links":{"self":[{"href":"https:\/\/totallubri.com.br\/index.php?rest_route=\/wp\/v2\/product\/8830","targetHints":{"allow":["GET"]}}],"collection":[{"href":"https:\/\/totallubri.com.br\/index.php?rest_route=\/wp\/v2\/product"}],"about":[{"href":"https:\/\/totallubri.com.br\/index.php?rest_route=\/wp\/v2\/types\/product"}],"replies":[{"embeddable":true,"href":"https:\/\/totallubri.com.br\/index.php?rest_route=%2Fwp%2Fv2%2Fcomments&post=8830"}],"wp:attachment":[{"href":"https:\/\/totallubri.com.br\/index.php?rest_route=%2Fwp%2Fv2%2Fmedia&parent=8830"}],"wp:term":[{"taxonomy":"product_brand","embeddable":true,"href":"https:\/\/totallubri.com.br\/index.php?rest_route=%2Fwp%2Fv2%2Fproduct_brand&post=8830"},{"taxonomy":"product_cat","embeddable":true,"href":"https:\/\/totallubri.com.br\/index.php?rest_route=%2Fwp%2Fv2%2Fproduct_cat&post=8830"},{"taxonomy":"product_tag","embeddable":true,"href":"https:\/\/totallubri.com.br\/index.php?rest_route=%2Fwp%2Fv2%2Fproduct_tag&post=8830"}],"curies":[{"name":"wp","href":"https:\/\/api.w.org\/{rel}","templated":true}]}}