{"id":8841,"date":"2024-04-10T17:19:00","date_gmt":"2024-04-10T20:19:00","guid":{"rendered":"https:\/\/totallubri.com.br\/?post_type=product&#038;p=8841"},"modified":"2024-11-22T12:50:26","modified_gmt":"2024-11-22T15:50:26","slug":"3004-pr-carretel-automatico-blindado","status":"publish","type":"product","link":"https:\/\/totallubri.com.br\/?product=3004-pr-carretel-automatico-blindado","title":{"rendered":"3004-PR \u2013 CARRETEL AUTOMATICO BLINDADO-LUPUS"},"content":{"rendered":"<p>Em a\u00e7o, com base simples, blindado e retra\u00e7\u00e3o autom\u00e1tica, rolamento blindado.<\/p>\n<p>mangote n\u00e3o acompanha produto.<\/p>\n<p>OBS: Sem mangueira<\/p>\n<p>&nbsp;<\/p>\n<p>Peso: 21,55 kg<\/p>\n<p>Medidas: (A) 520\u00a0mm x (C) 510 mm<\/p>\n","protected":false},"excerpt":{"rendered":"<p>Em a\u00e7o, com base simples, blindado e retra\u00e7\u00e3o autom\u00e1tica, rolamento blindado. mangote n\u00e3o acompanha produto. OBS: Sem mangueira &nbsp; Peso: 21,55 kg Medidas: (A) 520\u00a0mm x (C) 510 mm<\/p>\n","protected":false},"featured_media":8836,"comment_status":"open","ping_status":"closed","template":"","meta":{"_exactmetrics_skip_tracking":false,"_exactmetrics_sitenote_active":false,"_exactmetrics_sitenote_note":"","_exactmetrics_sitenote_category":0},"product_brand":[],"product_cat":[100],"product_tag":[],"class_list":{"0":"post-8841","1":"product","2":"type-product","3":"status-publish","4":"has-post-thumbnail","6":"product_cat-carretel-retratil","8":"first","9":"instock","10":"shipping-taxable","11":"product-type-simple"},"_links":{"self":[{"href":"https:\/\/totallubri.com.br\/index.php?rest_route=\/wp\/v2\/product\/8841","targetHints":{"allow":["GET"]}}],"collection":[{"href":"https:\/\/totallubri.com.br\/index.php?rest_route=\/wp\/v2\/product"}],"about":[{"href":"https:\/\/totallubri.com.br\/index.php?rest_route=\/wp\/v2\/types\/product"}],"replies":[{"embeddable":true,"href":"https:\/\/totallubri.com.br\/index.php?rest_route=%2Fwp%2Fv2%2Fcomments&post=8841"}],"wp:featuredmedia":[{"embeddable":true,"href":"https:\/\/totallubri.com.br\/index.php?rest_route=\/wp\/v2\/media\/8836"}],"wp:attachment":[{"href":"https:\/\/totallubri.com.br\/index.php?rest_route=%2Fwp%2Fv2%2Fmedia&parent=8841"}],"wp:term":[{"taxonomy":"product_brand","embeddable":true,"href":"https:\/\/totallubri.com.br\/index.php?rest_route=%2Fwp%2Fv2%2Fproduct_brand&post=8841"},{"taxonomy":"product_cat","embeddable":true,"href":"https:\/\/totallubri.com.br\/index.php?rest_route=%2Fwp%2Fv2%2Fproduct_cat&post=8841"},{"taxonomy":"product_tag","embeddable":true,"href":"https:\/\/totallubri.com.br\/index.php?rest_route=%2Fwp%2Fv2%2Fproduct_tag&post=8841"}],"curies":[{"name":"wp","href":"https:\/\/api.w.org\/{rel}","templated":true}]}}