{"id":8867,"date":"2024-04-11T13:55:59","date_gmt":"2024-04-11T16:55:59","guid":{"rendered":"https:\/\/totallubri.com.br\/?post_type=product&#038;p=8867"},"modified":"2024-11-25T12:37:06","modified_gmt":"2024-11-25T15:37:06","slug":"3004-aza12","status":"publish","type":"product","link":"https:\/\/totallubri.com.br\/?product=3004-aza12","title":{"rendered":"CARRETEL AUTOMATICO BLINDADO \u2013 3004-VRA12 -LUPUS"},"content":{"rendered":"<p>Em a\u00e7o, com base simples e retra\u00e7\u00e3o autom\u00e1tica, rolamento blindado.<\/p>\n<p>Montado com mangueira.<\/p>\n<p>OBS: Mangote n\u00e3o acompanha o produto.<\/p>\n<p>&nbsp;<\/p>\n<p>Peso: 29,4 kg<\/p>\n<p>Medidas: (A) 510 mm x (L) 195 mm x (C) 510 mm<\/p>\n","protected":false},"excerpt":{"rendered":"<p>Em a\u00e7o, com base simples e retra\u00e7\u00e3o autom\u00e1tica, rolamento blindado. Montado com mangueira. OBS: Mangote n\u00e3o acompanha o produto. &nbsp; Peso: 29,4 kg Medidas: (A) 510 mm x (L) 195 mm x (C) 510 mm<\/p>\n","protected":false},"featured_media":8865,"comment_status":"open","ping_status":"closed","template":"","meta":{"_exactmetrics_skip_tracking":false,"_exactmetrics_sitenote_active":false,"_exactmetrics_sitenote_note":"","_exactmetrics_sitenote_category":0},"product_brand":[],"product_cat":[100],"product_tag":[],"class_list":{"0":"post-8867","1":"product","2":"type-product","3":"status-publish","4":"has-post-thumbnail","6":"product_cat-carretel-retratil","8":"first","9":"instock","10":"shipping-taxable","11":"product-type-simple"},"_links":{"self":[{"href":"https:\/\/totallubri.com.br\/index.php?rest_route=\/wp\/v2\/product\/8867","targetHints":{"allow":["GET"]}}],"collection":[{"href":"https:\/\/totallubri.com.br\/index.php?rest_route=\/wp\/v2\/product"}],"about":[{"href":"https:\/\/totallubri.com.br\/index.php?rest_route=\/wp\/v2\/types\/product"}],"replies":[{"embeddable":true,"href":"https:\/\/totallubri.com.br\/index.php?rest_route=%2Fwp%2Fv2%2Fcomments&post=8867"}],"wp:featuredmedia":[{"embeddable":true,"href":"https:\/\/totallubri.com.br\/index.php?rest_route=\/wp\/v2\/media\/8865"}],"wp:attachment":[{"href":"https:\/\/totallubri.com.br\/index.php?rest_route=%2Fwp%2Fv2%2Fmedia&parent=8867"}],"wp:term":[{"taxonomy":"product_brand","embeddable":true,"href":"https:\/\/totallubri.com.br\/index.php?rest_route=%2Fwp%2Fv2%2Fproduct_brand&post=8867"},{"taxonomy":"product_cat","embeddable":true,"href":"https:\/\/totallubri.com.br\/index.php?rest_route=%2Fwp%2Fv2%2Fproduct_cat&post=8867"},{"taxonomy":"product_tag","embeddable":true,"href":"https:\/\/totallubri.com.br\/index.php?rest_route=%2Fwp%2Fv2%2Fproduct_tag&post=8867"}],"curies":[{"name":"wp","href":"https:\/\/api.w.org\/{rel}","templated":true}]}}