{"id":8870,"date":"2024-04-11T14:02:09","date_gmt":"2024-04-11T17:02:09","guid":{"rendered":"https:\/\/totallubri.com.br\/?post_type=product&#038;p=8870"},"modified":"2024-11-22T17:46:26","modified_gmt":"2024-11-22T20:46:26","slug":"3023s-ar-carretel-automatico","status":"publish","type":"product","link":"https:\/\/totallubri.com.br\/?product=3023s-ar-carretel-automatico","title":{"rendered":"3023S-AR \u2013 CARRETEL AUTOMATICO-LUPUS"},"content":{"rendered":"<p>Em alum\u00ednio, inox e ABS, com base simples e retra\u00e7\u00e3o autom\u00e1tica com rolamentos.<\/p>\n<p>OBS: Carretel sem mangueira<\/p>\n<p>&nbsp;<\/p>\n<p>Peso: 13 Kg<\/p>\n<p>Medidas: (A) 500 mm x (L) 450 mm<\/p>\n","protected":false},"excerpt":{"rendered":"<p>Em alum\u00ednio, inox e ABS, com base simples e retra\u00e7\u00e3o autom\u00e1tica com rolamentos. OBS: Carretel sem mangueira &nbsp; Peso: 13 Kg Medidas: (A) 500 mm x (L) 450 mm<\/p>\n","protected":false},"featured_media":8871,"comment_status":"open","ping_status":"closed","template":"","meta":{"_exactmetrics_skip_tracking":false,"_exactmetrics_sitenote_active":false,"_exactmetrics_sitenote_note":"","_exactmetrics_sitenote_category":0},"product_brand":[],"product_cat":[100],"product_tag":[],"class_list":{"0":"post-8870","1":"product","2":"type-product","3":"status-publish","4":"has-post-thumbnail","6":"product_cat-carretel-retratil","8":"first","9":"instock","10":"shipping-taxable","11":"product-type-simple"},"_links":{"self":[{"href":"https:\/\/totallubri.com.br\/index.php?rest_route=\/wp\/v2\/product\/8870","targetHints":{"allow":["GET"]}}],"collection":[{"href":"https:\/\/totallubri.com.br\/index.php?rest_route=\/wp\/v2\/product"}],"about":[{"href":"https:\/\/totallubri.com.br\/index.php?rest_route=\/wp\/v2\/types\/product"}],"replies":[{"embeddable":true,"href":"https:\/\/totallubri.com.br\/index.php?rest_route=%2Fwp%2Fv2%2Fcomments&post=8870"}],"wp:featuredmedia":[{"embeddable":true,"href":"https:\/\/totallubri.com.br\/index.php?rest_route=\/wp\/v2\/media\/8871"}],"wp:attachment":[{"href":"https:\/\/totallubri.com.br\/index.php?rest_route=%2Fwp%2Fv2%2Fmedia&parent=8870"}],"wp:term":[{"taxonomy":"product_brand","embeddable":true,"href":"https:\/\/totallubri.com.br\/index.php?rest_route=%2Fwp%2Fv2%2Fproduct_brand&post=8870"},{"taxonomy":"product_cat","embeddable":true,"href":"https:\/\/totallubri.com.br\/index.php?rest_route=%2Fwp%2Fv2%2Fproduct_cat&post=8870"},{"taxonomy":"product_tag","embeddable":true,"href":"https:\/\/totallubri.com.br\/index.php?rest_route=%2Fwp%2Fv2%2Fproduct_tag&post=8870"}],"curies":[{"name":"wp","href":"https:\/\/api.w.org\/{rel}","templated":true}]}}